{"id":783987,"date":"2026-02-26T23:50:28","date_gmt":"2026-02-26T20:50:28","guid":{"rendered":"https:\/\/roveyayinevi.com.tr\/index.php\/urun\/mucize-nedir-ne-degildir\/"},"modified":"2026-04-15T03:46:51","modified_gmt":"2026-04-15T00:46:51","slug":"mucize-nedir-ne-degildir","status":"publish","type":"product","link":"https:\/\/roveyayinevi.com.tr\/index.php\/urun\/mucize-nedir-ne-degildir\/","title":{"rendered":"Mucize Nedir Ne De\u011fildir?"},"content":{"rendered":"<p>Mucize meselesi, \u0130slam gelene\u011finde vahiy ve n\u00fcb\u00fcvvetle ba\u011flant\u0131l\u0131 olarak \u00f6nemli bir kavramsal i\u00e7eri\u011fe sahiptir. Kur&#8217;an metninde de bir\u00e7ok kez mucizeden s\u00f6z edilir. Daha a\u00e7\u0131k\u00e7as\u0131, Mekke d\u00f6neminde nazil olan muhtelif surelerde mucize meselesine \u00f6zellikle de\u011finilir; fakat bu de\u011finiler, Kurey\u015f&#8217;in \u00f6nde gelen m\u00fc\u015frik grubunun Hz. Peygamber&#8217;den tabiat yasalar\u0131n\u0131 k\u0131racak nitelikte birtak\u0131m harikulade olaylar ger\u00e7ekle\u015ftirmesini istemesiyle ilgilidir. Ba\u015fka bir ifadeyle, Kur&#8217;an mucize konusuna, m\u00fc\u015friklerin bu konuya dair \u0131srarl\u0131 talepleri ba\u011flam\u0131nda yer verir. Konuyla ilgili ayetler topluca de\u011ferlendirildi\u011finde, Kur&#8217;an&#8217;\u0131n tabiat yasalar\u0131n\u0131 k\u0131r\u0131c\u0131 mahiyette mucizelerle Hz. Peygamber&#8217;i desteklemek gibi bir hedef g\u00f6zetmedi\u011fi, hatta &#8220;Bizi mucizeler g\u00f6ndermekten al\u0131koyan sebep, \u00f6nceki halklar\u0131n mucizeleri yalanlam\u0131\u015f olmas\u0131ndan ba\u015fka bir \u015fey de\u011fildir.&#8221; mealindeki \u0130sr\u00e2 17\/59. ayetin de tan\u0131kl\u0131k etti\u011fi \u00fczere m\u00fc\u015frikler taraf\u0131ndan \u0131srarla yinelenen mucize taleplerinin a\u00e7\u0131k\u00e7a reddedildi\u011fi kolayl\u0131kla anla\u015f\u0131labilir. &#8220;Nedir Ne De\u011fildir?&#8221; projesi \u00e7er\u00e7evesinde telif edilen 10 kitaptan olu\u015fan bu seride, g\u00fcn\u00fcm\u00fczde s\u0131k s\u0131k tart\u0131\u015f\u0131lan konular \u00fczerinden ilm\u00ee disiplinlerin birbirleriyle ili\u015fkileri, ayr\u0131ld\u0131klar\u0131 noktalar ve y\u00f6ntem farkl\u0131l\u0131klar\u0131n\u0131 g\u00f6stermeye \u00e7al\u0131\u015ft\u0131k. Ayn\u0131 konuda, tefsir, hadis ve kelam olmak \u00fczere \u00fc\u00e7\u00fc sabit, biri ise ele al\u0131nan konuya g\u00f6re de\u011fi\u015fken olmak \u00fczere d\u00f6rt ilim dal\u0131ndan d\u00f6rt uzman\u0131n konuyu ele almalar\u0131n\u0131, ortaya koymalar\u0131n\u0131 istedik.Bizi bu projeyi ger\u00e7ekle\u015ftirmeye te\u015fvik eden etkenlerden biri, son d\u00f6nemlerde din\u00ee konularda yap\u0131lan tart\u0131\u015fmalar\u0131n d\u00fczeyinin olduk\u00e7a d\u00fc\u015fm\u00fc\u015f oldu\u011funu g\u00f6zlemlememizdir. Nitekim din\u00ee tart\u0131\u015fmalara yetkin olan ya da olmayan herkes kat\u0131labilmekte, hatta \u00e7o\u011fu zaman konu\u015fmas\u0131 gerekenlere s\u00f6z verilmemektedir. Bu proje ile bilim insanlar\u0131n\u0131n, g\u00f6r\u00fc\u015flerini polemik ortam\u0131 olmadan s\u00fck\u00fbnetle anlatmalar\u0131na zemin olu\u015fturmaya \u00e7al\u0131\u015ft\u0131k.Proje, M\u00fcsl\u00fcman bilim insanlar\u0131n\u0131n, birbirlerini d\u0131\u015flamadan, \u00f6tekile\u015ftirmeden ve tekfir etmeden g\u00f6r\u00fc\u015flerini ortaya koyabilmelerinin imk\u00e2ns\u0131z olmad\u0131\u011f\u0131n\u0131 bir kez daha g\u00f6stermi\u015ftir. Okuyucu, bilim insanlar\u0131n\u0131n birikim ve yakla\u015f\u0131mlar\u0131na dayanan g\u00f6r\u00fc\u015flerden diledi\u011fini se\u00e7mekte \u00f6zg\u00fcrd\u00fcr. Dilerse farkl\u0131 g\u00f6r\u00fc\u015flerin kendince kabul edilebilir taraflar\u0131n\u0131 alarak ba\u015fka bir sentezle yeni bir yol da a\u00e7abilir.<\/p>\n","protected":false},"excerpt":{"rendered":"<p>Mucize meselesi, \u0130slam gelene\u011finde vahiy ve n\u00fcb\u00fcvvetle ba\u011flant\u0131l\u0131 olarak \u00f6nemli bir kavramsal i\u00e7eri\u011fe sahiptir. Kur&#8217;an metninde de bir\u00e7ok kez mucizeden s\u00f6z edilir. Daha a\u00e7\u0131k\u00e7as\u0131, Mekke d\u00f6neminde<span class=\"excerpt-hellip\"> [\u2026]<\/span><\/p>\n","protected":false},"featured_media":0,"template":"","meta":{"_monsterinsights_skip_tracking":false,"_monsterinsights_sitenote_active":false,"_monsterinsights_sitenote_note":"","_monsterinsights_sitenote_category":0},"product_brand":[],"product_cat":[16789,12718,12719],"product_tag":[],"class_list":{"0":"post-783987","1":"product","2":"type-product","3":"status-publish","5":"product_cat-diger-islam","6":"product_cat-din","7":"product_cat-islam","8":"pa_cilt-ciltsiz","9":"pa_tur-kitap","10":"pa_yayinevi-fecr-yayinlari","11":"pa_yazar-fatih-topaloglu","12":"pa_yazar-yasar-duzenli","14":"first","15":"instock","16":"sale","17":"shipping-taxable","18":"purchasable","19":"product-type-simple"},"_links":{"self":[{"href":"https:\/\/roveyayinevi.com.tr\/index.php\/wp-json\/wp\/v2\/product\/783987","targetHints":{"allow":["GET"]}}],"collection":[{"href":"https:\/\/roveyayinevi.com.tr\/index.php\/wp-json\/wp\/v2\/product"}],"about":[{"href":"https:\/\/roveyayinevi.com.tr\/index.php\/wp-json\/wp\/v2\/types\/product"}],"wp:attachment":[{"href":"https:\/\/roveyayinevi.com.tr\/index.php\/wp-json\/wp\/v2\/media?parent=783987"}],"wp:term":[{"taxonomy":"product_brand","embeddable":true,"href":"https:\/\/roveyayinevi.com.tr\/index.php\/wp-json\/wp\/v2\/product_brand?post=783987"},{"taxonomy":"product_cat","embeddable":true,"href":"https:\/\/roveyayinevi.com.tr\/index.php\/wp-json\/wp\/v2\/product_cat?post=783987"},{"taxonomy":"product_tag","embeddable":true,"href":"https:\/\/roveyayinevi.com.tr\/index.php\/wp-json\/wp\/v2\/product_tag?post=783987"}],"curies":[{"name":"wp","href":"https:\/\/api.w.org\/{rel}","templated":true}]}}