{"id":783986,"date":"2026-02-26T23:50:25","date_gmt":"2026-02-26T20:50:25","guid":{"rendered":"https:\/\/roveyayinevi.com.tr\/index.php\/urun\/fikhul-ekber\/"},"modified":"2026-04-15T03:46:51","modified_gmt":"2026-04-15T00:46:51","slug":"fikhul-ekber","status":"publish","type":"product","link":"https:\/\/roveyayinevi.com.tr\/index.php\/urun\/fikhul-ekber\/","title":{"rendered":"F\u0131khu&#8217;l-Ekber"},"content":{"rendered":"<p>Ehl-i S\u00fcnnet itik\u00e2d\u0131n\u0131n temel metni olan \u0130m\u00e2m-\u0131 A?zam&#8217;\u0131n F\u0131khu&#8217;l-Ekber adl\u0131 eseri \u0130sl\u00e2m&#8217;\u0131n temel inan\u00e7 esaslar\u0131n\u0131 k\u0131sa ve \u00f6z bir \u015fekilde anlat\u0131r. Ehl-i s\u00fcnnet ve&#8217;l-cema\u00e2t mezhebinin temel akidesini yans\u0131tan ilk eser olma \u00f6zelli\u011fini ta\u015f\u0131yan bu metin, di\u011fer b\u00fct\u00fcn hak mezheblerin de \u00fczerinde ittifak sa\u011flad\u0131\u011f\u0131 bir kaynakt\u0131r. Ayr\u0131ca bu kitapda, F\u0131khu&#8217;l-Ekber&#8217;in Arap\u00e7a asl\u0131n\u0131, terc\u00fcmesini ve de \u015ferhini g\u00f6receksiniz.<\/p>\n","protected":false},"excerpt":{"rendered":"<p>Ehl-i S\u00fcnnet itik\u00e2d\u0131n\u0131n temel metni olan \u0130m\u00e2m-\u0131 A?zam&#8217;\u0131n F\u0131khu&#8217;l-Ekber adl\u0131 eseri \u0130sl\u00e2m&#8217;\u0131n temel inan\u00e7 esaslar\u0131n\u0131 k\u0131sa ve \u00f6z bir \u015fekilde anlat\u0131r. Ehl-i s\u00fcnnet ve&#8217;l-cema\u00e2t mezhebinin temel<span class=\"excerpt-hellip\"> [\u2026]<\/span><\/p>\n","protected":false},"featured_media":0,"template":"","meta":{"_monsterinsights_skip_tracking":false,"_monsterinsights_sitenote_active":false,"_monsterinsights_sitenote_note":"","_monsterinsights_sitenote_category":0},"product_brand":[],"product_cat":[12718,12719],"product_tag":[],"class_list":{"0":"post-783986","1":"product","2":"type-product","3":"status-publish","5":"product_cat-din","6":"product_cat-islam","7":"pa_cilt-ciltsiz","8":"pa_tur-kitap","9":"pa_yayinevi-samil-yayinevi","10":"pa_yazar-imam-i-azam-ebu-hanife","12":"first","13":"instock","14":"sale","15":"shipping-taxable","16":"purchasable","17":"product-type-simple"},"_links":{"self":[{"href":"https:\/\/roveyayinevi.com.tr\/index.php\/wp-json\/wp\/v2\/product\/783986","targetHints":{"allow":["GET"]}}],"collection":[{"href":"https:\/\/roveyayinevi.com.tr\/index.php\/wp-json\/wp\/v2\/product"}],"about":[{"href":"https:\/\/roveyayinevi.com.tr\/index.php\/wp-json\/wp\/v2\/types\/product"}],"wp:attachment":[{"href":"https:\/\/roveyayinevi.com.tr\/index.php\/wp-json\/wp\/v2\/media?parent=783986"}],"wp:term":[{"taxonomy":"product_brand","embeddable":true,"href":"https:\/\/roveyayinevi.com.tr\/index.php\/wp-json\/wp\/v2\/product_brand?post=783986"},{"taxonomy":"product_cat","embeddable":true,"href":"https:\/\/roveyayinevi.com.tr\/index.php\/wp-json\/wp\/v2\/product_cat?post=783986"},{"taxonomy":"product_tag","embeddable":true,"href":"https:\/\/roveyayinevi.com.tr\/index.php\/wp-json\/wp\/v2\/product_tag?post=783986"}],"curies":[{"name":"wp","href":"https:\/\/api.w.org\/{rel}","templated":true}]}}