{"id":783985,"date":"2026-02-26T23:50:23","date_gmt":"2026-02-26T20:50:23","guid":{"rendered":"https:\/\/roveyayinevi.com.tr\/index.php\/urun\/el-tibyan\/"},"modified":"2026-04-15T03:46:51","modified_gmt":"2026-04-15T00:46:51","slug":"el-tibyan","status":"publish","type":"product","link":"https:\/\/roveyayinevi.com.tr\/index.php\/urun\/el-tibyan\/","title":{"rendered":"El-Tiby\u00e2n"},"content":{"rendered":"<p>\u0130m\u00e2m Nevev\u00ee, ana s\u00fct\u00fc k\u0131v\u00e2m\u0131ndaki Riyaz\u00fc&#8217;s-S\u00e2lih\u00een ve el-Ezk\u00e2r gibi eserleriyle yedi as\u0131rdanberi \u0130sl\u00e2m \u00fcmmetini m\u00e2nen besleyen, K\u00e2tip \u00c7elebi&#8217;nin ifadesiyle &#8221;Allah&#8217;\u0131n s\u0131rlar\u0131ndan bir s\u0131rolan&#8221; pek de\u011ferli bir \u00e2limdir.Et-Tiby\u00e2n f\u00ee \u00c2d\u00e2bi Hameleti&#8217;l-Kur&#8217;\u00e2n adl\u0131 bu eseriyle de Kur&#8217;\u00e2n-\u0131 Ker\u00eem&#8217;e dokunman\u0131n, onuokuman\u0131n, hatmetmenin ve \u00f6\u011frenip \u00f6\u011fretmenin us\u00fbl ve \u00e2d\u00e2b\u0131n\u0131 \u00dcmmet-i Muhammed&#8217;e\u00f6\u011fretmektedir.<\/p>\n","protected":false},"excerpt":{"rendered":"<p>\u0130m\u00e2m Nevev\u00ee, ana s\u00fct\u00fc k\u0131v\u00e2m\u0131ndaki Riyaz\u00fc&#8217;s-S\u00e2lih\u00een ve el-Ezk\u00e2r gibi eserleriyle yedi as\u0131rdanberi \u0130sl\u00e2m \u00fcmmetini m\u00e2nen besleyen, K\u00e2tip \u00c7elebi&#8217;nin ifadesiyle &#8221;Allah&#8217;\u0131n s\u0131rlar\u0131ndan bir s\u0131rolan&#8221; pek de\u011ferli bir<span class=\"excerpt-hellip\"> [\u2026]<\/span><\/p>\n","protected":false},"featured_media":0,"template":"","meta":{"_monsterinsights_skip_tracking":false,"_monsterinsights_sitenote_active":false,"_monsterinsights_sitenote_note":"","_monsterinsights_sitenote_category":0},"product_brand":[],"product_cat":[16789,12718,12719],"product_tag":[],"class_list":{"0":"post-783985","1":"product","2":"type-product","3":"status-publish","5":"product_cat-diger-islam","6":"product_cat-din","7":"product_cat-islam","8":"pa_cilt-ciltsiz","9":"pa_tur-kitap","10":"pa_yayinevi-tahlil-yayinlari","11":"pa_yazar-imam-nevevi","13":"first","14":"instock","15":"sale","16":"shipping-taxable","17":"purchasable","18":"product-type-simple"},"_links":{"self":[{"href":"https:\/\/roveyayinevi.com.tr\/index.php\/wp-json\/wp\/v2\/product\/783985","targetHints":{"allow":["GET"]}}],"collection":[{"href":"https:\/\/roveyayinevi.com.tr\/index.php\/wp-json\/wp\/v2\/product"}],"about":[{"href":"https:\/\/roveyayinevi.com.tr\/index.php\/wp-json\/wp\/v2\/types\/product"}],"wp:attachment":[{"href":"https:\/\/roveyayinevi.com.tr\/index.php\/wp-json\/wp\/v2\/media?parent=783985"}],"wp:term":[{"taxonomy":"product_brand","embeddable":true,"href":"https:\/\/roveyayinevi.com.tr\/index.php\/wp-json\/wp\/v2\/product_brand?post=783985"},{"taxonomy":"product_cat","embeddable":true,"href":"https:\/\/roveyayinevi.com.tr\/index.php\/wp-json\/wp\/v2\/product_cat?post=783985"},{"taxonomy":"product_tag","embeddable":true,"href":"https:\/\/roveyayinevi.com.tr\/index.php\/wp-json\/wp\/v2\/product_tag?post=783985"}],"curies":[{"name":"wp","href":"https:\/\/api.w.org\/{rel}","templated":true}]}}