{"id":783984,"date":"2026-02-26T23:50:20","date_gmt":"2026-02-26T20:50:20","guid":{"rendered":"https:\/\/roveyayinevi.com.tr\/index.php\/urun\/siyer-i-nebi-cagdas-ve-orijinal-bir-tahlil\/"},"modified":"2026-04-15T03:46:51","modified_gmt":"2026-04-15T00:46:51","slug":"siyer-i-nebi-cagdas-ve-orijinal-bir-tahlil","status":"publish","type":"product","link":"https:\/\/roveyayinevi.com.tr\/index.php\/urun\/siyer-i-nebi-cagdas-ve-orijinal-bir-tahlil\/","title":{"rendered":"Siyer-i Nebi \u2013 \u00c7a\u011fda\u015f ve Orijinal Bir Tahlil"},"content":{"rendered":"<p>Allah Res\u00fbl\u00fc\u2019n\u00fcn hayat\u0131n\u0131 hem ilk defa okuyacaklar hem de daha \u00f6nce okumu\u015flar i\u00e7in faydal\u0131 ve hikmetli bir i\u00e7eri\u011fe sahip bu eser, T\u00fcrk\u00e7e siyer literat\u00fcr\u00fcnde az temas edilen olaylar ve detaylara \u0131\u015f\u0131k tutmas\u0131, ayetlerin ini\u015f sebepleri ile vakalar aras\u0131nda kurdu\u011fu organik ba\u011f\u0131 ve zengin bak\u0131\u015f a\u00e7\u0131s\u0131yla siyer-i nebiyi ayn\u0131 anda hem bir anlat\u0131 hem de uygulama penceresinden g\u00f6rmeyi sa\u011fl\u0131yor.Olaylar\u0131, sahneleri ve karakterleri yal\u0131n anlat\u0131m \u00fcslubu d\u0131\u015f\u0131na \u00e7\u0131kmadan aktarma \u00f6zelli\u011fiyle yazar, din\u00ee disiplinlere h\u00e2kimiyetinin de e\u015fli\u011finde siyeri bir ders malzemesi olarak okura en sade h\u00e2liyle sunuyor. Tart\u0131\u015fmal\u0131 durumlar, \u00e7eli\u015fen kaynaklar ve hatal\u0131 anlay\u0131\u015f ba\u011flamlar\u0131n\u0131 perde arkas\u0131nda bir sanatk\u00e2r ustal\u0131\u011f\u0131yla uzla\u015ft\u0131rarak okurun \u00f6n\u00fcne sadece keyif ve ibret alabilece\u011fi bir anlat\u0131 dili \u00e7\u0131kar\u0131yor.En g\u00fczel hayat\u0131n \u00e7arp\u0131c\u0131 manzaralar\u0131, en \u00e7ok sevece\u011finiz h\u00e2liyle.<\/p>\n","protected":false},"excerpt":{"rendered":"<p>Allah Res\u00fbl\u00fc\u2019n\u00fcn hayat\u0131n\u0131 hem ilk defa okuyacaklar hem de daha \u00f6nce okumu\u015flar i\u00e7in faydal\u0131 ve hikmetli bir i\u00e7eri\u011fe sahip bu eser, T\u00fcrk\u00e7e siyer literat\u00fcr\u00fcnde az temas<span class=\"excerpt-hellip\"> [\u2026]<\/span><\/p>\n","protected":false},"featured_media":0,"template":"","meta":{"_monsterinsights_skip_tracking":false,"_monsterinsights_sitenote_active":false,"_monsterinsights_sitenote_note":"","_monsterinsights_sitenote_category":0},"product_brand":[],"product_cat":[16789,12718,12719],"product_tag":[],"class_list":{"0":"post-783984","1":"product","2":"type-product","3":"status-publish","5":"product_cat-diger-islam","6":"product_cat-din","7":"product_cat-islam","8":"pa_cilt-ciltsiz","9":"pa_tur-kitap","10":"pa_yayinevi-tahlil-yayinlari","11":"pa_yazar-yasir-qadhi","13":"first","14":"instock","15":"sale","16":"shipping-taxable","17":"purchasable","18":"product-type-simple"},"_links":{"self":[{"href":"https:\/\/roveyayinevi.com.tr\/index.php\/wp-json\/wp\/v2\/product\/783984","targetHints":{"allow":["GET"]}}],"collection":[{"href":"https:\/\/roveyayinevi.com.tr\/index.php\/wp-json\/wp\/v2\/product"}],"about":[{"href":"https:\/\/roveyayinevi.com.tr\/index.php\/wp-json\/wp\/v2\/types\/product"}],"wp:attachment":[{"href":"https:\/\/roveyayinevi.com.tr\/index.php\/wp-json\/wp\/v2\/media?parent=783984"}],"wp:term":[{"taxonomy":"product_brand","embeddable":true,"href":"https:\/\/roveyayinevi.com.tr\/index.php\/wp-json\/wp\/v2\/product_brand?post=783984"},{"taxonomy":"product_cat","embeddable":true,"href":"https:\/\/roveyayinevi.com.tr\/index.php\/wp-json\/wp\/v2\/product_cat?post=783984"},{"taxonomy":"product_tag","embeddable":true,"href":"https:\/\/roveyayinevi.com.tr\/index.php\/wp-json\/wp\/v2\/product_tag?post=783984"}],"curies":[{"name":"wp","href":"https:\/\/api.w.org\/{rel}","templated":true}]}}