{"id":783983,"date":"2026-02-26T23:50:17","date_gmt":"2026-02-26T20:50:17","guid":{"rendered":"https:\/\/roveyayinevi.com.tr\/index.php\/urun\/kudus-davamiz\/"},"modified":"2026-04-15T03:46:51","modified_gmt":"2026-04-15T00:46:51","slug":"kudus-davamiz","status":"publish","type":"product","link":"https:\/\/roveyayinevi.com.tr\/index.php\/urun\/kudus-davamiz\/","title":{"rendered":"Kud\u00fcs Davam\u0131z"},"content":{"rendered":"<p>Kud\u00fcs Davam\u0131zKud\u00fcs kuruldu\u011fu g\u00fcnden bu yana vahyi, ilahi tebli\u011fi ve peygamberlik m\u00fcessesesini temsil etmi\u015ftir. Dolay\u0131s\u0131yla buras\u0131 kuruldu\u011fu g\u00fcnden beri bir \u0130sl\u00e2m \u015fehridir.Evet, Kud\u00fcs bir \u0130sl\u00e2m \u015fehridir. \u00c7\u00fcnk\u00fc \u0130sl\u00e2m, Y\u00fcce Allah&#8217;tan vahiy alan b\u00fct\u00fcn peygamberlerin ortak dinidir. Kud\u00fcs de bir peygamberler \u015fehridir.Kud\u00fcs bir \u0130sl\u00e2m \u015fehridir. \u00dcstelik alelade de\u011fil, \u00f6zel konuma sahip bir \u015fehridir. Y\u00fcce Allah bu \u015fehrin ve onu saran topraklar\u0131n bereketli k\u0131l\u0131nd\u0131\u011f\u0131n\u0131 \u0130sra s\u00fbresinde bildirmi\u015ftir.\u0130\u015fgalciler ne kadar u\u011fra\u015fsalar da bu kutsal \u015fehrin \u0130sl\u00e2mi kimli\u011fini ortadan kald\u0131ramayacaklard\u0131r. Ancak b\u00fct\u00fcn d\u00fcnya M\u00fcsl\u00fcmanlar\u0131n\u0131n Kud\u00fcs&#8217;e y\u00f6nelik sinsi oyunlar kar\u015f\u0131s\u0131nda olduk\u00e7a dikkatli ve duyarl\u0131 olmalar\u0131 gerekir. Kud\u00fcs sadece Filistinlilerin de\u011fil b\u00fct\u00fcn d\u00fcnya M\u00fcsl\u00fcmanlar\u0131n\u0131n ortak varl\u0131\u011f\u0131d\u0131r.Kud\u00fcs t\u00fcm M\u00fcsl\u00fcmanlara emanettir. M\u00fcsl\u00fcmanlar\u0131n ortak de\u011ferleridir. \u0130sl\u00e2m&#8217;\u0131n ilk k\u0131blesi ve kutsal mescitlerin \u00fc\u00e7\u00fcnc\u00fcs\u00fc oradad\u0131r. Oray\u0131 fethedenler k\u0131yamete kadar gelecek M\u00fcsl\u00fcman nesillere emanet etmi\u015flerdir. Bu emanete hep birlikte sahip \u00e7\u0131k\u0131lmas\u0131 ve Kud\u00fcs davas\u0131 bilincinin yayg\u0131nla\u015ft\u0131r\u0131lmas\u0131 gerekir.<\/p>\n","protected":false},"excerpt":{"rendered":"<p>Kud\u00fcs Davam\u0131zKud\u00fcs kuruldu\u011fu g\u00fcnden bu yana vahyi, ilahi tebli\u011fi ve peygamberlik m\u00fcessesesini temsil etmi\u015ftir. Dolay\u0131s\u0131yla buras\u0131 kuruldu\u011fu g\u00fcnden beri bir \u0130sl\u00e2m \u015fehridir.Evet, Kud\u00fcs bir \u0130sl\u00e2m \u015fehridir.<span class=\"excerpt-hellip\"> [\u2026]<\/span><\/p>\n","protected":false},"featured_media":0,"template":"","meta":{"_monsterinsights_skip_tracking":false,"_monsterinsights_sitenote_active":false,"_monsterinsights_sitenote_note":"","_monsterinsights_sitenote_category":0},"product_brand":[],"product_cat":[16789,12718,12719],"product_tag":[],"class_list":{"0":"post-783983","1":"product","2":"type-product","3":"status-publish","5":"product_cat-diger-islam","6":"product_cat-din","7":"product_cat-islam","8":"pa_cilt-ciltsiz","9":"pa_tur-kitap","10":"pa_yayinevi-nida-yayinlari","11":"pa_yazar-ahmet-varol","13":"first","14":"instock","15":"sale","16":"shipping-taxable","17":"purchasable","18":"product-type-simple"},"_links":{"self":[{"href":"https:\/\/roveyayinevi.com.tr\/index.php\/wp-json\/wp\/v2\/product\/783983","targetHints":{"allow":["GET"]}}],"collection":[{"href":"https:\/\/roveyayinevi.com.tr\/index.php\/wp-json\/wp\/v2\/product"}],"about":[{"href":"https:\/\/roveyayinevi.com.tr\/index.php\/wp-json\/wp\/v2\/types\/product"}],"wp:attachment":[{"href":"https:\/\/roveyayinevi.com.tr\/index.php\/wp-json\/wp\/v2\/media?parent=783983"}],"wp:term":[{"taxonomy":"product_brand","embeddable":true,"href":"https:\/\/roveyayinevi.com.tr\/index.php\/wp-json\/wp\/v2\/product_brand?post=783983"},{"taxonomy":"product_cat","embeddable":true,"href":"https:\/\/roveyayinevi.com.tr\/index.php\/wp-json\/wp\/v2\/product_cat?post=783983"},{"taxonomy":"product_tag","embeddable":true,"href":"https:\/\/roveyayinevi.com.tr\/index.php\/wp-json\/wp\/v2\/product_tag?post=783983"}],"curies":[{"name":"wp","href":"https:\/\/api.w.org\/{rel}","templated":true}]}}