{"id":783982,"date":"2026-02-26T23:50:15","date_gmt":"2026-02-26T20:50:15","guid":{"rendered":"https:\/\/roveyayinevi.com.tr\/index.php\/urun\/mubarek-gun-ve-gecelerde-okunacak-dualar\/"},"modified":"2026-04-15T03:46:51","modified_gmt":"2026-04-15T00:46:51","slug":"mubarek-gun-ve-gecelerde-okunacak-dualar","status":"publish","type":"product","link":"https:\/\/roveyayinevi.com.tr\/index.php\/urun\/mubarek-gun-ve-gecelerde-okunacak-dualar\/","title":{"rendered":"M\u00fcbarek G\u00fcn ve Gecelerde Okunacak Du\u00e2lar"},"content":{"rendered":"<p>ALLAH&#8217;a s\u0131\u011f\u0131nmak,bir yarad\u0131l\u0131\u015f kanunu ve kulluk muktezas\u0131d\u0131r.yerde ve g\u00f6klerde ne varsa ilahi takdire ram olmu\u015f bir halde,o sonsuz kudret sahibini lisan-\u0131 hal ile zikretmekte ve o&#8217;na yakar\u0131\u015fta bulunmaktad\u0131r.<\/p>\n","protected":false},"excerpt":{"rendered":"<p>ALLAH&#8217;a s\u0131\u011f\u0131nmak,bir yarad\u0131l\u0131\u015f kanunu ve kulluk muktezas\u0131d\u0131r.yerde ve g\u00f6klerde ne varsa ilahi takdire ram olmu\u015f bir halde,o sonsuz kudret sahibini lisan-\u0131 hal ile zikretmekte ve o&#8217;na<span class=\"excerpt-hellip\"> [\u2026]<\/span><\/p>\n","protected":false},"featured_media":0,"template":"","meta":{"_monsterinsights_skip_tracking":false,"_monsterinsights_sitenote_active":false,"_monsterinsights_sitenote_note":"","_monsterinsights_sitenote_category":0},"product_brand":[],"product_cat":[12718,12719],"product_tag":[],"class_list":{"0":"post-783982","1":"product","2":"type-product","3":"status-publish","5":"product_cat-din","6":"product_cat-islam","7":"pa_cilt-ciltsiz","8":"pa_tur-kitap","9":"pa_yayinevi-erkam-yayinlari","10":"pa_yazar-mahmut-sami-ramazanoglu","12":"first","13":"instock","14":"sale","15":"shipping-taxable","16":"purchasable","17":"product-type-simple"},"_links":{"self":[{"href":"https:\/\/roveyayinevi.com.tr\/index.php\/wp-json\/wp\/v2\/product\/783982","targetHints":{"allow":["GET"]}}],"collection":[{"href":"https:\/\/roveyayinevi.com.tr\/index.php\/wp-json\/wp\/v2\/product"}],"about":[{"href":"https:\/\/roveyayinevi.com.tr\/index.php\/wp-json\/wp\/v2\/types\/product"}],"wp:attachment":[{"href":"https:\/\/roveyayinevi.com.tr\/index.php\/wp-json\/wp\/v2\/media?parent=783982"}],"wp:term":[{"taxonomy":"product_brand","embeddable":true,"href":"https:\/\/roveyayinevi.com.tr\/index.php\/wp-json\/wp\/v2\/product_brand?post=783982"},{"taxonomy":"product_cat","embeddable":true,"href":"https:\/\/roveyayinevi.com.tr\/index.php\/wp-json\/wp\/v2\/product_cat?post=783982"},{"taxonomy":"product_tag","embeddable":true,"href":"https:\/\/roveyayinevi.com.tr\/index.php\/wp-json\/wp\/v2\/product_tag?post=783982"}],"curies":[{"name":"wp","href":"https:\/\/api.w.org\/{rel}","templated":true}]}}