{"id":783981,"date":"2026-02-26T23:50:12","date_gmt":"2026-02-26T20:50:12","guid":{"rendered":"https:\/\/roveyayinevi.com.tr\/index.php\/urun\/her-muslumanin-ortak-davasi-kudus\/"},"modified":"2026-04-15T03:46:51","modified_gmt":"2026-04-15T00:46:51","slug":"her-muslumanin-ortak-davasi-kudus","status":"publish","type":"product","link":"https:\/\/roveyayinevi.com.tr\/index.php\/urun\/her-muslumanin-ortak-davasi-kudus\/","title":{"rendered":"Her M\u00fcsl\u00fcman\u0131n Ortak Davas\u0131 Kud\u00fcs"},"content":{"rendered":"<p>Bu topraklar\u0131n bir kar\u0131\u015f\u0131n\u0131 bile satmam, \u00e7\u00fcnk\u00fc bu topraklar bana de\u011fil, halk\u0131ma aittir. Halk\u0131m bu imparatorlu\u011fun her kar\u0131\u015f\u0131n\u0131 kan\u0131n\u0131 feda ederek elde etmi\u015ftir? Milletim bu vatan\u0131 kanlar\u0131yla korumu\u015ftur. Bu topraklar\u0131 kanlar\u0131m\u0131zla \u00f6rteriz de elimizden al\u0131nmas\u0131na asla izin vermeyiz. O bizden ayr\u0131l\u0131p uzakla\u015fmadan onu tekrar kanlar\u0131m\u0131zla \u00f6rteriz. Ben onun hi\u00e7 bir par\u00e7as\u0131n\u0131 veremem. B\u0131rak\u0131n yahudiler milyarlar\u0131n\u0131 kendilerine saklas\u0131nlar. \u0130mparatorluk par\u00e7aland\u0131\u011f\u0131 zaman onlar, Filistini hi\u00e7 kar\u015f\u0131l\u0131ks\u0131z ele ge\u00e7iribilirler. Bu vatan ancak cesetlerimiz par\u00e7alanarak taksim edilebilir. Her ne \u015fekilde olursa olsun bizi par\u00e7alamalar\u0131na asla izin vermeyece\u011fim.II. Abd\u00fclhamid<\/p>\n","protected":false},"excerpt":{"rendered":"<p>Bu topraklar\u0131n bir kar\u0131\u015f\u0131n\u0131 bile satmam, \u00e7\u00fcnk\u00fc bu topraklar bana de\u011fil, halk\u0131ma aittir. Halk\u0131m bu imparatorlu\u011fun her kar\u0131\u015f\u0131n\u0131 kan\u0131n\u0131 feda ederek elde etmi\u015ftir? Milletim bu vatan\u0131<span class=\"excerpt-hellip\"> [\u2026]<\/span><\/p>\n","protected":false},"featured_media":0,"template":"","meta":{"_monsterinsights_skip_tracking":false,"_monsterinsights_sitenote_active":false,"_monsterinsights_sitenote_note":"","_monsterinsights_sitenote_category":0},"product_brand":[],"product_cat":[12718,12719,18109],"product_tag":[],"class_list":{"0":"post-783981","1":"product","2":"type-product","3":"status-publish","5":"product_cat-din","6":"product_cat-islam","7":"product_cat-islam-tarihi","8":"pa_cilt-ciltsiz","9":"pa_tur-kitap","10":"pa_yayinevi-nida-yayinlari","11":"pa_yazar-yusuf-el-karadavi","13":"first","14":"instock","15":"sale","16":"shipping-taxable","17":"purchasable","18":"product-type-simple"},"_links":{"self":[{"href":"https:\/\/roveyayinevi.com.tr\/index.php\/wp-json\/wp\/v2\/product\/783981","targetHints":{"allow":["GET"]}}],"collection":[{"href":"https:\/\/roveyayinevi.com.tr\/index.php\/wp-json\/wp\/v2\/product"}],"about":[{"href":"https:\/\/roveyayinevi.com.tr\/index.php\/wp-json\/wp\/v2\/types\/product"}],"wp:attachment":[{"href":"https:\/\/roveyayinevi.com.tr\/index.php\/wp-json\/wp\/v2\/media?parent=783981"}],"wp:term":[{"taxonomy":"product_brand","embeddable":true,"href":"https:\/\/roveyayinevi.com.tr\/index.php\/wp-json\/wp\/v2\/product_brand?post=783981"},{"taxonomy":"product_cat","embeddable":true,"href":"https:\/\/roveyayinevi.com.tr\/index.php\/wp-json\/wp\/v2\/product_cat?post=783981"},{"taxonomy":"product_tag","embeddable":true,"href":"https:\/\/roveyayinevi.com.tr\/index.php\/wp-json\/wp\/v2\/product_tag?post=783981"}],"curies":[{"name":"wp","href":"https:\/\/api.w.org\/{rel}","templated":true}]}}