{"id":783979,"date":"2026-02-26T23:50:06","date_gmt":"2026-02-26T20:50:06","guid":{"rendered":"https:\/\/roveyayinevi.com.tr\/index.php\/urun\/teblig-ve-davet-yolunda-muslumanin-temel-kulturu\/"},"modified":"2026-04-15T03:46:51","modified_gmt":"2026-04-15T00:46:51","slug":"teblig-ve-davet-yolunda-muslumanin-temel-kulturu","status":"publish","type":"product","link":"https:\/\/roveyayinevi.com.tr\/index.php\/urun\/teblig-ve-davet-yolunda-muslumanin-temel-kulturu\/","title":{"rendered":"Tebli\u011f ve Davet Yolunda M\u00fcsl\u00fcman\u0131n Temel K\u00fclt\u00fcr\u00fc"},"content":{"rendered":"<p>Bu ara\u015ft\u0131rmam\u0131zda \u00f6zellikle \u015fu konudan bahsedece\u011fiz: Davet\u00e7inin kendisini nas\u0131l haz\u0131rlayaca\u011f\u0131 ya da bizim onu k\u00fclt\u00fcrel manada istenilen tarzda nas\u0131l haz\u0131rlayaca\u011f\u0131m\u0131z konusudur. Bu da M\u00fcsl\u00fcman davet\u00e7i i\u00e7in arzu edilen k\u00fclt\u00fcr ve onun fikri y\u00f6n\u00fcd\u00fcr. Di\u011fer bir ifadeyle &#8220;Davet\u00e7i Okulu&#8221; ya da &#8220;Davet\u00e7i Fak\u00fcltesi&#8221; kurmak isterken ya da bizden herhangi biri kendisini, insanlar\u0131 etkileme ve y\u00f6nlendirme hususunda davet\u00e7i olarak yeti\u015ftirmek isterse k\u00fclt\u00fcrel haz\u0131rl\u0131\u011f\u0131 ne olacakt\u0131r? Tespitlerime g\u00f6re bir \u0130sl\u00e2m davet\u00e7isi, iman ve g\u00fczel ahl\u00e2ktan sonra \u015fu sahalarda k\u00fclt\u00fcr sahibi olmaya muhta\u00e7t\u0131r:1. \u0130slam k\u00fclt\u00fcr\u00fc2. Tarih k\u00fclt\u00fcr\u00fc3. Dil ve edebiyat k\u00fclt\u00fcr\u00fc4. Sosyal bilimler k\u00fclt\u00fcr\u00fc5. Bilimsel k\u00fclt\u00fcr6. Akt\u00fcel k\u00fclt\u00fcr<\/p>\n","protected":false},"excerpt":{"rendered":"<p>Bu ara\u015ft\u0131rmam\u0131zda \u00f6zellikle \u015fu konudan bahsedece\u011fiz: Davet\u00e7inin kendisini nas\u0131l haz\u0131rlayaca\u011f\u0131 ya da bizim onu k\u00fclt\u00fcrel manada istenilen tarzda nas\u0131l haz\u0131rlayaca\u011f\u0131m\u0131z konusudur. Bu da M\u00fcsl\u00fcman davet\u00e7i i\u00e7in<span class=\"excerpt-hellip\"> [\u2026]<\/span><\/p>\n","protected":false},"featured_media":0,"template":"","meta":{"_monsterinsights_skip_tracking":false,"_monsterinsights_sitenote_active":false,"_monsterinsights_sitenote_note":"","_monsterinsights_sitenote_category":0},"product_brand":[],"product_cat":[16789,12718,12719],"product_tag":[],"class_list":{"0":"post-783979","1":"product","2":"type-product","3":"status-publish","5":"product_cat-diger-islam","6":"product_cat-din","7":"product_cat-islam","8":"pa_cilt-ciltsiz","9":"pa_tur-kitap","10":"pa_yayinevi-nida-yayinlari","11":"pa_yazar-yusuf-el-karadavi","13":"first","14":"instock","15":"sale","16":"shipping-taxable","17":"purchasable","18":"product-type-simple"},"_links":{"self":[{"href":"https:\/\/roveyayinevi.com.tr\/index.php\/wp-json\/wp\/v2\/product\/783979","targetHints":{"allow":["GET"]}}],"collection":[{"href":"https:\/\/roveyayinevi.com.tr\/index.php\/wp-json\/wp\/v2\/product"}],"about":[{"href":"https:\/\/roveyayinevi.com.tr\/index.php\/wp-json\/wp\/v2\/types\/product"}],"wp:attachment":[{"href":"https:\/\/roveyayinevi.com.tr\/index.php\/wp-json\/wp\/v2\/media?parent=783979"}],"wp:term":[{"taxonomy":"product_brand","embeddable":true,"href":"https:\/\/roveyayinevi.com.tr\/index.php\/wp-json\/wp\/v2\/product_brand?post=783979"},{"taxonomy":"product_cat","embeddable":true,"href":"https:\/\/roveyayinevi.com.tr\/index.php\/wp-json\/wp\/v2\/product_cat?post=783979"},{"taxonomy":"product_tag","embeddable":true,"href":"https:\/\/roveyayinevi.com.tr\/index.php\/wp-json\/wp\/v2\/product_tag?post=783979"}],"curies":[{"name":"wp","href":"https:\/\/api.w.org\/{rel}","templated":true}]}}