{"id":783978,"date":"2026-02-26T23:50:03","date_gmt":"2026-02-26T20:50:03","guid":{"rendered":"https:\/\/roveyayinevi.com.tr\/index.php\/urun\/niyet-ve-ihlas-allaha-giden-yolda-1\/"},"modified":"2026-04-15T03:46:51","modified_gmt":"2026-04-15T00:46:51","slug":"niyet-ve-ihlas-allaha-giden-yolda-1","status":"publish","type":"product","link":"https:\/\/roveyayinevi.com.tr\/index.php\/urun\/niyet-ve-ihlas-allaha-giden-yolda-1\/","title":{"rendered":"Niyet ve \u0130hlas; Allah&#8217;a Giden Yolda &#8211; 1"},"content":{"rendered":"<p>\u0130slam, M\u00fcsl\u00fcman&#8217;\u0131n bir y\u00fcz\u00fcn\u00fcn Allah&#8217;a, di\u011fer y\u00fcz\u00fcn\u00fcn ise Allah&#8217;a ortak edilenlere d\u00f6n\u00fck bir \u015fekilde ikiy\u00fczl\u00fc olmas\u0131na raz\u0131 olmaz. Hayat\u0131n\u0131n biri Allah, di\u011feri ta\u011futlar i\u00e7in olmak \u00fczere ikiye ayr\u0131lmas\u0131na da raz\u0131 olmaz. \u0130slam, bug\u00fcnk\u00fc M\u00fcsl\u00fcmanlar\u0131n hayatlar\u0131nda g\u00f6rd\u00fc\u011f\u00fcm\u00fcz i\u011fren\u00e7 ikilemi ve \u00e7irkin ikiy\u00fczl\u00fcl\u00fc\u011f\u00fc reddeder. G\u00fcn\u00fcm\u00fcz M\u00fcsl\u00fcman&#8217;\u0131nda g\u00f6rd\u00fc\u011f\u00fcm\u00fcz \u00fczere, adam camide veya Ramazan ay\u0131nda M\u00fcsl\u00fcman&#8217;d\u0131r; sonra hayat\u0131nda veya insanlarla muamelesinde ya da tav\u0131r ve hareketlerinde bamba\u015fka birisidir. \u015e\u00fcphesiz M\u00fcsl\u00fcman&#8217;\u0131n hayat\u0131n\u0131 da\u011f\u0131n\u0131kl\u0131ktan kurtar\u0131p hepsini Allah&#8217;a has k\u0131lmas\u0131n\u0131 sa\u011flar; onun namaz\u0131, ibadetleri, ya\u015fam\u0131 ve \u00f6l\u00fcm\u00fc alemlerin rabbi Allah i\u00e7indir.<\/p>\n","protected":false},"excerpt":{"rendered":"<p>\u0130slam, M\u00fcsl\u00fcman&#8217;\u0131n bir y\u00fcz\u00fcn\u00fcn Allah&#8217;a, di\u011fer y\u00fcz\u00fcn\u00fcn ise Allah&#8217;a ortak edilenlere d\u00f6n\u00fck bir \u015fekilde ikiy\u00fczl\u00fc olmas\u0131na raz\u0131 olmaz. Hayat\u0131n\u0131n biri Allah, di\u011feri ta\u011futlar i\u00e7in olmak \u00fczere<span class=\"excerpt-hellip\"> [\u2026]<\/span><\/p>\n","protected":false},"featured_media":0,"template":"","meta":{"_monsterinsights_skip_tracking":false,"_monsterinsights_sitenote_active":false,"_monsterinsights_sitenote_note":"","_monsterinsights_sitenote_category":0},"product_brand":[],"product_cat":[12718,12719],"product_tag":[],"class_list":{"0":"post-783978","1":"product","2":"type-product","3":"status-publish","5":"product_cat-din","6":"product_cat-islam","7":"pa_cilt-ciltsiz","8":"pa_tur-kitap","9":"pa_yayinevi-nida-yayinlari","10":"pa_yazar-yusuf-el-karadavi","12":"first","13":"instock","14":"sale","15":"shipping-taxable","16":"purchasable","17":"product-type-simple"},"_links":{"self":[{"href":"https:\/\/roveyayinevi.com.tr\/index.php\/wp-json\/wp\/v2\/product\/783978","targetHints":{"allow":["GET"]}}],"collection":[{"href":"https:\/\/roveyayinevi.com.tr\/index.php\/wp-json\/wp\/v2\/product"}],"about":[{"href":"https:\/\/roveyayinevi.com.tr\/index.php\/wp-json\/wp\/v2\/types\/product"}],"wp:attachment":[{"href":"https:\/\/roveyayinevi.com.tr\/index.php\/wp-json\/wp\/v2\/media?parent=783978"}],"wp:term":[{"taxonomy":"product_brand","embeddable":true,"href":"https:\/\/roveyayinevi.com.tr\/index.php\/wp-json\/wp\/v2\/product_brand?post=783978"},{"taxonomy":"product_cat","embeddable":true,"href":"https:\/\/roveyayinevi.com.tr\/index.php\/wp-json\/wp\/v2\/product_cat?post=783978"},{"taxonomy":"product_tag","embeddable":true,"href":"https:\/\/roveyayinevi.com.tr\/index.php\/wp-json\/wp\/v2\/product_tag?post=783978"}],"curies":[{"name":"wp","href":"https:\/\/api.w.org\/{rel}","templated":true}]}}