{"id":783977,"date":"2026-02-26T23:49:59","date_gmt":"2026-02-26T20:49:59","guid":{"rendered":"https:\/\/roveyayinevi.com.tr\/index.php\/urun\/kuran-ve-sunnete-gore-musluman-toplumu\/"},"modified":"2026-04-15T03:46:51","modified_gmt":"2026-04-15T00:46:51","slug":"kuran-ve-sunnete-gore-musluman-toplumu","status":"publish","type":"product","link":"https:\/\/roveyayinevi.com.tr\/index.php\/urun\/kuran-ve-sunnete-gore-musluman-toplumu\/","title":{"rendered":"Kur&#8217;an ve S\u00fcnnet&#8217;e G\u00f6re M\u00fcsl\u00fcman Toplumu"},"content":{"rendered":"<p>Bu eserde Kur\u00e2n ve s\u00fcnnetten hareket edilerek m\u00fcsl\u00fcman toplumun \u00f6zellikleri ortaya konulmaktad\u0131r. Adalet ve e\u015fitli\u011fin egemen oldu\u011fu bu toplumun y\u00fcce ahl\u00e2k\u00ee de\u011ferler \u00fczerinde y\u00fckseldi\u011fi, dayan\u0131\u015fma i\u00e7erisinde sevgi, karde\u015flik ve ho\u015fg\u00f6r\u00fcy\u00fc benimsedi\u011fi, sosyal adaletin tam anlam\u0131yla bu toplumda ger\u00e7ekle\u015fti\u011fi anlat\u0131lmaktad\u0131r.<\/p>\n","protected":false},"excerpt":{"rendered":"<p>Bu eserde Kur\u00e2n ve s\u00fcnnetten hareket edilerek m\u00fcsl\u00fcman toplumun \u00f6zellikleri ortaya konulmaktad\u0131r. Adalet ve e\u015fitli\u011fin egemen oldu\u011fu bu toplumun y\u00fcce ahl\u00e2k\u00ee de\u011ferler \u00fczerinde y\u00fckseldi\u011fi, dayan\u0131\u015fma i\u00e7erisinde<span class=\"excerpt-hellip\"> [\u2026]<\/span><\/p>\n","protected":false},"featured_media":0,"template":"","meta":{"_monsterinsights_skip_tracking":false,"_monsterinsights_sitenote_active":false,"_monsterinsights_sitenote_note":"","_monsterinsights_sitenote_category":0},"product_brand":[],"product_cat":[12718,12719,45552],"product_tag":[],"class_list":{"0":"post-783977","1":"product","2":"type-product","3":"status-publish","5":"product_cat-din","6":"product_cat-islam","7":"product_cat-meal-tefsir-hadis","8":"pa_cilt-ciltsiz","9":"pa_tur-kitap","10":"pa_yayinevi-risale","11":"pa_yazar-muhammed-ali-hasimi","13":"first","14":"instock","15":"sale","16":"shipping-taxable","17":"purchasable","18":"product-type-simple"},"_links":{"self":[{"href":"https:\/\/roveyayinevi.com.tr\/index.php\/wp-json\/wp\/v2\/product\/783977","targetHints":{"allow":["GET"]}}],"collection":[{"href":"https:\/\/roveyayinevi.com.tr\/index.php\/wp-json\/wp\/v2\/product"}],"about":[{"href":"https:\/\/roveyayinevi.com.tr\/index.php\/wp-json\/wp\/v2\/types\/product"}],"wp:attachment":[{"href":"https:\/\/roveyayinevi.com.tr\/index.php\/wp-json\/wp\/v2\/media?parent=783977"}],"wp:term":[{"taxonomy":"product_brand","embeddable":true,"href":"https:\/\/roveyayinevi.com.tr\/index.php\/wp-json\/wp\/v2\/product_brand?post=783977"},{"taxonomy":"product_cat","embeddable":true,"href":"https:\/\/roveyayinevi.com.tr\/index.php\/wp-json\/wp\/v2\/product_cat?post=783977"},{"taxonomy":"product_tag","embeddable":true,"href":"https:\/\/roveyayinevi.com.tr\/index.php\/wp-json\/wp\/v2\/product_tag?post=783977"}],"curies":[{"name":"wp","href":"https:\/\/api.w.org\/{rel}","templated":true}]}}