{"id":783975,"date":"2026-02-26T23:49:55","date_gmt":"2026-02-26T20:49:55","guid":{"rendered":"https:\/\/roveyayinevi.com.tr\/index.php\/urun\/riyazus-salihin\/"},"modified":"2026-04-15T03:46:51","modified_gmt":"2026-04-15T00:46:51","slug":"riyazus-salihin","status":"publish","type":"product","link":"https:\/\/roveyayinevi.com.tr\/index.php\/urun\/riyazus-salihin\/","title":{"rendered":"Riy\u00e2z\u00fc\u2019s S\u00e2lih\u00een"},"content":{"rendered":"<p>\u0130mam Nevev\u00ee&#8217;nin ya\u015fad\u0131\u011f\u0131 d\u00f6nemde \u0130sl\u00e2m \u00dcmmeti b\u00fcy\u00fck bir s\u0131k\u0131nt\u0131 ve \u00e7alkant\u0131 i\u00e7erisindebulunuyordu. Bir taraftan Ha\u00e7l\u0131 sald\u0131r\u0131lar\u0131, di\u011fer taraftan Mo\u011fol istilas\u0131 y\u00fcz\u00fcnden \u0130sl\u00e2m co\u011frafyas\u0131ndab\u00fcy\u00fck bir s\u0131k\u0131nt\u0131 ya\u015fanmakta idi. Bu s\u0131k\u0131nt\u0131lar\u0131n yan\u0131nda halk\u0131n davran\u0131\u015flar\u0131nda, d\u00fcnya hayat\u0131na belba\u011flama, \u00e2hiret hayat\u0131n\u0131 ihmal gibi ahlaki yozla\u015fmalar ortaya \u00e7\u0131km\u0131\u015ft\u0131. \u0130mam Nevev\u00ee, insanlara \u00e2hiretihat\u0131rlatmas\u0131, ahlaki olgunlu\u011fa eri\u015ftirmesi, ki\u015filiklerini korumas\u0131 gayesiyle hayat d\u00fcsturlar\u0131 i\u00e7eren birhadis derlemesi yapm\u0131\u015f, baz\u0131 konu ba\u015fl\u0131klar\u0131na ilgili ayetler de getirmi\u015ftir. \u00c7o\u011funu temel hadiskaynaklar\u0131 olarak kabul edilen alt\u0131 hadis kitab\u0131ndan, b\u00fcy\u00fck \u00e7o\u011funlu\u011funu da Sahihi Buhari ve SahihiM\u00fcslim&#8217;den se\u00e7ti\u011fi hadisleri bu eserde toplam\u0131\u015f ve eserine, \u2018\u0130yi Kimselerin Bah\u00e7eleri\u2019 anlam\u0131nagelen &#8216;Riy\u00e2z\u00fc&#8217;s-S\u00e2lih\u00een&#8217; ismini vermi\u015ftir. Ahlaki olgunlu\u011fa eri\u015ftirmeyi hedefleyen bu eser, \u0130sl\u00e2mco\u011frafyas\u0131nda b\u00fcy\u00fck bir ilgi g\u00f6rm\u00fc\u015ft\u00fcr. Yaz\u0131ld\u0131\u011f\u0131 g\u00fcnden bu yana ilgiyle okunan eserin pek \u00e7okbask\u0131lar\u0131 ve de\u011fi\u015fik dillere \u00e7evirileri yap\u0131lm\u0131\u015ft\u0131r. Kuran-\u0131 Kerimd\u2019den sonra belki de en \u00e7okokunan ve bask\u0131s\u0131 yap\u0131lan eserin elinizdeki eser oldu\u011funu s\u00f6ylesek abartm\u0131\u015fsay\u0131lmay\u0131z\u2026..<\/p>\n","protected":false},"excerpt":{"rendered":"<p>\u0130mam Nevev\u00ee&#8217;nin ya\u015fad\u0131\u011f\u0131 d\u00f6nemde \u0130sl\u00e2m \u00dcmmeti b\u00fcy\u00fck bir s\u0131k\u0131nt\u0131 ve \u00e7alkant\u0131 i\u00e7erisindebulunuyordu. Bir taraftan Ha\u00e7l\u0131 sald\u0131r\u0131lar\u0131, di\u011fer taraftan Mo\u011fol istilas\u0131 y\u00fcz\u00fcnden \u0130sl\u00e2m co\u011frafyas\u0131ndab\u00fcy\u00fck bir s\u0131k\u0131nt\u0131 ya\u015fanmakta<span class=\"excerpt-hellip\"> [\u2026]<\/span><\/p>\n","protected":false},"featured_media":0,"template":"","meta":{"_monsterinsights_skip_tracking":false,"_monsterinsights_sitenote_active":false,"_monsterinsights_sitenote_note":"","_monsterinsights_sitenote_category":0},"product_brand":[],"product_cat":[12718,12719,45552],"product_tag":[],"class_list":{"0":"post-783975","1":"product","2":"type-product","3":"status-publish","5":"product_cat-din","6":"product_cat-islam","7":"product_cat-meal-tefsir-hadis","8":"pa_cilt-ciltsiz","9":"pa_tur-kitap","10":"pa_yayinevi-karma-kitaplar","11":"pa_yazar-imam-nevevi","13":"first","14":"instock","15":"sale","16":"shipping-taxable","17":"purchasable","18":"product-type-simple"},"_links":{"self":[{"href":"https:\/\/roveyayinevi.com.tr\/index.php\/wp-json\/wp\/v2\/product\/783975","targetHints":{"allow":["GET"]}}],"collection":[{"href":"https:\/\/roveyayinevi.com.tr\/index.php\/wp-json\/wp\/v2\/product"}],"about":[{"href":"https:\/\/roveyayinevi.com.tr\/index.php\/wp-json\/wp\/v2\/types\/product"}],"wp:attachment":[{"href":"https:\/\/roveyayinevi.com.tr\/index.php\/wp-json\/wp\/v2\/media?parent=783975"}],"wp:term":[{"taxonomy":"product_brand","embeddable":true,"href":"https:\/\/roveyayinevi.com.tr\/index.php\/wp-json\/wp\/v2\/product_brand?post=783975"},{"taxonomy":"product_cat","embeddable":true,"href":"https:\/\/roveyayinevi.com.tr\/index.php\/wp-json\/wp\/v2\/product_cat?post=783975"},{"taxonomy":"product_tag","embeddable":true,"href":"https:\/\/roveyayinevi.com.tr\/index.php\/wp-json\/wp\/v2\/product_tag?post=783975"}],"curies":[{"name":"wp","href":"https:\/\/api.w.org\/{rel}","templated":true}]}}