{"id":783974,"date":"2026-02-26T23:49:52","date_gmt":"2026-02-26T20:49:52","guid":{"rendered":"https:\/\/roveyayinevi.com.tr\/index.php\/urun\/erkeklige-ne-oldu\/"},"modified":"2026-04-15T03:46:50","modified_gmt":"2026-04-15T00:46:50","slug":"erkeklige-ne-oldu","status":"publish","type":"product","link":"https:\/\/roveyayinevi.com.tr\/index.php\/urun\/erkeklige-ne-oldu\/","title":{"rendered":"Erkekli\u011fe Ne Oldu?"},"content":{"rendered":"<p>Modern \u00e7a\u011f, insanl\u0131\u011fa konfor ve teknoloji getirdi ama ayn\u0131 zamanda derin bir kimlik krizini de beraberinde ta\u015f\u0131d\u0131. \u00d6zellikle erkekler, tarih boyunca sahip olduklar\u0131 rol ve sorumluluklar\u0131 giderek kaybediyor. E\u011fitimde geri kalan, i\u015f hayat\u0131nda de\u011fersizle\u015fen, aile i\u00e7inde pasifle\u015fen ve ruhsal \u00e7\u00f6k\u00fc\u015f ya\u015fayan erkekler\u2026 Onlar\u0131 bu noktaya getiren ne oldu?Warren Farrell ve John Gray, modern d\u00fcnyan\u0131n erkekler \u00fczerindeki y\u0131k\u0131c\u0131 etkilerini mercek alt\u0131na al\u0131yor. Baba eksikli\u011fi, ya\u015fam amac\u0131 bo\u015flu\u011fu, mask\u00fclen kimli\u011fin yok say\u0131lmas\u0131 ve erkeklerin giderek daha fazla yaln\u0131zla\u015fmas\u0131 gibi konular\u0131 derinlemesine inceliyor ve bu krizden \u00e7\u0131k\u0131\u015f i\u00e7in somut \u00e7\u00f6z\u00fcmler sunuyor.Sanayi devriminden dijital \u00e7a\u011fa uzanan s\u00fcre\u00e7te, erkekler art\u0131k neyin de\u011ferli oldu\u011funu sorguluyor. Ancak g\u00fc\u00e7l\u00fc ve dengeli bir toplum i\u00e7in erkeklerin kaybolmas\u0131na seyirci kalamay\u0131z. E\u011fer modern d\u00fcnyan\u0131n erkekleri nas\u0131l \u00e7\u0131kmaza s\u00fcr\u00fckledi\u011fini ve bu \u00e7\u0131kmazdan nas\u0131l kurtulabilece\u011fimizi merak ediyorsan\u0131z, bu kitapta cevaplar\u0131 bulacaks\u0131n\u0131z.<\/p>\n","protected":false},"excerpt":{"rendered":"<p>Modern \u00e7a\u011f, insanl\u0131\u011fa konfor ve teknoloji getirdi ama ayn\u0131 zamanda derin bir kimlik krizini de beraberinde ta\u015f\u0131d\u0131. \u00d6zellikle erkekler, tarih boyunca sahip olduklar\u0131 rol ve sorumluluklar\u0131<span class=\"excerpt-hellip\"> [\u2026]<\/span><\/p>\n","protected":false},"featured_media":0,"template":"","meta":{"_monsterinsights_skip_tracking":false,"_monsterinsights_sitenote_active":false,"_monsterinsights_sitenote_note":"","_monsterinsights_sitenote_category":0},"product_brand":[],"product_cat":[26396,13488],"product_tag":[],"class_list":{"0":"post-783974","1":"product","2":"type-product","3":"status-publish","5":"product_cat-kadin-erkek-iliskileri","6":"product_cat-toplum-ve-insan","7":"pa_cilt-ciltsiz","8":"pa_tur-kitap","9":"pa_yayinevi-doludizgin-yayinevi","10":"pa_yazar-warren-farrell","12":"first","13":"instock","14":"sale","15":"shipping-taxable","16":"purchasable","17":"product-type-simple"},"_links":{"self":[{"href":"https:\/\/roveyayinevi.com.tr\/index.php\/wp-json\/wp\/v2\/product\/783974","targetHints":{"allow":["GET"]}}],"collection":[{"href":"https:\/\/roveyayinevi.com.tr\/index.php\/wp-json\/wp\/v2\/product"}],"about":[{"href":"https:\/\/roveyayinevi.com.tr\/index.php\/wp-json\/wp\/v2\/types\/product"}],"wp:attachment":[{"href":"https:\/\/roveyayinevi.com.tr\/index.php\/wp-json\/wp\/v2\/media?parent=783974"}],"wp:term":[{"taxonomy":"product_brand","embeddable":true,"href":"https:\/\/roveyayinevi.com.tr\/index.php\/wp-json\/wp\/v2\/product_brand?post=783974"},{"taxonomy":"product_cat","embeddable":true,"href":"https:\/\/roveyayinevi.com.tr\/index.php\/wp-json\/wp\/v2\/product_cat?post=783974"},{"taxonomy":"product_tag","embeddable":true,"href":"https:\/\/roveyayinevi.com.tr\/index.php\/wp-json\/wp\/v2\/product_tag?post=783974"}],"curies":[{"name":"wp","href":"https:\/\/api.w.org\/{rel}","templated":true}]}}