{"id":783973,"date":"2026-02-26T23:49:49","date_gmt":"2026-02-26T20:49:49","guid":{"rendered":"https:\/\/roveyayinevi.com.tr\/index.php\/urun\/buyuk-boy-konu-baslikli-ve-aciklamali-kuran-i-kerim-meali\/"},"modified":"2026-04-15T03:46:50","modified_gmt":"2026-04-15T00:46:50","slug":"buyuk-boy-konu-baslikli-ve-aciklamali-kuran-i-kerim-meali","status":"publish","type":"product","link":"https:\/\/roveyayinevi.com.tr\/index.php\/urun\/buyuk-boy-konu-baslikli-ve-aciklamali-kuran-i-kerim-meali\/","title":{"rendered":"(B\u00fcy\u00fck Boy) Konu Ba\u015fl\u0131kl\u0131 Ve A\u00e7\u0131klamal\u0131 Kur\u2019an-\u0131 Kerim Meali"},"content":{"rendered":"<p>Her me\u00e2l bir tefsir ve tercihtir. Zira me\u00e2l, \u00e7ok anlaml\u0131 kelimelerden bir anlam\u0131 se\u00e7me, birka\u00e7 anlama gelebilecek c\u00fcmlelerden birini tercih etme ve en do\u011fru anlam\u0131 yakalama \u00e7abas\u0131d\u0131r. Zira bir me\u00e2lde bir kelimenin sahip oldu\u011fu t\u00fcm manalar\u0131 ayn\u0131 anda se\u00e7mek, me\u00e2l yapmay\u0131 g\u00fc\u00e7le\u015ftirir ve metni anlams\u0131z hale getirir. Her metin, kendi \u00e7a\u011f\u0131n\u0131n dilini ve g\u00fcc\u00fcn\u00fc yans\u0131t\u0131r. Ancak Kur\u2019\u00e2n her ne kadar bir \u00e7a\u011f\u0131n dilini yans\u0131tsa da t\u00fcm \u00e7a\u011flara hitap etmektedir. Kur\u2019\u00e2n t\u00fcm \u00e7a\u011flara hitap etse de sahip oldu\u011fu kelimelerde kendi \u00e7a\u011f\u0131n\u0131n manas\u0131n\u0131 ta\u015f\u0131r. Bu nedenle Kur\u2019\u00e2n\u2019daki kelimelerin anlamlar\u0131 i\u00e7in Kur\u2019\u00e2n\u2019\u0131n nazil oldu\u011fu \u00e7a\u011fa gitmek ve o \u00e7a\u011f\u0131 referans almak gerekir.<\/p>\n","protected":false},"excerpt":{"rendered":"<p>Her me\u00e2l bir tefsir ve tercihtir. Zira me\u00e2l, \u00e7ok anlaml\u0131 kelimelerden bir anlam\u0131 se\u00e7me, birka\u00e7 anlama gelebilecek c\u00fcmlelerden birini tercih etme ve en do\u011fru anlam\u0131 yakalama<span class=\"excerpt-hellip\"> [\u2026]<\/span><\/p>\n","protected":false},"featured_media":0,"template":"","meta":{"_monsterinsights_skip_tracking":false,"_monsterinsights_sitenote_active":false,"_monsterinsights_sitenote_note":"","_monsterinsights_sitenote_category":0},"product_brand":[],"product_cat":[12718,12719,45552],"product_tag":[],"class_list":{"0":"post-783973","1":"product","2":"type-product","3":"status-publish","5":"product_cat-din","6":"product_cat-islam","7":"product_cat-meal-tefsir-hadis","8":"pa_cilt-ciltsiz","9":"pa_tur-kitap","10":"pa_yayinevi-nida-yayinlari","11":"pa_yazar-murat-padak","13":"first","14":"instock","15":"sale","16":"shipping-taxable","17":"purchasable","18":"product-type-simple"},"_links":{"self":[{"href":"https:\/\/roveyayinevi.com.tr\/index.php\/wp-json\/wp\/v2\/product\/783973","targetHints":{"allow":["GET"]}}],"collection":[{"href":"https:\/\/roveyayinevi.com.tr\/index.php\/wp-json\/wp\/v2\/product"}],"about":[{"href":"https:\/\/roveyayinevi.com.tr\/index.php\/wp-json\/wp\/v2\/types\/product"}],"wp:attachment":[{"href":"https:\/\/roveyayinevi.com.tr\/index.php\/wp-json\/wp\/v2\/media?parent=783973"}],"wp:term":[{"taxonomy":"product_brand","embeddable":true,"href":"https:\/\/roveyayinevi.com.tr\/index.php\/wp-json\/wp\/v2\/product_brand?post=783973"},{"taxonomy":"product_cat","embeddable":true,"href":"https:\/\/roveyayinevi.com.tr\/index.php\/wp-json\/wp\/v2\/product_cat?post=783973"},{"taxonomy":"product_tag","embeddable":true,"href":"https:\/\/roveyayinevi.com.tr\/index.php\/wp-json\/wp\/v2\/product_tag?post=783973"}],"curies":[{"name":"wp","href":"https:\/\/api.w.org\/{rel}","templated":true}]}}