{"id":783972,"date":"2026-02-26T23:49:46","date_gmt":"2026-02-26T20:49:46","guid":{"rendered":"https:\/\/roveyayinevi.com.tr\/index.php\/urun\/sabredenler-ve-sukredenler\/"},"modified":"2026-04-15T03:46:50","modified_gmt":"2026-04-15T00:46:50","slug":"sabredenler-ve-sukredenler","status":"publish","type":"product","link":"https:\/\/roveyayinevi.com.tr\/index.php\/urun\/sabredenler-ve-sukredenler\/","title":{"rendered":"Sabredenler ve \u015e\u00fckredenler"},"content":{"rendered":"<p>\u0130bn Kayyim el-Cevziyye bu eserde sabredenleri ve \u015f\u00fckredenleri ele almaktad\u0131r. Eserde sabr\u0131n ve \u015f\u00fckr\u00fcn b\u00fcy\u00fck bir nimet oldu\u011fu, d\u00fcnya ve ahiret saadeti i\u00e7in sabr\u0131n ka\u00e7\u0131n\u0131lmaz oldu\u011fu, sabredenlerin Allah ile beraber olma gibi b\u00fcy\u00fck bir nimete nail olduklar\u0131 ve Kur\u2019an-i Kerim\u2019de ve hadis-i \u015feriflerde sab\u0131r konusuna dair deliller nakli ve akli boyutlar\u0131yla irdelenmektedir.<\/p>\n","protected":false},"excerpt":{"rendered":"<p>\u0130bn Kayyim el-Cevziyye bu eserde sabredenleri ve \u015f\u00fckredenleri ele almaktad\u0131r. Eserde sabr\u0131n ve \u015f\u00fckr\u00fcn b\u00fcy\u00fck bir nimet oldu\u011fu, d\u00fcnya ve ahiret saadeti i\u00e7in sabr\u0131n ka\u00e7\u0131n\u0131lmaz oldu\u011fu,<span class=\"excerpt-hellip\"> [\u2026]<\/span><\/p>\n","protected":false},"featured_media":0,"template":"","meta":{"_monsterinsights_skip_tracking":false,"_monsterinsights_sitenote_active":false,"_monsterinsights_sitenote_note":"","_monsterinsights_sitenote_category":0},"product_brand":[],"product_cat":[16789,12718,12719],"product_tag":[],"class_list":{"0":"post-783972","1":"product","2":"type-product","3":"status-publish","5":"product_cat-diger-islam","6":"product_cat-din","7":"product_cat-islam","8":"pa_cilt-ciltsiz","9":"pa_tur-kitap","10":"pa_yayinevi-gelenek-yayincilik","11":"pa_yazar-ibn-kayyim-el-cevziyye","13":"first","14":"instock","15":"sale","16":"shipping-taxable","17":"purchasable","18":"product-type-simple"},"_links":{"self":[{"href":"https:\/\/roveyayinevi.com.tr\/index.php\/wp-json\/wp\/v2\/product\/783972","targetHints":{"allow":["GET"]}}],"collection":[{"href":"https:\/\/roveyayinevi.com.tr\/index.php\/wp-json\/wp\/v2\/product"}],"about":[{"href":"https:\/\/roveyayinevi.com.tr\/index.php\/wp-json\/wp\/v2\/types\/product"}],"wp:attachment":[{"href":"https:\/\/roveyayinevi.com.tr\/index.php\/wp-json\/wp\/v2\/media?parent=783972"}],"wp:term":[{"taxonomy":"product_brand","embeddable":true,"href":"https:\/\/roveyayinevi.com.tr\/index.php\/wp-json\/wp\/v2\/product_brand?post=783972"},{"taxonomy":"product_cat","embeddable":true,"href":"https:\/\/roveyayinevi.com.tr\/index.php\/wp-json\/wp\/v2\/product_cat?post=783972"},{"taxonomy":"product_tag","embeddable":true,"href":"https:\/\/roveyayinevi.com.tr\/index.php\/wp-json\/wp\/v2\/product_tag?post=783972"}],"curies":[{"name":"wp","href":"https:\/\/api.w.org\/{rel}","templated":true}]}}