{"id":783971,"date":"2026-02-26T23:49:43","date_gmt":"2026-02-26T20:49:43","guid":{"rendered":"https:\/\/roveyayinevi.com.tr\/index.php\/urun\/ateizme-reddiyegerekli-insan-tasarrufunu-devre-disi-birakan-kabul\/"},"modified":"2026-04-15T03:46:50","modified_gmt":"2026-04-15T00:46:50","slug":"ateizme-reddiyegerekli-insan-tasarrufunu-devre-disi-birakan-kabul","status":"publish","type":"product","link":"https:\/\/roveyayinevi.com.tr\/index.php\/urun\/ateizme-reddiyegerekli-insan-tasarrufunu-devre-disi-birakan-kabul\/","title":{"rendered":"Ateizme Reddiye;Gerekli \u0130nsan Tasarrufunu Devre D\u0131\u015f\u0131 B\u0131rakan Kabul"},"content":{"rendered":"<p>Ateizmin besin kayna\u011f\u0131 durumunda olan \u015feylerin, din ve dindarl\u0131k baz\u0131nda insana sunulanlara kar\u015f\u0131 kabul, anlama, sorgulama, ele\u015ftiri ve \u00f6neri yerine, k\u00f6kten reddiyeyi merkeze alan kar\u015f\u0131 koyma se\u00e7ene\u011fi oldu\u011fu unutulmamal\u0131d\u0131r. Onun bu kabul\u00fc, hakl\u0131 bir tarzda yanl\u0131\u015f ve eksik hatta imk\u00e2ns\u0131z olan\u0131 reddetme \u00fczerinden giderek, b\u00fcsb\u00fct\u00fcn haks\u0131z bir \u015fekilde olmas\u0131 gerekenin sistem d\u0131\u015f\u0131na al\u0131nmas\u0131na da kap\u0131 aralamaktad\u0131r. Kolayl\u0131kla gelinen bu a\u015faman\u0131n ise, sa\u011fl\u0131kl\u0131 d\u00fc\u015f\u00fcnmeden ziyade, k\u00f6kten reddetme iste\u011finin h\u00e2kimiyetine a\u00e7\u0131lan kap\u0131lara f\u0131rsat sundu\u011fu da yakinen bilinmektedir.<\/p>\n","protected":false},"excerpt":{"rendered":"<p>Ateizmin besin kayna\u011f\u0131 durumunda olan \u015feylerin, din ve dindarl\u0131k baz\u0131nda insana sunulanlara kar\u015f\u0131 kabul, anlama, sorgulama, ele\u015ftiri ve \u00f6neri yerine, k\u00f6kten reddiyeyi merkeze alan kar\u015f\u0131 koyma<span class=\"excerpt-hellip\"> [\u2026]<\/span><\/p>\n","protected":false},"featured_media":0,"template":"","meta":{"_monsterinsights_skip_tracking":false,"_monsterinsights_sitenote_active":false,"_monsterinsights_sitenote_note":"","_monsterinsights_sitenote_category":0},"product_brand":[],"product_cat":[12718],"product_tag":[],"class_list":{"0":"post-783971","1":"product","2":"type-product","3":"status-publish","5":"product_cat-din","6":"pa_cilt-ciltsiz","7":"pa_tur-kitap","8":"pa_yayinevi-arastirma-yayinlari","9":"pa_yazar-namik-kemal-okumus","11":"first","12":"instock","13":"sale","14":"shipping-taxable","15":"purchasable","16":"product-type-simple"},"_links":{"self":[{"href":"https:\/\/roveyayinevi.com.tr\/index.php\/wp-json\/wp\/v2\/product\/783971","targetHints":{"allow":["GET"]}}],"collection":[{"href":"https:\/\/roveyayinevi.com.tr\/index.php\/wp-json\/wp\/v2\/product"}],"about":[{"href":"https:\/\/roveyayinevi.com.tr\/index.php\/wp-json\/wp\/v2\/types\/product"}],"wp:attachment":[{"href":"https:\/\/roveyayinevi.com.tr\/index.php\/wp-json\/wp\/v2\/media?parent=783971"}],"wp:term":[{"taxonomy":"product_brand","embeddable":true,"href":"https:\/\/roveyayinevi.com.tr\/index.php\/wp-json\/wp\/v2\/product_brand?post=783971"},{"taxonomy":"product_cat","embeddable":true,"href":"https:\/\/roveyayinevi.com.tr\/index.php\/wp-json\/wp\/v2\/product_cat?post=783971"},{"taxonomy":"product_tag","embeddable":true,"href":"https:\/\/roveyayinevi.com.tr\/index.php\/wp-json\/wp\/v2\/product_tag?post=783971"}],"curies":[{"name":"wp","href":"https:\/\/api.w.org\/{rel}","templated":true}]}}