{"id":783967,"date":"2026-02-26T23:49:31","date_gmt":"2026-02-26T20:49:31","guid":{"rendered":"https:\/\/roveyayinevi.com.tr\/index.php\/urun\/ihlas-cagrisi\/"},"modified":"2026-04-15T03:46:50","modified_gmt":"2026-04-15T00:46:50","slug":"ihlas-cagrisi","status":"publish","type":"product","link":"https:\/\/roveyayinevi.com.tr\/index.php\/urun\/ihlas-cagrisi\/","title":{"rendered":"\u0130hlas \u00c7a\u011fr\u0131s\u0131"},"content":{"rendered":"<p>\u0130slami ve insani de\u011ferlerin, duyarl\u0131l\u0131klar\u0131n h\u0131zla a\u015f\u0131nd\u0131\u011f\u0131 bir zaman diliminde ya\u015f\u0131yoruz&#8230; Toplumlar y\u00f6ns\u00fczl\u00fck girdab\u0131na s\u00fcr\u00fckleniyor&#8230; Maddi ve fiziki gereksinimleri giderilen insan, &#8220;kutsal&#8221; olandan, &#8220;ilahi&#8221; olandan, &#8220;metafizik&#8221; olandan kopar\u0131l\u0131yor&#8230; Ve insan savunmas\u0131z&#8230; \u00d6z\u00fcnden kopan&#8230; Ba\u015fkala\u015fan, kendi olmayan birey, yabanc\u0131la\u015fma s\u00fcrecinde g\u00fcvensiz.. G\u00f6n\u00fcls\u00fcz.. Yaln\u0131z ve so\u011fuk&#8230; Ku\u015fkulu ve doyumsuz&#8230; &#8220;G\u00f6n\u00fcl&#8221; ve &#8220;g\u00fcven&#8221; y\u0131k\u0131ma u\u011frad\u0131&#8230; Ak\u0131l ve g\u00fc\u00e7 kutsand\u0131&#8230;\u0130nsano\u011flu \u00fcretti\u011fi teknolojinin esiri&#8230; S\u0131cak ve samimi d\u00fcnyalar\u0131n yerni sanal d\u00fcnyalar ald\u0131&#8230; Yapay duru\u015flar&#8230; Mekanik ili\u015fkiler&#8230; Dijital bir ya\u015fam&#8230; Bencil duygular&#8230; F\u0131rsat\u00e7\u0131 bak\u0131\u015flar&#8230;\u00e7\u0131karc\u0131 hesaplar&#8230; \u00c7a\u011fda\u015f insan\u0131n ya\u015fam felsefesi&#8230;<\/p>\n","protected":false},"excerpt":{"rendered":"<p>\u0130slami ve insani de\u011ferlerin, duyarl\u0131l\u0131klar\u0131n h\u0131zla a\u015f\u0131nd\u0131\u011f\u0131 bir zaman diliminde ya\u015f\u0131yoruz&#8230; Toplumlar y\u00f6ns\u00fczl\u00fck girdab\u0131na s\u00fcr\u00fckleniyor&#8230; Maddi ve fiziki gereksinimleri giderilen insan, &#8220;kutsal&#8221; olandan, &#8220;ilahi&#8221; olandan, &#8220;metafizik&#8221;<span class=\"excerpt-hellip\"> [\u2026]<\/span><\/p>\n","protected":false},"featured_media":0,"template":"","meta":{"_monsterinsights_skip_tracking":false,"_monsterinsights_sitenote_active":false,"_monsterinsights_sitenote_note":"","_monsterinsights_sitenote_category":0},"product_brand":[],"product_cat":[16789,12718,12719],"product_tag":[],"class_list":{"0":"post-783967","1":"product","2":"type-product","3":"status-publish","5":"product_cat-diger-islam","6":"product_cat-din","7":"product_cat-islam","8":"pa_cilt-ciltsiz","9":"pa_tur-kitap","10":"pa_yayinevi-sahra-kitap","11":"pa_yazar-ramazan-kayan","13":"first","14":"instock","15":"sale","16":"shipping-taxable","17":"purchasable","18":"product-type-simple"},"_links":{"self":[{"href":"https:\/\/roveyayinevi.com.tr\/index.php\/wp-json\/wp\/v2\/product\/783967","targetHints":{"allow":["GET"]}}],"collection":[{"href":"https:\/\/roveyayinevi.com.tr\/index.php\/wp-json\/wp\/v2\/product"}],"about":[{"href":"https:\/\/roveyayinevi.com.tr\/index.php\/wp-json\/wp\/v2\/types\/product"}],"wp:attachment":[{"href":"https:\/\/roveyayinevi.com.tr\/index.php\/wp-json\/wp\/v2\/media?parent=783967"}],"wp:term":[{"taxonomy":"product_brand","embeddable":true,"href":"https:\/\/roveyayinevi.com.tr\/index.php\/wp-json\/wp\/v2\/product_brand?post=783967"},{"taxonomy":"product_cat","embeddable":true,"href":"https:\/\/roveyayinevi.com.tr\/index.php\/wp-json\/wp\/v2\/product_cat?post=783967"},{"taxonomy":"product_tag","embeddable":true,"href":"https:\/\/roveyayinevi.com.tr\/index.php\/wp-json\/wp\/v2\/product_tag?post=783967"}],"curies":[{"name":"wp","href":"https:\/\/api.w.org\/{rel}","templated":true}]}}