{"id":783964,"date":"2026-02-26T23:49:23","date_gmt":"2026-02-26T20:49:23","guid":{"rendered":"https:\/\/roveyayinevi.com.tr\/index.php\/urun\/nebevi-durus\/"},"modified":"2026-04-15T03:46:50","modified_gmt":"2026-04-15T00:46:50","slug":"nebevi-durus","status":"publish","type":"product","link":"https:\/\/roveyayinevi.com.tr\/index.php\/urun\/nebevi-durus\/","title":{"rendered":"Nebevi Duru\u015f"},"content":{"rendered":"<p>Bug\u00fcn vicdanlar\u0131m\u0131z\u0131n derinliklerinde en sayg\u0131n yere oturtulan bir peygamber alg\u0131s\u0131 ile kar\u015f\u0131 kar\u015f\u0131yay\u0131z&#8230; Y\u00fcreklerde ya\u015fayan Nebi&#8217;nin ya\u015fam ilkeleri hayat\u0131m\u0131zda nedense y\u00fcr\u00fcrl\u00fc\u011fe bir t\u00fcrl\u00fc girmiyor&#8230; O (sav)&#8217;nun prensipleri ile prati\u011fimiz aras\u0131ndaki \u00e7atlakl\u0131k g\u00fcn ge\u00e7tik\u00e7e geni\u015fliyor&#8230; \u00c7\u00fcnk\u00fc O&#8217;nu uzlete ittik, hayata inmiyor&#8230; \u00dcz\u00fclerek ifade etmek durumunday\u0131z; do\u011fu\u015ftan bir\u00e7ok M\u00fcsl\u00fcman, Hz. Peygamberin hayata bak\u0131\u015f\u0131ndan bihaber, sek\u00fcler d\u00fcnyan\u0131n rotas\u0131nda yol almaktad\u0131r&#8230; Peygamberle aras\u0131na giren pop\u00fcler k\u00fclt\u00fcr\u00fc a\u015fabilecek bilgi ve bilin\u00e7ten yoksunlar&#8230; Bug\u00fcn maalesef sanatta, sanalda, sporda, siyasette, sosyal hayatta, sinemada \u0130slam peygamberi yeterince yoktur&#8230; Olmad\u0131\u011f\u0131 gibi 21 as\u0131rda ad\u0131 an\u0131ld\u0131\u011f\u0131nda akla ter\u00f6r ve \u015fiddet gelen bir alg\u0131 operasyonu ile kar\u015f\u0131 kar\u015f\u0131yay\u0131z&#8230; Allah Rasul\u00fc (sav)&#8217;ne y\u00f6nelik bu sistematik \u00e7arp\u0131tma, yan\u0131ltma ve karartma operasyonlar\u0131na kar\u015f\u0131 peygamberli\u011fin sahih tan\u0131m\u0131 ve \u00e7er\u00e7evesini do\u011fru ortaya koymal\u0131y\u0131z&#8230; Allah Rasul\u00fc (sav)&#8217;n\u00fc referans alanlar\u0131n bile kendi aralar\u0131ndaki \u00e7eli\u015fkili bak\u0131\u015f a\u00e7\u0131lar\u0131 \u00fcmmetin en derin a\u00e7mazlar\u0131ndan biridir bug\u00fcn&#8230; M\u00fcsl\u00fcmanlar\u0131n n\u00fcb\u00fcvvet, s\u00fcnnet, siret alg\u0131s\u0131n\u0131n, k\u00fcresel d\u00fcnya politikalar\u0131na etki edecek d\u00fczeyde oldu\u011funu s\u00f6yleyebiliyor muyuz? Alt\u0131n\u0131 \u00e7izmemiz gereken ger\u00e7ek \u015fudur; \u00f6zel hayat\u0131n\u0131, d\u00fc\u015f\u00fcnce d\u00fcnyas\u0131n\u0131, k\u00fclt\u00fcrel havzas\u0131n\u0131, devlet politikas\u0131n\u0131 nebevi kriterler \u00fczerine tesis etmeyen kim olursa olsun, Hz. Muhammed&#8217;e uzak O (sav)&#8217;na ula\u015fmak istiyorsak, hayat\u0131 O (sav)&#8217;nun rehberli\u011finde de\u011fi\u015ftirmeyi kabul etmeliyiz&#8230;<\/p>\n","protected":false},"excerpt":{"rendered":"<p>Bug\u00fcn vicdanlar\u0131m\u0131z\u0131n derinliklerinde en sayg\u0131n yere oturtulan bir peygamber alg\u0131s\u0131 ile kar\u015f\u0131 kar\u015f\u0131yay\u0131z&#8230; Y\u00fcreklerde ya\u015fayan Nebi&#8217;nin ya\u015fam ilkeleri hayat\u0131m\u0131zda nedense y\u00fcr\u00fcrl\u00fc\u011fe bir t\u00fcrl\u00fc girmiyor&#8230; O (sav)&#8217;nun<span class=\"excerpt-hellip\"> [\u2026]<\/span><\/p>\n","protected":false},"featured_media":0,"template":"","meta":{"_monsterinsights_skip_tracking":false,"_monsterinsights_sitenote_active":false,"_monsterinsights_sitenote_note":"","_monsterinsights_sitenote_category":0},"product_brand":[],"product_cat":[16789,12718,12719],"product_tag":[],"class_list":{"0":"post-783964","1":"product","2":"type-product","3":"status-publish","5":"product_cat-diger-islam","6":"product_cat-din","7":"product_cat-islam","8":"pa_cilt-ciltsiz","9":"pa_tur-kitap","10":"pa_yayinevi-sahra-kitap","11":"pa_yazar-ramazan-kayan","13":"first","14":"instock","15":"sale","16":"shipping-taxable","17":"purchasable","18":"product-type-simple"},"_links":{"self":[{"href":"https:\/\/roveyayinevi.com.tr\/index.php\/wp-json\/wp\/v2\/product\/783964","targetHints":{"allow":["GET"]}}],"collection":[{"href":"https:\/\/roveyayinevi.com.tr\/index.php\/wp-json\/wp\/v2\/product"}],"about":[{"href":"https:\/\/roveyayinevi.com.tr\/index.php\/wp-json\/wp\/v2\/types\/product"}],"wp:attachment":[{"href":"https:\/\/roveyayinevi.com.tr\/index.php\/wp-json\/wp\/v2\/media?parent=783964"}],"wp:term":[{"taxonomy":"product_brand","embeddable":true,"href":"https:\/\/roveyayinevi.com.tr\/index.php\/wp-json\/wp\/v2\/product_brand?post=783964"},{"taxonomy":"product_cat","embeddable":true,"href":"https:\/\/roveyayinevi.com.tr\/index.php\/wp-json\/wp\/v2\/product_cat?post=783964"},{"taxonomy":"product_tag","embeddable":true,"href":"https:\/\/roveyayinevi.com.tr\/index.php\/wp-json\/wp\/v2\/product_tag?post=783964"}],"curies":[{"name":"wp","href":"https:\/\/api.w.org\/{rel}","templated":true}]}}