{"id":783963,"date":"2026-02-26T23:49:21","date_gmt":"2026-02-26T20:49:21","guid":{"rendered":"https:\/\/roveyayinevi.com.tr\/index.php\/urun\/yarin-icin\/"},"modified":"2026-04-15T03:46:50","modified_gmt":"2026-04-15T00:46:50","slug":"yarin-icin","status":"publish","type":"product","link":"https:\/\/roveyayinevi.com.tr\/index.php\/urun\/yarin-icin\/","title":{"rendered":"Yar\u0131n \u0130\u00e7in"},"content":{"rendered":"<p>S\u00fcrekli \u015fiirlere, \u00f6yk\u00fclere, t\u00fcrk\u00fclere, filmlere, masallara konu olan \u00f6l\u00fcm nedense y\u00fcreklerde yeterince yer edinemedi\u2026 Hayat\u0131n ak\u0131\u015f\u0131na etki etmedi\u2026 Ahiret hedefimiz h\u0131zla haf\u0131zalar\u0131m\u0131zdan ve hayat\u0131m\u0131zdan siliniyor\u2026 Y\u00fcreklerimiz ahirete d\u00f6n\u00fck sevdalar\u0131 konuk edemez oldu&#8230; Ayaklar\u0131m\u0131z\u0131n alt\u0131nda kay\u0131p giden topra\u011fa \u00f6ylesine bel ba\u011flam\u0131\u015f\u0131z ki, bir g\u00fcn bizi ba\u011fr\u0131na \u00e7ekece\u011fini hat\u0131rlamak istemiyoruz\u2026 Daralan ahiret ufku, k\u00f6relen \u00f6l\u00fcm \u015fuuru her t\u00fcrl\u00fc kirlilik ve k\u00f6t\u00fcl\u00fc\u011f\u00fcn \u00f6n\u00fcn\u00fc a\u00e7\u0131yor&#8230; Ad\u0131m ad\u0131m, nefes nefes, yudum yudum \u00f6l\u00fcme y\u00fcr\u00fcyoruz\u2026 Ceset ceset, tabut tabut, mezar mezar \u00f6l\u00fcm\u00fc g\u00f6r\u00fcyoruz\u2026 Nedense g\u00f6rmemezlikten geliyoruz\u2026 Bu \u00e7al\u0131\u015fmadan amac\u0131m; ya\u015faman\u0131n ve h\u00e2l\u00e2 nefes al\u0131yor olman\u0131n k\u0131ymetini bilmek\u2026 Kalan \u00f6mr\u00fcm\u00fcze salih amel ad\u0131na ne y\u00fckleyebiliriz? G\u00f6r\u00fcyorsunuz her \u015fey h\u0131zla elimizin alt\u0131ndan kay\u0131p gidiyor\u2026 Evet, yol yak\u0131nken, \u201cYARIN \u0130\u00c7\u0130N\u201d elimizden ne gelir? \u0130\u015fte bu asli amaca y\u00f6nelik, ruhumda depre\u015fen duygu ve d\u00fc\u015f\u00fcnceleri sizlerle payla\u015fmak istedim\u2026 Derdim sadece bu kitab\u0131n okunmas\u0131 de\u011fil, hayat\u0131m\u0131z\u0131 g\u00f6zden ge\u00e7irmek, daha derinlikli d\u00fc\u015f\u00fcnmek, \u00f6l\u00fcmle y\u00fczle\u015fmek, emaneti Sahibine y\u00fcz ak\u0131yla verebilmektir&#8230;<\/p>\n","protected":false},"excerpt":{"rendered":"<p>S\u00fcrekli \u015fiirlere, \u00f6yk\u00fclere, t\u00fcrk\u00fclere, filmlere, masallara konu olan \u00f6l\u00fcm nedense y\u00fcreklerde yeterince yer edinemedi\u2026 Hayat\u0131n ak\u0131\u015f\u0131na etki etmedi\u2026 Ahiret hedefimiz h\u0131zla haf\u0131zalar\u0131m\u0131zdan ve hayat\u0131m\u0131zdan siliniyor\u2026 Y\u00fcreklerimiz<span class=\"excerpt-hellip\"> [\u2026]<\/span><\/p>\n","protected":false},"featured_media":0,"template":"","meta":{"_monsterinsights_skip_tracking":false,"_monsterinsights_sitenote_active":false,"_monsterinsights_sitenote_note":"","_monsterinsights_sitenote_category":0},"product_brand":[],"product_cat":[16789,12718,12719],"product_tag":[],"class_list":{"0":"post-783963","1":"product","2":"type-product","3":"status-publish","5":"product_cat-diger-islam","6":"product_cat-din","7":"product_cat-islam","8":"pa_cilt-ciltsiz","9":"pa_tur-kitap","10":"pa_yayinevi-sahra-kitap","11":"pa_yazar-ramazan-kayan","13":"first","14":"instock","15":"sale","16":"shipping-taxable","17":"purchasable","18":"product-type-simple"},"_links":{"self":[{"href":"https:\/\/roveyayinevi.com.tr\/index.php\/wp-json\/wp\/v2\/product\/783963","targetHints":{"allow":["GET"]}}],"collection":[{"href":"https:\/\/roveyayinevi.com.tr\/index.php\/wp-json\/wp\/v2\/product"}],"about":[{"href":"https:\/\/roveyayinevi.com.tr\/index.php\/wp-json\/wp\/v2\/types\/product"}],"wp:attachment":[{"href":"https:\/\/roveyayinevi.com.tr\/index.php\/wp-json\/wp\/v2\/media?parent=783963"}],"wp:term":[{"taxonomy":"product_brand","embeddable":true,"href":"https:\/\/roveyayinevi.com.tr\/index.php\/wp-json\/wp\/v2\/product_brand?post=783963"},{"taxonomy":"product_cat","embeddable":true,"href":"https:\/\/roveyayinevi.com.tr\/index.php\/wp-json\/wp\/v2\/product_cat?post=783963"},{"taxonomy":"product_tag","embeddable":true,"href":"https:\/\/roveyayinevi.com.tr\/index.php\/wp-json\/wp\/v2\/product_tag?post=783963"}],"curies":[{"name":"wp","href":"https:\/\/api.w.org\/{rel}","templated":true}]}}