{"id":783962,"date":"2026-02-26T23:49:19","date_gmt":"2026-02-26T20:49:19","guid":{"rendered":"https:\/\/roveyayinevi.com.tr\/index.php\/urun\/nebevi-bir-eylem-davet\/"},"modified":"2026-04-15T03:46:50","modified_gmt":"2026-04-15T00:46:50","slug":"nebevi-bir-eylem-davet","status":"publish","type":"product","link":"https:\/\/roveyayinevi.com.tr\/index.php\/urun\/nebevi-bir-eylem-davet\/","title":{"rendered":"Nebevi Bir Eylem Davet"},"content":{"rendered":"<p>Davet, yolunu \u015fa\u015f\u0131rm\u0131\u015flara ilk yard\u0131m m\u00fcdahalesidir\u2026 F\u0131trat\u0131 bozulmu\u015f duygu ve d\u00fc\u015f\u00fcnce kodlar\u0131na f\u0131trat\u0131n\u0131 hat\u0131rlatmakt\u0131r\u2026 Allah taraf\u0131ndan ba\u011f\u0131\u015flanan hayat\u0131, O\u2019nun istedi\u011fi \u201chayat tarz\u0131na\u201d \u00e7evirmeye \u00e7a\u011fr\u0131d\u0131r\u2026 Davet bir hayatt\u0131r, bir sebatt\u0131r ve nebevi bir sanatt\u0131r\u2026 Hayat devam etti\u011fi s\u00fcrece davet de devam eder\u2026\u0130slami davet, itikadi ve ibadi bir zorunluluktur\u2026 \u0130mani bir gerekliliktir\u2026 Ne bir faraziye ne de bir fantezidir\u2026 Farzlardan bir farzd\u0131r\u2026 Hatta farzlar\u0131n farz\u0131 diyebilece\u011fimiz bir farzd\u0131r\u2026 Davet gelip ge\u00e7ici bir heves de\u011fil\u2026 D\u00f6nemsel bir u\u011fra\u015f de\u011fil\u2026 Sosyal ve k\u00fclt\u00fcrel bir etkinlik de\u011fil\u2026 Bir al\u0131\u015fkanl\u0131k de\u011fil\u2026 \u00d6rg\u00fctsel bir faaliyet de de\u011fil\u2026 Kullu\u011fun ta kendisidir\u2026Davet peygamber mesle\u011fidir\u2026 O halde nebevi bir duru\u015fla son nefesimize kadar daveti s\u00fcrd\u00fcrmeliyiz\u2026<\/p>\n","protected":false},"excerpt":{"rendered":"<p>Davet, yolunu \u015fa\u015f\u0131rm\u0131\u015flara ilk yard\u0131m m\u00fcdahalesidir\u2026 F\u0131trat\u0131 bozulmu\u015f duygu ve d\u00fc\u015f\u00fcnce kodlar\u0131na f\u0131trat\u0131n\u0131 hat\u0131rlatmakt\u0131r\u2026 Allah taraf\u0131ndan ba\u011f\u0131\u015flanan hayat\u0131, O\u2019nun istedi\u011fi \u201chayat tarz\u0131na\u201d \u00e7evirmeye \u00e7a\u011fr\u0131d\u0131r\u2026 Davet bir<span class=\"excerpt-hellip\"> [\u2026]<\/span><\/p>\n","protected":false},"featured_media":0,"template":"","meta":{"_monsterinsights_skip_tracking":false,"_monsterinsights_sitenote_active":false,"_monsterinsights_sitenote_note":"","_monsterinsights_sitenote_category":0},"product_brand":[],"product_cat":[16789,12718,12719],"product_tag":[],"class_list":{"0":"post-783962","1":"product","2":"type-product","3":"status-publish","5":"product_cat-diger-islam","6":"product_cat-din","7":"product_cat-islam","8":"pa_cilt-ciltsiz","9":"pa_tur-kitap","10":"pa_yayinevi-sahra-kitap","11":"pa_yazar-ramazan-kayan","13":"first","14":"instock","15":"sale","16":"shipping-taxable","17":"purchasable","18":"product-type-simple"},"_links":{"self":[{"href":"https:\/\/roveyayinevi.com.tr\/index.php\/wp-json\/wp\/v2\/product\/783962","targetHints":{"allow":["GET"]}}],"collection":[{"href":"https:\/\/roveyayinevi.com.tr\/index.php\/wp-json\/wp\/v2\/product"}],"about":[{"href":"https:\/\/roveyayinevi.com.tr\/index.php\/wp-json\/wp\/v2\/types\/product"}],"wp:attachment":[{"href":"https:\/\/roveyayinevi.com.tr\/index.php\/wp-json\/wp\/v2\/media?parent=783962"}],"wp:term":[{"taxonomy":"product_brand","embeddable":true,"href":"https:\/\/roveyayinevi.com.tr\/index.php\/wp-json\/wp\/v2\/product_brand?post=783962"},{"taxonomy":"product_cat","embeddable":true,"href":"https:\/\/roveyayinevi.com.tr\/index.php\/wp-json\/wp\/v2\/product_cat?post=783962"},{"taxonomy":"product_tag","embeddable":true,"href":"https:\/\/roveyayinevi.com.tr\/index.php\/wp-json\/wp\/v2\/product_tag?post=783962"}],"curies":[{"name":"wp","href":"https:\/\/api.w.org\/{rel}","templated":true}]}}