{"id":783960,"date":"2026-02-26T23:49:14","date_gmt":"2026-02-26T20:49:14","guid":{"rendered":"https:\/\/roveyayinevi.com.tr\/index.php\/urun\/psikososyal-cozumlemeler\/"},"modified":"2026-04-15T03:46:50","modified_gmt":"2026-04-15T00:46:50","slug":"psikososyal-cozumlemeler","status":"publish","type":"product","link":"https:\/\/roveyayinevi.com.tr\/index.php\/urun\/psikososyal-cozumlemeler\/","title":{"rendered":"Psikososyal \u00c7\u00f6z\u00fcmlemeler"},"content":{"rendered":"<p>&#8230; Alt\u0131 aydan fazla bir s\u00fcre boyunca her hafta bir bu\u00e7uk iki saat kadar telefonun ba\u015f\u0131nda sorular\u0131 cevaplad\u0131m, dan\u0131\u015fmanl\u0131k yapt\u0131m ve insanlara tavsiyelerde bulundum. Bu kitab\u0131n temelini, bu sorulara verdi\u011fim cevaplar\u0131m\u0131n i\u00e7inden se\u00e7ilen \u00e7\u00f6z\u00fcmlemeler olu\u015fturmaktad\u0131r. Okurlar\u0131n da g\u00f6rece\u011fi \u00fczere, sorular d\u00fcnyan\u0131n farkl\u0131 yerlerinden geldi\u011fi i\u00e7in tart\u0131\u015f\u0131lan konular epey \u00e7e\u015fitlilik g\u00f6stermektedir. De\u011fi\u015fen ve k\u00fcreselle\u015fen d\u00fcnyada M\u00fcsl\u00fcmanlar\u0131 etkileyen meselelerle ilgilenilmektedir. Her ne kadar de\u011finilen konular\u0131n \u00e7o\u011fu evlilik i\u00e7i ge\u00e7imsizlik, anksiyete ve miza\u00e7 bozukluklar\u0131ndan kaynaklanan meseleler olsa da, foruma parapsikoloji, madde ba\u011f\u0131ml\u0131l\u0131\u011f\u0131 ve zihnin beden \u00fczerindeki etkisi gibi konularda da ilgin\u00e7 sorular geldi. Metni yay\u0131n i\u00e7in haz\u0131rlarken baz\u0131 sorulara ve yan\u0131tlara kimi d\u00fczeltmeler yapt\u0131m ve baz\u0131 yeni fikirler ekledim; ancak do\u011fa\u00e7lama yakla\u015f\u0131m\u0131 korumaya \u00e7al\u0131\u015ft\u0131m. Sonu\u00e7 itibariyle kitapta, bilimsel \u00e7al\u0131\u015fmalarda g\u00f6r\u00fclen dipnotlar ve kaynak\u00e7ada belirtilen at\u0131f sistemine kat\u0131 bir \u015fekilde uyulmam\u0131\u015ft\u0131r. Daha ziyade, siber-dan\u0131\u015fmanl\u0131k seanslar\u0131mda M\u00fcsl\u00fcmanlar taraf\u0131ndan sorulara verilen spontane cevaplar\u0131n bir derlemesidir.<\/p>\n","protected":false},"excerpt":{"rendered":"<p>&#8230; Alt\u0131 aydan fazla bir s\u00fcre boyunca her hafta bir bu\u00e7uk iki saat kadar telefonun ba\u015f\u0131nda sorular\u0131 cevaplad\u0131m, dan\u0131\u015fmanl\u0131k yapt\u0131m ve insanlara tavsiyelerde bulundum. Bu kitab\u0131n<span class=\"excerpt-hellip\"> [\u2026]<\/span><\/p>\n","protected":false},"featured_media":0,"template":"","meta":{"_monsterinsights_skip_tracking":false,"_monsterinsights_sitenote_active":false,"_monsterinsights_sitenote_note":"","_monsterinsights_sitenote_category":0},"product_brand":[],"product_cat":[12357],"product_tag":[],"class_list":{"0":"post-783960","1":"product","2":"type-product","3":"status-publish","5":"product_cat-psikoloji","6":"pa_cilt-ciltsiz","7":"pa_tur-kitap","8":"pa_yayinevi-mahya-yayinlari","9":"pa_yazar-malik-bedri","11":"first","12":"instock","13":"sale","14":"shipping-taxable","15":"purchasable","16":"product-type-simple"},"_links":{"self":[{"href":"https:\/\/roveyayinevi.com.tr\/index.php\/wp-json\/wp\/v2\/product\/783960","targetHints":{"allow":["GET"]}}],"collection":[{"href":"https:\/\/roveyayinevi.com.tr\/index.php\/wp-json\/wp\/v2\/product"}],"about":[{"href":"https:\/\/roveyayinevi.com.tr\/index.php\/wp-json\/wp\/v2\/types\/product"}],"wp:attachment":[{"href":"https:\/\/roveyayinevi.com.tr\/index.php\/wp-json\/wp\/v2\/media?parent=783960"}],"wp:term":[{"taxonomy":"product_brand","embeddable":true,"href":"https:\/\/roveyayinevi.com.tr\/index.php\/wp-json\/wp\/v2\/product_brand?post=783960"},{"taxonomy":"product_cat","embeddable":true,"href":"https:\/\/roveyayinevi.com.tr\/index.php\/wp-json\/wp\/v2\/product_cat?post=783960"},{"taxonomy":"product_tag","embeddable":true,"href":"https:\/\/roveyayinevi.com.tr\/index.php\/wp-json\/wp\/v2\/product_tag?post=783960"}],"curies":[{"name":"wp","href":"https:\/\/api.w.org\/{rel}","templated":true}]}}