{"id":783959,"date":"2026-02-26T23:49:11","date_gmt":"2026-02-26T20:49:11","guid":{"rendered":"https:\/\/roveyayinevi.com.tr\/index.php\/urun\/islamda-ibadet-mefhumu\/"},"modified":"2026-04-15T03:46:50","modified_gmt":"2026-04-15T00:46:50","slug":"islamda-ibadet-mefhumu","status":"publish","type":"product","link":"https:\/\/roveyayinevi.com.tr\/index.php\/urun\/islamda-ibadet-mefhumu\/","title":{"rendered":"\u0130slam&#8217;da \u0130badet Mefhumu"},"content":{"rendered":"<p>Bir k\u0131s\u0131m insanlar -Allah\u0131n, yarat\u0131l\u0131\u015f\u0131n gayesi k\u0131ld\u0131\u011f\u0131- ibadeti basit ve dar anlam\u0131yla anlam\u0131\u015flard\u0131r. Buna g\u00f6re onlar\u0131n ibadet anlay\u0131\u015f\u0131 namaz, oru\u00e7, zek\u00e2t, hac ve bunlar\u0131 takip eden zikir, dua ve Kuran okumak gibi belirli vecibelerin \u00f6tesine ge\u00e7memektedir. Onlar ibadet konusundaki bu dar anlay\u0131\u015flar\u0131yla hayat\u0131n b\u00fct\u00fcn sahalar\u0131n\u0131 i\u00e7ine alan \u0130slami emir ve yasaklar\u0131, ahk\u00e2m ve tavsiyeleri ihmal ettiklerine ald\u0131rm\u0131yorlar. H\u00e2lbuki ibadet Kuran ve s\u00fcnnetin a\u00e7\u0131klad\u0131\u011f\u0131 \u015fekli ve bu \u00fcmmetin se\u00e7kin kadrosunun anlay\u0131\u015f\u0131yla dinin ve hayat\u0131n t\u00fcm\u00fcn\u00fc i\u00e7ine almaktad\u0131r.<\/p>\n","protected":false},"excerpt":{"rendered":"<p>Bir k\u0131s\u0131m insanlar -Allah\u0131n, yarat\u0131l\u0131\u015f\u0131n gayesi k\u0131ld\u0131\u011f\u0131- ibadeti basit ve dar anlam\u0131yla anlam\u0131\u015flard\u0131r. Buna g\u00f6re onlar\u0131n ibadet anlay\u0131\u015f\u0131 namaz, oru\u00e7, zek\u00e2t, hac ve bunlar\u0131 takip eden<span class=\"excerpt-hellip\"> [\u2026]<\/span><\/p>\n","protected":false},"featured_media":0,"template":"","meta":{"_monsterinsights_skip_tracking":false,"_monsterinsights_sitenote_active":false,"_monsterinsights_sitenote_note":"","_monsterinsights_sitenote_category":0},"product_brand":[],"product_cat":[12718,12719],"product_tag":[],"class_list":{"0":"post-783959","1":"product","2":"type-product","3":"status-publish","5":"product_cat-din","6":"product_cat-islam","7":"pa_cilt-ciltsiz","8":"pa_tur-kitap","9":"pa_yayinevi-nida-yayinlari","10":"pa_yazar-yusuf-el-karadavi","12":"first","13":"instock","14":"sale","15":"shipping-taxable","16":"purchasable","17":"product-type-simple"},"_links":{"self":[{"href":"https:\/\/roveyayinevi.com.tr\/index.php\/wp-json\/wp\/v2\/product\/783959","targetHints":{"allow":["GET"]}}],"collection":[{"href":"https:\/\/roveyayinevi.com.tr\/index.php\/wp-json\/wp\/v2\/product"}],"about":[{"href":"https:\/\/roveyayinevi.com.tr\/index.php\/wp-json\/wp\/v2\/types\/product"}],"wp:attachment":[{"href":"https:\/\/roveyayinevi.com.tr\/index.php\/wp-json\/wp\/v2\/media?parent=783959"}],"wp:term":[{"taxonomy":"product_brand","embeddable":true,"href":"https:\/\/roveyayinevi.com.tr\/index.php\/wp-json\/wp\/v2\/product_brand?post=783959"},{"taxonomy":"product_cat","embeddable":true,"href":"https:\/\/roveyayinevi.com.tr\/index.php\/wp-json\/wp\/v2\/product_cat?post=783959"},{"taxonomy":"product_tag","embeddable":true,"href":"https:\/\/roveyayinevi.com.tr\/index.php\/wp-json\/wp\/v2\/product_tag?post=783959"}],"curies":[{"name":"wp","href":"https:\/\/api.w.org\/{rel}","templated":true}]}}