{"id":783958,"date":"2026-02-26T23:49:08","date_gmt":"2026-02-26T20:49:08","guid":{"rendered":"https:\/\/roveyayinevi.com.tr\/index.php\/urun\/iman-ve-hayat\/"},"modified":"2026-04-15T03:46:50","modified_gmt":"2026-04-15T00:46:50","slug":"iman-ve-hayat","status":"publish","type":"product","link":"https:\/\/roveyayinevi.com.tr\/index.php\/urun\/iman-ve-hayat\/","title":{"rendered":"\u0130man ve Hayat"},"content":{"rendered":"<p>Cemiyet, din ve iman olmadan orman cemiyetidir, isterse tepesinde medeniyet \u015fim\u015fekleri \u00e7aks\u0131n. Orada hayat zorban\u0131n ve kuvvetlinindir; faziletlinin ve muttakinin de\u011fildir. O cemiyet mutsuz ve bedbahtt\u0131r; isterse refah i\u00e7inde ya\u015fas\u0131n ve nimet i\u00e7inde y\u00fczs\u00fcn. O cemiyet basit ve ucuz bir cemiyettir. \u00c7\u00fcnk\u00fc onu meydana getiren fertlerin gayesi kar\u0131n ve g\u00f6bek \u015fehvetinden ileri ge\u00e7mez. Onlar, Hayvanlar gibi zevklenir, hayvanlar gibi yer, i\u00e7erler.Ne kadar ilerlerse ilerlesin, ne kadar geni\u015flerse geni\u015flesin maddi ilmin insanlara huzur ve saadet vermeye g\u00fcc\u00fc yetmez. \u00c7\u00fcnk\u00fc ilim yaln\u0131z hayat\u0131n maddi taraf\u0131n\u0131 y\u00fckseltir; uza\u011f\u0131 yak\u0131n eder. Bunun i\u00e7indir ki asr\u0131m\u0131za s\u00fcrat \u00e7a\u011f\u0131 ve mesafeleri yenme \u00e7a\u011f\u0131 ad\u0131n\u0131 vermi\u015flerdir. Fakat hi\u00e7 kimse ona fazilet veya s\u00fck\u00fbnet ya da be\u015ferin mutluluk \u00e7a\u011f\u0131 ad\u0131n\u0131 ver(e)memi\u015ftir.Maddi ilim insana bir\u00e7ok alet ve edevat vermi\u015ftir, ancak ona k\u0131ymet vermemi\u015f ve u\u011frunda \u00f6l\u00fcm\u00fc g\u00f6ze alabilece\u011fi bir hedef g\u00f6stermemi\u015ftir. \u00c7\u00fcnk\u00fc bu, ilmin vazifesi de\u011fildir ve onun ihtisas sahas\u0131na da girmez. Bu, ancak ve ancak dinin ihtisas sahas\u0131na girer.<\/p>\n","protected":false},"excerpt":{"rendered":"<p>Cemiyet, din ve iman olmadan orman cemiyetidir, isterse tepesinde medeniyet \u015fim\u015fekleri \u00e7aks\u0131n. Orada hayat zorban\u0131n ve kuvvetlinindir; faziletlinin ve muttakinin de\u011fildir. O cemiyet mutsuz ve bedbahtt\u0131r;<span class=\"excerpt-hellip\"> [\u2026]<\/span><\/p>\n","protected":false},"featured_media":0,"template":"","meta":{"_monsterinsights_skip_tracking":false,"_monsterinsights_sitenote_active":false,"_monsterinsights_sitenote_note":"","_monsterinsights_sitenote_category":0},"product_brand":[],"product_cat":[16789,12718,12719],"product_tag":[],"class_list":{"0":"post-783958","1":"product","2":"type-product","3":"status-publish","5":"product_cat-diger-islam","6":"product_cat-din","7":"product_cat-islam","8":"pa_cilt-ciltsiz","9":"pa_tur-kitap","10":"pa_yayinevi-nida-yayinlari","11":"pa_yazar-yusuf-el-karadavi","13":"first","14":"instock","15":"sale","16":"shipping-taxable","17":"purchasable","18":"product-type-simple"},"_links":{"self":[{"href":"https:\/\/roveyayinevi.com.tr\/index.php\/wp-json\/wp\/v2\/product\/783958","targetHints":{"allow":["GET"]}}],"collection":[{"href":"https:\/\/roveyayinevi.com.tr\/index.php\/wp-json\/wp\/v2\/product"}],"about":[{"href":"https:\/\/roveyayinevi.com.tr\/index.php\/wp-json\/wp\/v2\/types\/product"}],"wp:attachment":[{"href":"https:\/\/roveyayinevi.com.tr\/index.php\/wp-json\/wp\/v2\/media?parent=783958"}],"wp:term":[{"taxonomy":"product_brand","embeddable":true,"href":"https:\/\/roveyayinevi.com.tr\/index.php\/wp-json\/wp\/v2\/product_brand?post=783958"},{"taxonomy":"product_cat","embeddable":true,"href":"https:\/\/roveyayinevi.com.tr\/index.php\/wp-json\/wp\/v2\/product_cat?post=783958"},{"taxonomy":"product_tag","embeddable":true,"href":"https:\/\/roveyayinevi.com.tr\/index.php\/wp-json\/wp\/v2\/product_tag?post=783958"}],"curies":[{"name":"wp","href":"https:\/\/api.w.org\/{rel}","templated":true}]}}