{"id":783957,"date":"2026-02-26T23:49:06","date_gmt":"2026-02-26T20:49:06","guid":{"rendered":"https:\/\/roveyayinevi.com.tr\/index.php\/urun\/oruc-fikhi\/"},"modified":"2026-04-15T03:46:50","modified_gmt":"2026-04-15T00:46:50","slug":"oruc-fikhi","status":"publish","type":"product","link":"https:\/\/roveyayinevi.com.tr\/index.php\/urun\/oruc-fikhi\/","title":{"rendered":"Oru\u00e7 F\u0131kh\u0131"},"content":{"rendered":"<p>Ramazan ay\u0131 insanlar\u0131n her y\u0131l en y\u00fcce de\u011ferler ve en \u00fcst\u00fcn ama\u00e7lar ekseninde e\u011fitimini sa\u011flamak i\u00e7in dinimizin a\u00e7t\u0131\u011f\u0131 benzersiz bir okuldur. Bu ay\u0131 f\u0131rsat bilen ve bu aydaki rahmet esintilerinden en iyi \u015fekilde istifade eden kimse, Allah\u0131n emretti\u011fi \u015fekilde m\u00fckemmel bir oru\u00e7 tutmu\u015f, Hz. Peygamberin (s.a.v) belirledi\u011fi \u015fekilde Ramazan\u0131 en g\u00fczel \u015fekilde de\u011ferlendirmi\u015f olur. Ayr\u0131ca bu ki\u015fi ebed\u00ee imtihan i\u00e7in de iyi bir haz\u0131rl\u0131k yaparak, b\u00fcy\u00fck kazan\u00e7lar elde ederek ve bereketli anla\u015fmalar yapm\u0131\u015f olarak b\u00f6yle de\u011ferli bir zaman dilimine veda eder. Elbette cehennemden kurtulmak ve Allah\u0131n aff\u0131n\u0131 elde etmekten daha b\u00fcy\u00fck bir kazan\u00e7 olamaz. G\u00f6n\u00fclden inanarak, kar\u015f\u0131l\u0131\u011f\u0131n\u0131 sadece Allahtan bekleyerek oru\u00e7 tutan ve Ramazan\u0131 en g\u00fczel \u015fekilde de\u011ferlendiren ki\u015finin Allah ge\u00e7mi\u015f g\u00fcnahlar\u0131n\u0131 affeder. (Buhari, Savm, 6)Kitab\u0131n de\u011findi\u011fi konulardan baz\u0131 ba\u015fl\u0131klar:*Oru\u00e7 ve Hikmeti*Ramazan Orucunun Farz K\u0131l\u0131nd\u0131\u011f\u0131 D\u00f6nem*\u0130slam D\u00fcnyas\u0131 Neden Farkl\u0131 G\u00fcnlerde Oruca Ba\u015fl\u0131yor?*M\u00fcsl\u00fcman Olmayanlara Oru\u00e7 Farz De\u011fildir*Oru\u00e7la \u0130lgili \u00d6z\u00fcrl\u00fclere Ait H\u00fck\u00fcmler*A\u015f\u0131r\u0131 Ya\u015fl\u0131l\u0131k ve Kal\u0131c\u0131 Hastal\u0131k H\u00e2li*Oru\u00e7 Borcuyla \u00d6len Kimsenin Durumu*\u0130\u011fne Yapt\u0131rman\u0131n ve Kan Ald\u0131rman\u0131n Oruca Etkisi*Oru\u00e7luyken \u0130\u015flenen G\u00fcnahlar\u0131n Oruca Etkisi*Oru\u00e7lu Ki\u015finin E\u015fini \u00d6pmesi*Bask\u0131 Alt\u0131nda Kalan Ki\u015finin Orucu*Kadir Gecesinin \u00d6nemi*Nafile Oru\u00e7lar*Haram ve Mekruh Oru\u00e7lar*Sonradan Uydurulan Baz\u0131 Oru\u00e7lar*Oru\u00e7 Bahanesiyle G\u00f6revi \u0130hm\u00e2l Etmek*Namazs\u0131z Oru\u00e7*Vakitleri ve Hil\u00e2li Tespit Komisyonunun Tavsiye Kararlar\u0131<\/p>\n","protected":false},"excerpt":{"rendered":"<p>Ramazan ay\u0131 insanlar\u0131n her y\u0131l en y\u00fcce de\u011ferler ve en \u00fcst\u00fcn ama\u00e7lar ekseninde e\u011fitimini sa\u011flamak i\u00e7in dinimizin a\u00e7t\u0131\u011f\u0131 benzersiz bir okuldur. Bu ay\u0131 f\u0131rsat bilen ve<span class=\"excerpt-hellip\"> [\u2026]<\/span><\/p>\n","protected":false},"featured_media":0,"template":"","meta":{"_monsterinsights_skip_tracking":false,"_monsterinsights_sitenote_active":false,"_monsterinsights_sitenote_note":"","_monsterinsights_sitenote_category":0},"product_brand":[],"product_cat":[12718,12719],"product_tag":[],"class_list":{"0":"post-783957","1":"product","2":"type-product","3":"status-publish","5":"product_cat-din","6":"product_cat-islam","7":"pa_cilt-ciltsiz","8":"pa_tur-kitap","9":"pa_yayinevi-nida-yayinlari","10":"pa_yazar-yusuf-el-karadavi","12":"first","13":"instock","14":"sale","15":"shipping-taxable","16":"purchasable","17":"product-type-simple"},"_links":{"self":[{"href":"https:\/\/roveyayinevi.com.tr\/index.php\/wp-json\/wp\/v2\/product\/783957","targetHints":{"allow":["GET"]}}],"collection":[{"href":"https:\/\/roveyayinevi.com.tr\/index.php\/wp-json\/wp\/v2\/product"}],"about":[{"href":"https:\/\/roveyayinevi.com.tr\/index.php\/wp-json\/wp\/v2\/types\/product"}],"wp:attachment":[{"href":"https:\/\/roveyayinevi.com.tr\/index.php\/wp-json\/wp\/v2\/media?parent=783957"}],"wp:term":[{"taxonomy":"product_brand","embeddable":true,"href":"https:\/\/roveyayinevi.com.tr\/index.php\/wp-json\/wp\/v2\/product_brand?post=783957"},{"taxonomy":"product_cat","embeddable":true,"href":"https:\/\/roveyayinevi.com.tr\/index.php\/wp-json\/wp\/v2\/product_cat?post=783957"},{"taxonomy":"product_tag","embeddable":true,"href":"https:\/\/roveyayinevi.com.tr\/index.php\/wp-json\/wp\/v2\/product_tag?post=783957"}],"curies":[{"name":"wp","href":"https:\/\/api.w.org\/{rel}","templated":true}]}}