{"id":783956,"date":"2026-02-26T23:49:04","date_gmt":"2026-02-26T20:49:04","guid":{"rendered":"https:\/\/roveyayinevi.com.tr\/index.php\/urun\/dualar-ve-zikirler-ciltli\/"},"modified":"2026-04-15T03:46:50","modified_gmt":"2026-04-15T00:46:50","slug":"dualar-ve-zikirler-ciltli","status":"publish","type":"product","link":"https:\/\/roveyayinevi.com.tr\/index.php\/urun\/dualar-ve-zikirler-ciltli\/","title":{"rendered":"Dualar ve Zikirler &#8211; Ciltli"},"content":{"rendered":"<p>Ramazano\u011flu Mahmud Sami Hz.leri taraf\u0131ndan tertip edilmi\u015f, ayet-i kerime ve hadis-i \u015feriflerde yer alan dua ve zikirler. Peygamberimiz&#8217;in hayat\u0131, ya\u015fanan her an\u0131 dualarla dokuman\u0131n m\u00fcmk\u00fcn ve hatta elzem oldu\u011funu g\u00f6steren tarihi bir vesika olarak \u00f6n\u00fcm\u00fczde durmakta&#8230; O, &#8220;dua ibadetin \u00f6z\u00fcd\u00fcr&#8221; diye tenbih eder \u00fcmmetine. Herhalde bu nebevi i\u015fareti en iyi idrak edenler Allah dostlar\u0131d\u0131r. Dua ve icabet, Allah&#8217;la kul aras\u0131ndaki m\u00fcnasebetin \u00f6zeti&#8230; Dualar ve Zikirler adl\u0131 sevimli kitap\u00e7\u0131k merhum \u00dcstaz&#8217;\u0131n hayat\u0131n\u0131n h\u00fclasas\u0131. Elinizdeki dualar demeti merhum m\u00fcellifinin g\u00fcnlerini Peygamber\u00ee bir \u00fcsl\u00fcpla ya\u015fad\u0131\u011f\u0131n\u0131n delili ve ayn\u0131 hassasiyeti ta\u015f\u0131malar\u0131 y\u00f6n\u00fcnde sevenlerine tavsiyesi mahiyetindedir&#8230;. Abdest al\u0131rken dua, eve girerken dua, yola \u00e7\u0131karken dua&#8230; Kandil gecelerinde dualar. Bollukta dua, darl\u0131kta yakar\u0131\u015f&#8230;<\/p>\n","protected":false},"excerpt":{"rendered":"<p>Ramazano\u011flu Mahmud Sami Hz.leri taraf\u0131ndan tertip edilmi\u015f, ayet-i kerime ve hadis-i \u015feriflerde yer alan dua ve zikirler. Peygamberimiz&#8217;in hayat\u0131, ya\u015fanan her an\u0131 dualarla dokuman\u0131n m\u00fcmk\u00fcn ve<span class=\"excerpt-hellip\"> [\u2026]<\/span><\/p>\n","protected":false},"featured_media":0,"template":"","meta":{"_monsterinsights_skip_tracking":false,"_monsterinsights_sitenote_active":false,"_monsterinsights_sitenote_note":"","_monsterinsights_sitenote_category":0},"product_brand":[],"product_cat":[12718,12719],"product_tag":[],"class_list":{"0":"post-783956","1":"product","2":"type-product","3":"status-publish","5":"product_cat-din","6":"product_cat-islam","7":"pa_cilt-ciltsiz","8":"pa_tur-kitap","9":"pa_yayinevi-erkam-yayinlari","10":"pa_yazar-mahmut-sami-ramazanoglu","12":"first","13":"instock","14":"sale","15":"shipping-taxable","16":"purchasable","17":"product-type-simple"},"_links":{"self":[{"href":"https:\/\/roveyayinevi.com.tr\/index.php\/wp-json\/wp\/v2\/product\/783956","targetHints":{"allow":["GET"]}}],"collection":[{"href":"https:\/\/roveyayinevi.com.tr\/index.php\/wp-json\/wp\/v2\/product"}],"about":[{"href":"https:\/\/roveyayinevi.com.tr\/index.php\/wp-json\/wp\/v2\/types\/product"}],"wp:attachment":[{"href":"https:\/\/roveyayinevi.com.tr\/index.php\/wp-json\/wp\/v2\/media?parent=783956"}],"wp:term":[{"taxonomy":"product_brand","embeddable":true,"href":"https:\/\/roveyayinevi.com.tr\/index.php\/wp-json\/wp\/v2\/product_brand?post=783956"},{"taxonomy":"product_cat","embeddable":true,"href":"https:\/\/roveyayinevi.com.tr\/index.php\/wp-json\/wp\/v2\/product_cat?post=783956"},{"taxonomy":"product_tag","embeddable":true,"href":"https:\/\/roveyayinevi.com.tr\/index.php\/wp-json\/wp\/v2\/product_tag?post=783956"}],"curies":[{"name":"wp","href":"https:\/\/api.w.org\/{rel}","templated":true}]}}