{"id":783955,"date":"2026-02-26T23:49:01","date_gmt":"2026-02-26T20:49:01","guid":{"rendered":"https:\/\/roveyayinevi.com.tr\/index.php\/urun\/hac-ve-umre-rehberi-cep-boy\/"},"modified":"2026-04-15T03:46:50","modified_gmt":"2026-04-15T00:46:50","slug":"hac-ve-umre-rehberi-cep-boy","status":"publish","type":"product","link":"https:\/\/roveyayinevi.com.tr\/index.php\/urun\/hac-ve-umre-rehberi-cep-boy\/","title":{"rendered":"Hac ve Umre Rehberi; Cep Boy"},"content":{"rendered":"<p>Hacca gitmek i\u00e7in haz\u0131rl\u0131k yapan karde\u015flerimize tavsiyelerle yolculuk esnas\u0131nda okunacak dualar ve ziyaret adab\u0131ndan bahisler di\u011fer ziyaret yerleri nerelerdir. Hepsini bulacaks\u0131n\u0131z.<\/p>\n","protected":false},"excerpt":{"rendered":"<p>Hacca gitmek i\u00e7in haz\u0131rl\u0131k yapan karde\u015flerimize tavsiyelerle yolculuk esnas\u0131nda okunacak dualar ve ziyaret adab\u0131ndan bahisler di\u011fer ziyaret yerleri nerelerdir. Hepsini bulacaks\u0131n\u0131z.<\/p>\n","protected":false},"featured_media":0,"template":"","meta":{"_monsterinsights_skip_tracking":false,"_monsterinsights_sitenote_active":false,"_monsterinsights_sitenote_note":"","_monsterinsights_sitenote_category":0},"product_brand":[],"product_cat":[12718,12719,22508],"product_tag":[],"class_list":{"0":"post-783955","1":"product","2":"type-product","3":"status-publish","5":"product_cat-din","6":"product_cat-islam","7":"product_cat-islam-egitimi","8":"pa_cilt-ciltsiz","9":"pa_tur-kitap","10":"pa_yayinevi-celik-yayinevi","11":"pa_yazar-kolektif","13":"first","14":"instock","15":"sale","16":"shipping-taxable","17":"purchasable","18":"product-type-simple"},"_links":{"self":[{"href":"https:\/\/roveyayinevi.com.tr\/index.php\/wp-json\/wp\/v2\/product\/783955","targetHints":{"allow":["GET"]}}],"collection":[{"href":"https:\/\/roveyayinevi.com.tr\/index.php\/wp-json\/wp\/v2\/product"}],"about":[{"href":"https:\/\/roveyayinevi.com.tr\/index.php\/wp-json\/wp\/v2\/types\/product"}],"wp:attachment":[{"href":"https:\/\/roveyayinevi.com.tr\/index.php\/wp-json\/wp\/v2\/media?parent=783955"}],"wp:term":[{"taxonomy":"product_brand","embeddable":true,"href":"https:\/\/roveyayinevi.com.tr\/index.php\/wp-json\/wp\/v2\/product_brand?post=783955"},{"taxonomy":"product_cat","embeddable":true,"href":"https:\/\/roveyayinevi.com.tr\/index.php\/wp-json\/wp\/v2\/product_cat?post=783955"},{"taxonomy":"product_tag","embeddable":true,"href":"https:\/\/roveyayinevi.com.tr\/index.php\/wp-json\/wp\/v2\/product_tag?post=783955"}],"curies":[{"name":"wp","href":"https:\/\/api.w.org\/{rel}","templated":true}]}}