{"id":783953,"date":"2026-02-26T23:48:40","date_gmt":"2026-02-26T20:48:40","guid":{"rendered":"https:\/\/roveyayinevi.com.tr\/index.php\/urun\/marifetname-ciltli-ithal-kagit\/"},"modified":"2026-04-15T03:46:50","modified_gmt":"2026-04-15T00:46:50","slug":"marifetname-ciltli-ithal-kagit","status":"publish","type":"product","link":"https:\/\/roveyayinevi.com.tr\/index.php\/urun\/marifetname-ciltli-ithal-kagit\/","title":{"rendered":"M\u00e2rifetn\u00e2me (Ciltli, \u0130thal Ka\u011f\u0131t)"},"content":{"rendered":"<p>G\u00fczel s\u00f6zl\u00fc ve g\u00fcle\u00e7 y\u00fczl\u00fc ol. Konu\u015fursan do\u011fru konu\u015f, Asla yalan s\u00f6yleme, kendini rezil etme. S\u00f6z verir isen yerine getir, S\u00f6z\u00fcn en g\u00fczeli k\u0131sa ve anlam\u0131 derin oland\u0131r. S\u00f6zleri g\u00fczel olan\u0131n g\u00fczelli\u011fi artar.  Hak \u015ferleri hayr eyler Zannetme ki \u011fayreyler Arif \u00e2n\u0131 seyreyler Mevl\u00e2 g\u00f6relim neyler Neylerse g\u00fczel eyler Sen Hakk&#8217;a tevekk\u00fcl k\u0131l Tefviz et ve rahat bul Sabreyle ve raz\u0131 ol Mevl\u00e2 g\u00f6relim neyler Neylerse g\u00fczel eyler<\/p>\n","protected":false},"excerpt":{"rendered":"<p>G\u00fczel s\u00f6zl\u00fc ve g\u00fcle\u00e7 y\u00fczl\u00fc ol. Konu\u015fursan do\u011fru konu\u015f, Asla yalan s\u00f6yleme, kendini rezil etme. S\u00f6z verir isen yerine getir, S\u00f6z\u00fcn en g\u00fczeli k\u0131sa ve anlam\u0131<span class=\"excerpt-hellip\"> [\u2026]<\/span><\/p>\n","protected":false},"featured_media":0,"template":"","meta":{"_monsterinsights_skip_tracking":false,"_monsterinsights_sitenote_active":false,"_monsterinsights_sitenote_note":"","_monsterinsights_sitenote_category":0},"product_brand":[],"product_cat":[12718,12719,12720],"product_tag":[],"class_list":{"0":"post-783953","1":"product","2":"type-product","3":"status-publish","5":"product_cat-din","6":"product_cat-islam","7":"product_cat-tasavvuf-mezhepler-tarikatlar","8":"pa_cilt-ciltsiz","9":"pa_tur-kitap","10":"pa_yayinevi-celik-yayinevi","11":"pa_yazar-erzurumlu-ibrahim-hakki-hazretleri","13":"first","14":"instock","15":"sale","16":"shipping-taxable","17":"purchasable","18":"product-type-simple"},"_links":{"self":[{"href":"https:\/\/roveyayinevi.com.tr\/index.php\/wp-json\/wp\/v2\/product\/783953","targetHints":{"allow":["GET"]}}],"collection":[{"href":"https:\/\/roveyayinevi.com.tr\/index.php\/wp-json\/wp\/v2\/product"}],"about":[{"href":"https:\/\/roveyayinevi.com.tr\/index.php\/wp-json\/wp\/v2\/types\/product"}],"wp:attachment":[{"href":"https:\/\/roveyayinevi.com.tr\/index.php\/wp-json\/wp\/v2\/media?parent=783953"}],"wp:term":[{"taxonomy":"product_brand","embeddable":true,"href":"https:\/\/roveyayinevi.com.tr\/index.php\/wp-json\/wp\/v2\/product_brand?post=783953"},{"taxonomy":"product_cat","embeddable":true,"href":"https:\/\/roveyayinevi.com.tr\/index.php\/wp-json\/wp\/v2\/product_cat?post=783953"},{"taxonomy":"product_tag","embeddable":true,"href":"https:\/\/roveyayinevi.com.tr\/index.php\/wp-json\/wp\/v2\/product_tag?post=783953"}],"curies":[{"name":"wp","href":"https:\/\/api.w.org\/{rel}","templated":true}]}}