{"id":783952,"date":"2026-02-26T23:48:37","date_gmt":"2026-02-26T20:48:37","guid":{"rendered":"https:\/\/roveyayinevi.com.tr\/index.php\/urun\/nebiler-silsilesi-3\/"},"modified":"2026-04-15T03:46:50","modified_gmt":"2026-04-15T00:46:50","slug":"nebiler-silsilesi-3","status":"publish","type":"product","link":"https:\/\/roveyayinevi.com.tr\/index.php\/urun\/nebiler-silsilesi-3\/","title":{"rendered":"Nebiler Silsilesi 3"},"content":{"rendered":"<p>Bu kit\u00e2bda \u00e2lemlere rahmet Hazret-i Muhammed -sall\u00e2ll\u00e2hu aleyhi ve sellem- Efendimizin zuhuruna \u00e2deta birer ikb\u00e2l ve bahar m\u00fcjdesi olan nebiler silsilesinden; zikri ile da\u011flar\u0131, ta\u015flar\u0131 ve vah\u015f\u00ee hayvanlar\u0131 isti\u011frak h\u00e2line getiren D\u00e2v\u00fbd (a.s.); muazzam d\u00fcny\u00e2 servet ve tasarrufunu kalbinin d\u0131\u015f\u0131nda ta\u015f\u0131yabilen S\u00fcleyman (a.s.); y\u00fcz senelik bir \u00f6l\u00fcmden sonra tekrar diriltilerek k\u0131yametteki yeniden yarat\u0131l\u0131\u015fa mis\u00e2l olan \u00fczeyr (a.s.); derin tefekk\u00fcr\u00fc ile sabr\u0131n bileyi ta\u015f\u0131 olan Eyy\u00fcb (a.s.); b\u00fcy\u00fck bir vecd h\u00e2linde, isti\u011ffar, du\u00e2 ve zikrin hakikatinde derinle\u015ferek karanl\u0131klar\u0131 a\u015fan Y\u00fbnus (a.s.); ard\u0131ndan \u00ab\u0130ly\u00e2s&#8217;a sel\u00e2m olsun!\u00bb diye bir \u00fcn b\u0131rakan \u0130ly\u00e2s (a.s.); \u00e2lemlere \u00fcst\u00fcn k\u0131l\u0131nan Elyesa&#8217; (a.s.); il\u00e2h\u00ee rahmete garkediien s\u00e2lih peygamber Z\u00fclkifl (a.s.); hikmetli nasihatleriyle destania\u015fan zahir\u00ee ve b\u00e2t\u0131n\u00ee hekimlerin p\u00eeri Lokman Hak\u00eem (a.s.); testere ile ikiye b\u00f6l\u00fcnerek \u015feh\u00eed edilen mazlum peygamber Zekeriyy\u00e2 (a.s.); babas\u0131 gibi \u015feh\u00eediikle Rabbine kavu\u015fan Yahya (a.s.) ve hastalara \u015fif\u00e2 veren, \u00f6l\u00fcleri dirilten, semav\u00ee \u00ees\u00e2 (a.s.)&#8217;\u0131n \u00e2yetler \u0131\u015f\u0131\u011f\u0131nda il\u00e2h\u00ee tecell\u00ee ak\u0131\u015flar\u0131yla dolu ibretli k\u0131ssalar\u0131n\u0131 bulacaks\u0131n\u0131z.<\/p>\n","protected":false},"excerpt":{"rendered":"<p>Bu kit\u00e2bda \u00e2lemlere rahmet Hazret-i Muhammed -sall\u00e2ll\u00e2hu aleyhi ve sellem- Efendimizin zuhuruna \u00e2deta birer ikb\u00e2l ve bahar m\u00fcjdesi olan nebiler silsilesinden; zikri ile da\u011flar\u0131, ta\u015flar\u0131 ve<span class=\"excerpt-hellip\"> [\u2026]<\/span><\/p>\n","protected":false},"featured_media":0,"template":"","meta":{"_monsterinsights_skip_tracking":false,"_monsterinsights_sitenote_active":false,"_monsterinsights_sitenote_note":"","_monsterinsights_sitenote_category":0},"product_brand":[],"product_cat":[12718,12719],"product_tag":[],"class_list":{"0":"post-783952","1":"product","2":"type-product","3":"status-publish","5":"product_cat-din","6":"product_cat-islam","7":"pa_cilt-ciltsiz","8":"pa_tur-kitap","9":"pa_yayinevi-erkam-yayinlari","10":"pa_yazar-osman-nuri-topbas","12":"first","13":"instock","14":"sale","15":"shipping-taxable","16":"purchasable","17":"product-type-simple"},"_links":{"self":[{"href":"https:\/\/roveyayinevi.com.tr\/index.php\/wp-json\/wp\/v2\/product\/783952","targetHints":{"allow":["GET"]}}],"collection":[{"href":"https:\/\/roveyayinevi.com.tr\/index.php\/wp-json\/wp\/v2\/product"}],"about":[{"href":"https:\/\/roveyayinevi.com.tr\/index.php\/wp-json\/wp\/v2\/types\/product"}],"wp:attachment":[{"href":"https:\/\/roveyayinevi.com.tr\/index.php\/wp-json\/wp\/v2\/media?parent=783952"}],"wp:term":[{"taxonomy":"product_brand","embeddable":true,"href":"https:\/\/roveyayinevi.com.tr\/index.php\/wp-json\/wp\/v2\/product_brand?post=783952"},{"taxonomy":"product_cat","embeddable":true,"href":"https:\/\/roveyayinevi.com.tr\/index.php\/wp-json\/wp\/v2\/product_cat?post=783952"},{"taxonomy":"product_tag","embeddable":true,"href":"https:\/\/roveyayinevi.com.tr\/index.php\/wp-json\/wp\/v2\/product_tag?post=783952"}],"curies":[{"name":"wp","href":"https:\/\/api.w.org\/{rel}","templated":true}]}}