{"id":783951,"date":"2026-02-26T23:48:33","date_gmt":"2026-02-26T20:48:33","guid":{"rendered":"https:\/\/roveyayinevi.com.tr\/index.php\/urun\/hanim-gozuyle-muminlerin-anneleri-peygamberimizin-mubarek-zevceleri\/"},"modified":"2026-04-15T03:46:50","modified_gmt":"2026-04-15T00:46:50","slug":"hanim-gozuyle-muminlerin-anneleri-peygamberimizin-mubarek-zevceleri","status":"publish","type":"product","link":"https:\/\/roveyayinevi.com.tr\/index.php\/urun\/hanim-gozuyle-muminlerin-anneleri-peygamberimizin-mubarek-zevceleri\/","title":{"rendered":"Han\u0131m G\u00f6z\u00fcyle M\u00fc&#8217;minlerin Anneleri (Peygamberimizin M\u00fcbarek Zevceleri)"},"content":{"rendered":"<p>Topba\u015f Hocaefendi&#8217;nin Takdimi ile&#8230; Halime Demire\u015fik&#8217;in kaleminden&#8230; Peygamber Efendimizin \u00f6rnek \u00e2ile hayat\u0131na bir bak\u0131\u015f!.. &#8220;Peygamber Efendimiz, \u00e2ile yuvas\u0131nda nas\u0131l bir zevc idi? Han\u0131mlar\u0131na nas\u0131l mu\u00e2mele ederdi? Han\u0131mlar\u0131 kimlerdi? Ne gibi \u00f6zellikleri, farkl\u0131l\u0131klar\u0131 ve ortak y\u00f6nleri vard\u0131? Peygamber Efendimiz ile zevceleri aras\u0131nda ihtilaflar olmu\u015f muydu? Oldu\u011fu zamanlarda bu problemler nas\u0131l \u00e7\u00f6z\u00fclm\u00fc\u015ft\u00fc? K\u0131sacas\u0131 her h\u00e2liyle bizlere \u00f6rnek olan Peygamber Efendimizden, g\u00fcn\u00fcm\u00fczde giderek sars\u0131lan \u00e2ile ve cemiyet hayat\u0131m\u0131za ne gibi \u00f6rnek ve ibretler \u00e7\u0131karmak m\u00fcmk\u00fcnd\u00fcr?&#8221;<\/p>\n","protected":false},"excerpt":{"rendered":"<p>Topba\u015f Hocaefendi&#8217;nin Takdimi ile&#8230; Halime Demire\u015fik&#8217;in kaleminden&#8230; Peygamber Efendimizin \u00f6rnek \u00e2ile hayat\u0131na bir bak\u0131\u015f!.. &#8220;Peygamber Efendimiz, \u00e2ile yuvas\u0131nda nas\u0131l bir zevc idi? Han\u0131mlar\u0131na nas\u0131l mu\u00e2mele ederdi?<span class=\"excerpt-hellip\"> [\u2026]<\/span><\/p>\n","protected":false},"featured_media":0,"template":"","meta":{"_monsterinsights_skip_tracking":false,"_monsterinsights_sitenote_active":false,"_monsterinsights_sitenote_note":"","_monsterinsights_sitenote_category":0},"product_brand":[],"product_cat":[16789,12718,12719],"product_tag":[],"class_list":{"0":"post-783951","1":"product","2":"type-product","3":"status-publish","5":"product_cat-diger-islam","6":"product_cat-din","7":"product_cat-islam","8":"pa_cilt-ciltsiz","9":"pa_tur-kitap","10":"pa_yayinevi-erkam-yayinlari","11":"pa_yazar-halime-demiresik","13":"first","14":"instock","15":"sale","16":"shipping-taxable","17":"purchasable","18":"product-type-simple"},"_links":{"self":[{"href":"https:\/\/roveyayinevi.com.tr\/index.php\/wp-json\/wp\/v2\/product\/783951","targetHints":{"allow":["GET"]}}],"collection":[{"href":"https:\/\/roveyayinevi.com.tr\/index.php\/wp-json\/wp\/v2\/product"}],"about":[{"href":"https:\/\/roveyayinevi.com.tr\/index.php\/wp-json\/wp\/v2\/types\/product"}],"wp:attachment":[{"href":"https:\/\/roveyayinevi.com.tr\/index.php\/wp-json\/wp\/v2\/media?parent=783951"}],"wp:term":[{"taxonomy":"product_brand","embeddable":true,"href":"https:\/\/roveyayinevi.com.tr\/index.php\/wp-json\/wp\/v2\/product_brand?post=783951"},{"taxonomy":"product_cat","embeddable":true,"href":"https:\/\/roveyayinevi.com.tr\/index.php\/wp-json\/wp\/v2\/product_cat?post=783951"},{"taxonomy":"product_tag","embeddable":true,"href":"https:\/\/roveyayinevi.com.tr\/index.php\/wp-json\/wp\/v2\/product_tag?post=783951"}],"curies":[{"name":"wp","href":"https:\/\/api.w.org\/{rel}","templated":true}]}}