{"id":783950,"date":"2026-02-26T23:48:30","date_gmt":"2026-02-26T20:48:30","guid":{"rendered":"https:\/\/roveyayinevi.com.tr\/index.php\/urun\/birlikte-sohbet\/"},"modified":"2026-04-15T03:46:50","modified_gmt":"2026-04-15T00:46:50","slug":"birlikte-sohbet","status":"publish","type":"product","link":"https:\/\/roveyayinevi.com.tr\/index.php\/urun\/birlikte-sohbet\/","title":{"rendered":"Birlik&#8217;te Sohbet"},"content":{"rendered":"<p>B\u0130RL\u0130K&#8217;TE SOHBETK\u0131ymetli okurlar\u0131m\u0131z! Elinizde bulunan kitap; bir s\u00fcredir kaleme al\u0131nan yaz\u0131lar\u0131n, sizler i\u00e7in g\u00f6zden ge\u00e7irilmi\u015f ve yeniden d\u00fczenlenmi\u015f h\u00e2lini ihtiva etmektedir. &#8220;Birlik&#8217;te Sohbet&#8221; ba\u015fl\u0131\u011f\u0131 ad\u0131 alt\u0131nda haz\u0131rlanan k\u00f6\u015femizde; biz bize sohbet ederken do\u011frular\u0131 kalbimizin g\u00fczel duygular\u0131n\u0131 inan\u00e7 ve r\u00fbh d\u00fcnyam\u0131z\u0131n ayd\u0131nl\u0131\u011f\u0131nda, muhabbetle payla\u015fmaya \u00e7al\u0131\u015ft\u0131k. Sohbet etmek kalplerin ve r\u00fbhlar\u0131n bulu\u015fmas\u0131yla m\u00fcmk\u00fcnd\u00fcr ama bu kalp ve r\u00fbh g\u00fczelliklerde bulu\u015fmal\u0131d\u0131r ki sohbet olsun. Ba\u015fkalar\u0131n\u0131n ho\u015funa gitse de bizim medeniyetimizin \u00f6l\u00e7\u00fclerine vurdu\u011fumuzda \u00e7irkinli\u011fin, nefretin aram\u0131zda nifak tohumu \u00fcreten lis\u00e2n\u0131n ad\u0131 hi\u00e7bir zaman sohbet olamaz. Zor g\u00fcnlerde kalplerin ve ruhlar\u0131n bulu\u015fmas\u0131 meyvas\u0131n\u0131 g\u00f6sterir. Ancak madd\u00ee menfaat kayg\u0131s\u0131ndan uzakla\u015ft\u0131\u011f\u0131nda insanlar ve toplum sohbet ederek birbiriyle bulu\u015fur, muhabbet eder bir h\u00e2l al\u0131r. Te\u015fhis, tespit ve problemleri anlatmay\u0131 bir kenara b\u0131rak\u0131p \u00e7\u00f6z\u00fcm yollar\u0131na bakmak istedi\u011fimizden bu k\u00f6\u015femizde dertle\u015fmek, payla\u015fmak, bilgilerimizi i\u00e7selle\u015ftirmek i\u00e7in elimize kalemi ald\u0131k. Arkada\u015fl\u0131\u011f\u0131n\u0131z bizim i\u00e7in \u00f6nemli. Hele d\u00fcnyam\u0131z\u0131n geldi\u011fi \u015fu noktada birbirimizi dinlemeye, yarat\u0131l\u0131\u015f g\u00fczelli\u011fimizin kodlar\u0131n\u0131 fark etmeye ve m\u00e2nev\u00ee de\u011ferleri kalbimizde ke\u015ffetmeye \u00e7ok muhtac\u0131z. Hayata dair her\u015feyi konu\u015fal\u0131m istiyoruz ama her ne kadar sohbet havas\u0131nda olsa da altyap\u0131s\u0131nda bilhassa d\u00een\u00ee konular\u0131n i\u015flenmesinde; sa\u011flam kaynaklardan al\u0131nan bilginin size ula\u015fmas\u0131 \u00f6ncelikli sorumlulu\u011fumuzdur. Cen\u00e2b-\u0131 Hakk sizleri ve bizleri g\u00fczel sohbet halakalar\u0131ndan ay\u0131rmas\u0131n. C\u00fcmlemizi r\u0131zas\u0131n\u0131 tahsil eden kullar\u0131ndan eylesin. \u00c2min.Allah&#8217;a (cc) em\u00e2net olunuz.<\/p>\n","protected":false},"excerpt":{"rendered":"<p>B\u0130RL\u0130K&#8217;TE SOHBETK\u0131ymetli okurlar\u0131m\u0131z! Elinizde bulunan kitap; bir s\u00fcredir kaleme al\u0131nan yaz\u0131lar\u0131n, sizler i\u00e7in g\u00f6zden ge\u00e7irilmi\u015f ve yeniden d\u00fczenlenmi\u015f h\u00e2lini ihtiva etmektedir. &#8220;Birlik&#8217;te Sohbet&#8221; ba\u015fl\u0131\u011f\u0131 ad\u0131 alt\u0131nda<span class=\"excerpt-hellip\"> [\u2026]<\/span><\/p>\n","protected":false},"featured_media":0,"template":"","meta":{"_monsterinsights_skip_tracking":false,"_monsterinsights_sitenote_active":false,"_monsterinsights_sitenote_note":"","_monsterinsights_sitenote_category":0},"product_brand":[],"product_cat":[12718,12719],"product_tag":[],"class_list":{"0":"post-783950","1":"product","2":"type-product","3":"status-publish","5":"product_cat-din","6":"product_cat-islam","7":"pa_cilt-ciltsiz","8":"pa_tur-kitap","9":"pa_yayinevi-risale","10":"pa_yazar-mehmet-fatih-citlak","12":"first","13":"instock","14":"sale","15":"shipping-taxable","16":"purchasable","17":"product-type-simple"},"_links":{"self":[{"href":"https:\/\/roveyayinevi.com.tr\/index.php\/wp-json\/wp\/v2\/product\/783950","targetHints":{"allow":["GET"]}}],"collection":[{"href":"https:\/\/roveyayinevi.com.tr\/index.php\/wp-json\/wp\/v2\/product"}],"about":[{"href":"https:\/\/roveyayinevi.com.tr\/index.php\/wp-json\/wp\/v2\/types\/product"}],"wp:attachment":[{"href":"https:\/\/roveyayinevi.com.tr\/index.php\/wp-json\/wp\/v2\/media?parent=783950"}],"wp:term":[{"taxonomy":"product_brand","embeddable":true,"href":"https:\/\/roveyayinevi.com.tr\/index.php\/wp-json\/wp\/v2\/product_brand?post=783950"},{"taxonomy":"product_cat","embeddable":true,"href":"https:\/\/roveyayinevi.com.tr\/index.php\/wp-json\/wp\/v2\/product_cat?post=783950"},{"taxonomy":"product_tag","embeddable":true,"href":"https:\/\/roveyayinevi.com.tr\/index.php\/wp-json\/wp\/v2\/product_tag?post=783950"}],"curies":[{"name":"wp","href":"https:\/\/api.w.org\/{rel}","templated":true}]}}