{"id":783949,"date":"2026-02-26T23:48:27","date_gmt":"2026-02-26T20:48:27","guid":{"rendered":"https:\/\/roveyayinevi.com.tr\/index.php\/urun\/islam-inanci\/"},"modified":"2026-04-15T03:46:50","modified_gmt":"2026-04-15T00:46:50","slug":"islam-inanci","status":"publish","type":"product","link":"https:\/\/roveyayinevi.com.tr\/index.php\/urun\/islam-inanci\/","title":{"rendered":"\u0130slam \u0130nanc\u0131"},"content":{"rendered":"<p>Bir m\u00fcsl\u00fcman\u0131n b\u00fct\u00fcn hayat\u0131 inan\u00e7 temeline oturmal\u0131d\u0131r, d\u00fc\u015f\u00fcncesiyle kaleme al\u0131nan bu eser Allah&#8217;a iman\u0131n temellerini Kur&#8217;an-\u0131 Kerim&#8217;den hareketle sunmaktad\u0131r. Ele al\u0131nan konular yal\u0131n ve a\u00e7\u0131k bir dille ifade edilerek \u0130slam inanc\u0131n\u0131n temeli ayetlerle ortaya konmakta, tevhidin g\u00fcn\u00fcm\u00fcz insan\u0131 i\u00e7in anlam\u0131 ve bu yoldan sapman\u0131n sebepleri sonu\u00e7lar\u0131yla a\u00e7\u0131klanmaktad\u0131r. Eserleri ile b\u00fct\u00fcn \u0130slam d\u00fcnyas\u0131nda tan\u0131nan Muhammed Kutub, bu kitab\u0131nda m\u00fcsl\u00fcman\u0131n inanc\u0131n\u0131 tevhit zemininde d\u00fczenleyen sistemin ana hatlar\u0131n\u0131 \u00e7izmektedir.<\/p>\n","protected":false},"excerpt":{"rendered":"<p>Bir m\u00fcsl\u00fcman\u0131n b\u00fct\u00fcn hayat\u0131 inan\u00e7 temeline oturmal\u0131d\u0131r, d\u00fc\u015f\u00fcncesiyle kaleme al\u0131nan bu eser Allah&#8217;a iman\u0131n temellerini Kur&#8217;an-\u0131 Kerim&#8217;den hareketle sunmaktad\u0131r. Ele al\u0131nan konular yal\u0131n ve a\u00e7\u0131k bir<span class=\"excerpt-hellip\"> [\u2026]<\/span><\/p>\n","protected":false},"featured_media":0,"template":"","meta":{"_monsterinsights_skip_tracking":false,"_monsterinsights_sitenote_active":false,"_monsterinsights_sitenote_note":"","_monsterinsights_sitenote_category":0},"product_brand":[],"product_cat":[16789,12718,12719],"product_tag":[],"class_list":{"0":"post-783949","1":"product","2":"type-product","3":"status-publish","5":"product_cat-diger-islam","6":"product_cat-din","7":"product_cat-islam","8":"pa_cilt-ciltsiz","9":"pa_tur-kitap","10":"pa_yayinevi-risale","11":"pa_yazar-muhammed-kutub","13":"first","14":"instock","15":"sale","16":"shipping-taxable","17":"purchasable","18":"product-type-simple"},"_links":{"self":[{"href":"https:\/\/roveyayinevi.com.tr\/index.php\/wp-json\/wp\/v2\/product\/783949","targetHints":{"allow":["GET"]}}],"collection":[{"href":"https:\/\/roveyayinevi.com.tr\/index.php\/wp-json\/wp\/v2\/product"}],"about":[{"href":"https:\/\/roveyayinevi.com.tr\/index.php\/wp-json\/wp\/v2\/types\/product"}],"wp:attachment":[{"href":"https:\/\/roveyayinevi.com.tr\/index.php\/wp-json\/wp\/v2\/media?parent=783949"}],"wp:term":[{"taxonomy":"product_brand","embeddable":true,"href":"https:\/\/roveyayinevi.com.tr\/index.php\/wp-json\/wp\/v2\/product_brand?post=783949"},{"taxonomy":"product_cat","embeddable":true,"href":"https:\/\/roveyayinevi.com.tr\/index.php\/wp-json\/wp\/v2\/product_cat?post=783949"},{"taxonomy":"product_tag","embeddable":true,"href":"https:\/\/roveyayinevi.com.tr\/index.php\/wp-json\/wp\/v2\/product_tag?post=783949"}],"curies":[{"name":"wp","href":"https:\/\/api.w.org\/{rel}","templated":true}]}}