{"id":783948,"date":"2026-02-26T23:48:24","date_gmt":"2026-02-26T20:48:24","guid":{"rendered":"https:\/\/roveyayinevi.com.tr\/index.php\/urun\/ii-abdulhamitten-cumhuriyete-miras\/"},"modified":"2026-04-15T03:46:50","modified_gmt":"2026-04-15T00:46:50","slug":"ii-abdulhamitten-cumhuriyete-miras","status":"publish","type":"product","link":"https:\/\/roveyayinevi.com.tr\/index.php\/urun\/ii-abdulhamitten-cumhuriyete-miras\/","title":{"rendered":"II. Abdulhamit&#8217;ten Cumhuriyete Miras"},"content":{"rendered":"<p>19. y\u00fczy\u0131l tarihine dikkatle bak\u0131ld\u0131\u011f\u0131nda g\u00f6z \u00e7arpan hususlardan ilki imparatorluklar\u0131n modern ulus devletler kar\u015f\u0131s\u0131nda canh\u0131ra\u015f bir bi\u00e7imde y\u00fcr\u00fctt\u00fckleri ayakta kalma m\u00fccadelesidir. Bu m\u00fccadele bir ayakta kalma m\u00fccadelesi oldu\u011fu kadar, ayn\u0131 zamanda bir d\u00f6n\u00fc\u015f\u00fcm \u00e7abas\u0131d\u0131r da. Uzun imparatorluk gelene\u011fine sahip devletlerin \u00f6n\u00fcndeki iki alternatif ya imparatorlu\u011fu \u00e7a\u011f\u0131n gereksinimleri do\u011frultusunda yeniden yap\u0131land\u0131rmak ya da imparatorluk yap\u0131lar\u0131 i\u00e7inden kendi ulus devletlerini yaratmakt\u0131r. \u0130mparatorluklardan kendi yap\u0131lar\u0131n\u0131 modernize etmeyi ba\u015faranlar ayakta kalmaya devam etmi\u015flerdir. Osmanl\u0131 Devleti gibi bu s\u00fcre\u00e7te ba\u015far\u0131l\u0131 olamayanlar ise b\u00fcnyelerinden farkl\u0131 ulus devletler \u00e7\u0131karm\u0131\u015flard\u0131r.Sultan II. Abd\u00fclhamit i\u015fte bu s\u00fcreci iyi okuyabilen bir Osmanl\u0131 padi\u015fah\u0131d\u0131r. Bu \u00e7al\u0131\u015fma, II. Abdulhamit&#8217;in \u00e7a\u011fda\u015f\u0131 mevkida\u015flar\u0131n\u0131n \u00e7abalar\u0131n\u0131n benzerini Osmanl\u0131 imparatorlu\u011fu i\u00e7erisinde nas\u0131l y\u00fcr\u00fctt\u00fc\u011f\u00fcn\u00fc g\u00f6stermesi a\u00e7\u0131s\u0131ndan ilgin\u00e7tir. Sultan&#8217;\u0131n bu y\u00f6nde ne t\u00fcr \u00e7abalar\u0131 oldu\u011fu kitab\u0131n temel konusudur. Ancak kitab\u0131n as\u0131l gayesi, cumhuriyetin kurucu kadrolar\u0131 ile Sultan II. Abd\u00fclhamit&#8217;in \u00e7abalar\u0131 aras\u0131ndaki benzerliklerin alt\u0131n\u0131 \u00e7izmektir. Kitab\u0131n bu konudaki ba\u015far\u0131s\u0131, kendi tarihi ile bar\u0131\u015f\u0131k bir toplum yap\u0131s\u0131 \u00e7abas\u0131na katk\u0131da bulunacakt\u0131r.<\/p>\n","protected":false},"excerpt":{"rendered":"<p>19. y\u00fczy\u0131l tarihine dikkatle bak\u0131ld\u0131\u011f\u0131nda g\u00f6z \u00e7arpan hususlardan ilki imparatorluklar\u0131n modern ulus devletler kar\u015f\u0131s\u0131nda canh\u0131ra\u015f bir bi\u00e7imde y\u00fcr\u00fctt\u00fckleri ayakta kalma m\u00fccadelesidir. Bu m\u00fccadele bir ayakta kalma<span class=\"excerpt-hellip\"> [\u2026]<\/span><\/p>\n","protected":false},"featured_media":0,"template":"","meta":{"_monsterinsights_skip_tracking":false,"_monsterinsights_sitenote_active":false,"_monsterinsights_sitenote_note":"","_monsterinsights_sitenote_category":0},"product_brand":[],"product_cat":[12312,12304],"product_tag":[],"class_list":{"0":"post-783948","1":"product","2":"type-product","3":"status-publish","5":"product_cat-diger","6":"product_cat-tarih","7":"pa_cilt-ciltsiz","8":"pa_tur-kitap","9":"pa_yayinevi-gokkubbe-yayinlari","10":"pa_yazar-yusuf-tekin","12":"first","13":"instock","14":"sale","15":"shipping-taxable","16":"purchasable","17":"product-type-simple"},"_links":{"self":[{"href":"https:\/\/roveyayinevi.com.tr\/index.php\/wp-json\/wp\/v2\/product\/783948","targetHints":{"allow":["GET"]}}],"collection":[{"href":"https:\/\/roveyayinevi.com.tr\/index.php\/wp-json\/wp\/v2\/product"}],"about":[{"href":"https:\/\/roveyayinevi.com.tr\/index.php\/wp-json\/wp\/v2\/types\/product"}],"wp:attachment":[{"href":"https:\/\/roveyayinevi.com.tr\/index.php\/wp-json\/wp\/v2\/media?parent=783948"}],"wp:term":[{"taxonomy":"product_brand","embeddable":true,"href":"https:\/\/roveyayinevi.com.tr\/index.php\/wp-json\/wp\/v2\/product_brand?post=783948"},{"taxonomy":"product_cat","embeddable":true,"href":"https:\/\/roveyayinevi.com.tr\/index.php\/wp-json\/wp\/v2\/product_cat?post=783948"},{"taxonomy":"product_tag","embeddable":true,"href":"https:\/\/roveyayinevi.com.tr\/index.php\/wp-json\/wp\/v2\/product_tag?post=783948"}],"curies":[{"name":"wp","href":"https:\/\/api.w.org\/{rel}","templated":true}]}}