{"id":783947,"date":"2026-02-26T23:48:19","date_gmt":"2026-02-26T20:48:19","guid":{"rendered":"https:\/\/roveyayinevi.com.tr\/index.php\/urun\/ahmet-cevdet-pasanin-aile-mektuplari\/"},"modified":"2026-04-15T03:46:50","modified_gmt":"2026-04-15T00:46:50","slug":"ahmet-cevdet-pasanin-aile-mektuplari","status":"publish","type":"product","link":"https:\/\/roveyayinevi.com.tr\/index.php\/urun\/ahmet-cevdet-pasanin-aile-mektuplari\/","title":{"rendered":"Ahmet Cevdet Pa\u015fa\u00b4n\u0131n Aile Mektuplar\u0131"},"content":{"rendered":"<p>Kendisini Osmanl\u0131\u00b4y\u0131 modernle\u015ftirmeye adam\u0131\u015f geleneksel ayd\u0131n tipinin ender \u00f6rneklerinden biri olan Ahmet Cevdet Pa\u015fa\u00b4n\u0131n aile bireyleri ile mektupla\u015fmalar\u0131nda yer alan a\u00e7\u0131k bilgiler, sat\u0131r aralar\u0131nda ifade edilenler bir Osmanl\u0131 b\u00fcrokrat\u0131n\u0131n aile yap\u0131s\u0131n\u0131, \u00fcyeler aras\u0131ndaki ili\u015fkileri, gelir ve gider durumunu, bakanl\u0131k yaparak devletin \u00fcst kademesine y\u00fckselmi\u015f bir insan\u0131n ya\u015fant\u0131s\u0131n\u0131 ortaya koymaktad\u0131r.(Tan\u0131t\u0131m b\u00fclteninden)<\/p>\n","protected":false},"excerpt":{"rendered":"<p>Kendisini Osmanl\u0131\u00b4y\u0131 modernle\u015ftirmeye adam\u0131\u015f geleneksel ayd\u0131n tipinin ender \u00f6rneklerinden biri olan Ahmet Cevdet Pa\u015fa\u00b4n\u0131n aile bireyleri ile mektupla\u015fmalar\u0131nda yer alan a\u00e7\u0131k bilgiler, sat\u0131r aralar\u0131nda ifade edilenler<span class=\"excerpt-hellip\"> [\u2026]<\/span><\/p>\n","protected":false},"featured_media":0,"template":"","meta":{"_monsterinsights_skip_tracking":false,"_monsterinsights_sitenote_active":false,"_monsterinsights_sitenote_note":"","_monsterinsights_sitenote_category":0},"product_brand":[],"product_cat":[13701,12291],"product_tag":[],"class_list":{"0":"post-783947","1":"product","2":"type-product","3":"status-publish","5":"product_cat-ani-mektup-gunluk","6":"product_cat-edebiyat","7":"pa_cilt-ciltsiz","8":"pa_tur-kitap","9":"pa_yayinevi-gokkubbe-yayinlari","10":"pa_yazar-ahmet-cihan","12":"first","13":"instock","14":"sale","15":"shipping-taxable","16":"purchasable","17":"product-type-simple"},"_links":{"self":[{"href":"https:\/\/roveyayinevi.com.tr\/index.php\/wp-json\/wp\/v2\/product\/783947","targetHints":{"allow":["GET"]}}],"collection":[{"href":"https:\/\/roveyayinevi.com.tr\/index.php\/wp-json\/wp\/v2\/product"}],"about":[{"href":"https:\/\/roveyayinevi.com.tr\/index.php\/wp-json\/wp\/v2\/types\/product"}],"wp:attachment":[{"href":"https:\/\/roveyayinevi.com.tr\/index.php\/wp-json\/wp\/v2\/media?parent=783947"}],"wp:term":[{"taxonomy":"product_brand","embeddable":true,"href":"https:\/\/roveyayinevi.com.tr\/index.php\/wp-json\/wp\/v2\/product_brand?post=783947"},{"taxonomy":"product_cat","embeddable":true,"href":"https:\/\/roveyayinevi.com.tr\/index.php\/wp-json\/wp\/v2\/product_cat?post=783947"},{"taxonomy":"product_tag","embeddable":true,"href":"https:\/\/roveyayinevi.com.tr\/index.php\/wp-json\/wp\/v2\/product_tag?post=783947"}],"curies":[{"name":"wp","href":"https:\/\/api.w.org\/{rel}","templated":true}]}}