{"id":783943,"date":"2026-02-26T23:48:07","date_gmt":"2026-02-26T20:48:07","guid":{"rendered":"https:\/\/roveyayinevi.com.tr\/index.php\/urun\/peygamberlik-oncesi-hz-muhammed\/"},"modified":"2026-04-15T03:46:50","modified_gmt":"2026-04-15T00:46:50","slug":"peygamberlik-oncesi-hz-muhammed","status":"publish","type":"product","link":"https:\/\/roveyayinevi.com.tr\/index.php\/urun\/peygamberlik-oncesi-hz-muhammed\/","title":{"rendered":"Peygamberlik \u00d6ncesi Hz. Muhammed"},"content":{"rendered":"<p>Muhammedin (a.s.) peygamberli\u011fi vebiyografisi hakk\u0131nda say\u0131s\u0131z denilebilecekkadar eser bulunabilir; ancak,\u00f6zellikle \u00fclkemizde yap\u0131lan siyerle ilgili\u00e7al\u0131\u015fmalar veya yaz\u0131lan kitaplara bak\u0131l\u0131nca,onun risalet \u00f6ncesi hayat\u0131 m\u00fcstakilolarak fazla ele al\u0131nmam\u0131\u015ft\u0131r. Mevcutbirka\u00e7 \u00e7al\u0131\u015fma ise bize g\u00f6re risalet \u00f6ncesiyleilgili eksikli\u011fi giderecek derinliktede\u011fildir. Bunun yan\u0131 s\u0131ra gerek risalet\u00f6ncesi gerekse risalet sonras\u0131na ait kitaplardabizce ciddi eksiklikler veya yanl\u0131\u015flarbulunmaktad\u0131r. Bu eksikliklerinba\u015f\u0131nda vahyin s\u0131n\u0131rlar\u0131n\u0131 \u00e7izdi\u011fi \u00e7er\u00e7evedebir siyer yaz\u0131m\u0131n\u0131n hen\u00fcz yap\u0131lmamas\u0131d\u0131r.Kanaatimize g\u00f6re b\u00f6yle bir eseri\u00e7in ciltler gerekli. \u015eimdilik in\u015faallahdemek kayd\u0131yla, biz sadece bu kitaptarisalet \u00f6ncesini ele alaca\u011f\u0131z.<\/p>\n","protected":false},"excerpt":{"rendered":"<p>Muhammedin (a.s.) peygamberli\u011fi vebiyografisi hakk\u0131nda say\u0131s\u0131z denilebilecekkadar eser bulunabilir; ancak,\u00f6zellikle \u00fclkemizde yap\u0131lan siyerle ilgili\u00e7al\u0131\u015fmalar veya yaz\u0131lan kitaplara bak\u0131l\u0131nca,onun risalet \u00f6ncesi hayat\u0131 m\u00fcstakilolarak fazla ele al\u0131nmam\u0131\u015ft\u0131r. Mevcutbirka\u00e7<span class=\"excerpt-hellip\"> [\u2026]<\/span><\/p>\n","protected":false},"featured_media":0,"template":"","meta":{"_monsterinsights_skip_tracking":false,"_monsterinsights_sitenote_active":false,"_monsterinsights_sitenote_note":"","_monsterinsights_sitenote_category":0},"product_brand":[],"product_cat":[12718,12719],"product_tag":[],"class_list":{"0":"post-783943","1":"product","2":"type-product","3":"status-publish","5":"product_cat-din","6":"product_cat-islam","7":"pa_cilt-ciltsiz","8":"pa_tur-kitap","9":"pa_yayinevi-ankara-okulu-yayinlari","10":"pa_yazar-israfil-balci","12":"first","13":"instock","14":"sale","15":"shipping-taxable","16":"purchasable","17":"product-type-simple"},"_links":{"self":[{"href":"https:\/\/roveyayinevi.com.tr\/index.php\/wp-json\/wp\/v2\/product\/783943","targetHints":{"allow":["GET"]}}],"collection":[{"href":"https:\/\/roveyayinevi.com.tr\/index.php\/wp-json\/wp\/v2\/product"}],"about":[{"href":"https:\/\/roveyayinevi.com.tr\/index.php\/wp-json\/wp\/v2\/types\/product"}],"wp:attachment":[{"href":"https:\/\/roveyayinevi.com.tr\/index.php\/wp-json\/wp\/v2\/media?parent=783943"}],"wp:term":[{"taxonomy":"product_brand","embeddable":true,"href":"https:\/\/roveyayinevi.com.tr\/index.php\/wp-json\/wp\/v2\/product_brand?post=783943"},{"taxonomy":"product_cat","embeddable":true,"href":"https:\/\/roveyayinevi.com.tr\/index.php\/wp-json\/wp\/v2\/product_cat?post=783943"},{"taxonomy":"product_tag","embeddable":true,"href":"https:\/\/roveyayinevi.com.tr\/index.php\/wp-json\/wp\/v2\/product_tag?post=783943"}],"curies":[{"name":"wp","href":"https:\/\/api.w.org\/{rel}","templated":true}]}}