{"id":783941,"date":"2026-02-26T23:48:01","date_gmt":"2026-02-26T20:48:01","guid":{"rendered":"https:\/\/roveyayinevi.com.tr\/index.php\/urun\/dort-halifeyi-farkli-okumak-3-hz-osman\/"},"modified":"2026-04-15T03:46:50","modified_gmt":"2026-04-15T00:46:50","slug":"dort-halifeyi-farkli-okumak-3-hz-osman","status":"publish","type":"product","link":"https:\/\/roveyayinevi.com.tr\/index.php\/urun\/dort-halifeyi-farkli-okumak-3-hz-osman\/","title":{"rendered":"D\u00f6rt Halife&#8217;yi Farkl\u0131 Okumak 3 &#8211; Hz. Osman"},"content":{"rendered":"<p>Y\u00fcce kitab\u0131m\u0131z, bize peygamberlerimizin yanl\u0131\u015fl\u0131klar\u0131 hakk\u0131nda bilgiler veriyor (Taha, 121. ve Hud 46). Ama ayn\u0131 zamanda bu peygamberlerin hayat\u0131n\u0131 aktararak ibret almam\u0131z\u0131 da sal\u0131k veriyor. Hatta zaman zaman peygamberlerin baz\u0131 tav\u0131rlar\u0131n\u0131 \u00f6rnek almamam\u0131z\u0131 s\u00f6yl\u00fcyor (&#8220;Sen bal\u0131k sahibi (Yunus) gibi olma!&#8221; Kalem, 48). Bu metodu bize \u00f6\u011freten Kur&#8217;an&#8217;d\u0131r. Yani peygamberlerimizi bu \u00f6zellikleriyle tan\u0131mam\u0131z, onlar\u0131n hayatlar\u0131n\u0131 bu \u015fekilde bilmemiz ve ibretler \u00e7\u0131karmam\u0131z gerekiyor.Sahabenin hayat\u0131n\u0131 \u00f6\u011frenirken onlar\u0131n yapt\u0131klar\u0131 yanl\u0131\u015flardan ibret almay\u0131 &#8220;onlar\u0131 itibars\u0131zla\u015ft\u0131rmak olarak g\u00f6rmek&#8221;, Kur&#8217;an ve s\u00fcnnetin bize \u00f6\u011fretti\u011fi anlay\u0131\u015fa ters oldu\u011fundan, bu \u00e7al\u0131\u015fmam\u0131zda da Kur&#8217;an&#8217;\u0131n bize verdi\u011fi \u00f6l\u00e7\u00fcler \u00e7er\u00e7evesinde; Hz. Peygamber&#8217;in ashab\u0131n\u0131n ger\u00e7ek hayatlar\u0131n\u0131 \u00f6\u011frenmek ve ibret almak \u00fczere bir okuma yapaca\u011f\u0131z. Uydurma rivayetler \u00e7er\u00e7evesinde geli\u015ftirilen \u00f6vg\u00fcc\u00fc anlay\u0131\u015fa prim vermezken tam tersine d\u00fc\u015fmanl\u0131k temelli anlat\u0131mlardan da her zaman yapt\u0131\u011f\u0131m\u0131z gibi uzak duraca\u011f\u0131z. Bu anlat\u0131mlar\u0131n bir neticesi olarak ortaya \u00e7\u0131kan ve miskince veya ho\u015fnutsuzlukla okunan, hi\u00e7bir anlam da ifade etmeyen sonu\u00e7lara itibar etmeyece\u011fiz. Onlar\u0131n hayat\u0131n\u0131 okumaya, anlamaya ve ibret almaya devam edece\u011fiz.<\/p>\n","protected":false},"excerpt":{"rendered":"<p>Y\u00fcce kitab\u0131m\u0131z, bize peygamberlerimizin yanl\u0131\u015fl\u0131klar\u0131 hakk\u0131nda bilgiler veriyor (Taha, 121. ve Hud 46). Ama ayn\u0131 zamanda bu peygamberlerin hayat\u0131n\u0131 aktararak ibret almam\u0131z\u0131 da sal\u0131k veriyor. Hatta<span class=\"excerpt-hellip\"> [\u2026]<\/span><\/p>\n","protected":false},"featured_media":0,"template":"","meta":{"_monsterinsights_skip_tracking":false,"_monsterinsights_sitenote_active":false,"_monsterinsights_sitenote_note":"","_monsterinsights_sitenote_category":0},"product_brand":[],"product_cat":[12718,12719,18109],"product_tag":[],"class_list":{"0":"post-783941","1":"product","2":"type-product","3":"status-publish","5":"product_cat-din","6":"product_cat-islam","7":"product_cat-islam-tarihi","8":"pa_cilt-ciltsiz","9":"pa_tur-kitap","10":"pa_yayinevi-ankara-okulu-yayinlari","11":"pa_yazar-mehmet-azimli","13":"first","14":"instock","15":"sale","16":"shipping-taxable","17":"purchasable","18":"product-type-simple"},"_links":{"self":[{"href":"https:\/\/roveyayinevi.com.tr\/index.php\/wp-json\/wp\/v2\/product\/783941","targetHints":{"allow":["GET"]}}],"collection":[{"href":"https:\/\/roveyayinevi.com.tr\/index.php\/wp-json\/wp\/v2\/product"}],"about":[{"href":"https:\/\/roveyayinevi.com.tr\/index.php\/wp-json\/wp\/v2\/types\/product"}],"wp:attachment":[{"href":"https:\/\/roveyayinevi.com.tr\/index.php\/wp-json\/wp\/v2\/media?parent=783941"}],"wp:term":[{"taxonomy":"product_brand","embeddable":true,"href":"https:\/\/roveyayinevi.com.tr\/index.php\/wp-json\/wp\/v2\/product_brand?post=783941"},{"taxonomy":"product_cat","embeddable":true,"href":"https:\/\/roveyayinevi.com.tr\/index.php\/wp-json\/wp\/v2\/product_cat?post=783941"},{"taxonomy":"product_tag","embeddable":true,"href":"https:\/\/roveyayinevi.com.tr\/index.php\/wp-json\/wp\/v2\/product_tag?post=783941"}],"curies":[{"name":"wp","href":"https:\/\/api.w.org\/{rel}","templated":true}]}}