{"id":783940,"date":"2026-02-26T23:47:58","date_gmt":"2026-02-26T20:47:58","guid":{"rendered":"https:\/\/roveyayinevi.com.tr\/index.php\/urun\/dort-halifeyi-farkli-okumak-2-hz-omer\/"},"modified":"2026-04-15T03:46:50","modified_gmt":"2026-04-15T00:46:50","slug":"dort-halifeyi-farkli-okumak-2-hz-omer","status":"publish","type":"product","link":"https:\/\/roveyayinevi.com.tr\/index.php\/urun\/dort-halifeyi-farkli-okumak-2-hz-omer\/","title":{"rendered":"D\u00f6rt Halife&#8217;yi Farkl\u0131 Okumak 2 &#8211; Hz. \u00d6mer"},"content":{"rendered":"<p>&#8230;&#8221;\u0130\u015fte \u00d6mer budur!&#8221; dedirten bir s\u00f6ylemdir bu. \u00c7a\u011f\u0131m\u0131zda hen\u00fcz ula\u015famad\u0131\u011f\u0131m\u0131z bir feraset \u00f6rne\u011fi. Depremin hala Allah&#8217;\u0131n g\u00f6nderdi\u011fi bir azap olarak alg\u0131layan zihniyete ta o d\u00f6nemde en g\u00fczel cevab\u0131 Hz. \u00d6mer vermi\u015ftir. Fay hatt\u0131n\u0131n \u00fczerine binalar kurup daha sonra da Allah&#8217;\u0131n takdirinde raz\u0131 olunmas\u0131 gerekti\u011fini s\u00f6ylemek kadar \u0130slami anlay\u0131\u015fa z\u0131t bir \u015fey olamaz&#8230;.<\/p>\n","protected":false},"excerpt":{"rendered":"<p>&#8230;&#8221;\u0130\u015fte \u00d6mer budur!&#8221; dedirten bir s\u00f6ylemdir bu. \u00c7a\u011f\u0131m\u0131zda hen\u00fcz ula\u015famad\u0131\u011f\u0131m\u0131z bir feraset \u00f6rne\u011fi. Depremin hala Allah&#8217;\u0131n g\u00f6nderdi\u011fi bir azap olarak alg\u0131layan zihniyete ta o d\u00f6nemde en<span class=\"excerpt-hellip\"> [\u2026]<\/span><\/p>\n","protected":false},"featured_media":0,"template":"","meta":{"_monsterinsights_skip_tracking":false,"_monsterinsights_sitenote_active":false,"_monsterinsights_sitenote_note":"","_monsterinsights_sitenote_category":0},"product_brand":[],"product_cat":[12718,12719,18109],"product_tag":[],"class_list":{"0":"post-783940","1":"product","2":"type-product","3":"status-publish","5":"product_cat-din","6":"product_cat-islam","7":"product_cat-islam-tarihi","8":"pa_cilt-ciltsiz","9":"pa_tur-kitap","10":"pa_yayinevi-ankara-okulu-yayinlari","11":"pa_yazar-mehmet-azimli","13":"first","14":"instock","15":"sale","16":"shipping-taxable","17":"purchasable","18":"product-type-simple"},"_links":{"self":[{"href":"https:\/\/roveyayinevi.com.tr\/index.php\/wp-json\/wp\/v2\/product\/783940","targetHints":{"allow":["GET"]}}],"collection":[{"href":"https:\/\/roveyayinevi.com.tr\/index.php\/wp-json\/wp\/v2\/product"}],"about":[{"href":"https:\/\/roveyayinevi.com.tr\/index.php\/wp-json\/wp\/v2\/types\/product"}],"wp:attachment":[{"href":"https:\/\/roveyayinevi.com.tr\/index.php\/wp-json\/wp\/v2\/media?parent=783940"}],"wp:term":[{"taxonomy":"product_brand","embeddable":true,"href":"https:\/\/roveyayinevi.com.tr\/index.php\/wp-json\/wp\/v2\/product_brand?post=783940"},{"taxonomy":"product_cat","embeddable":true,"href":"https:\/\/roveyayinevi.com.tr\/index.php\/wp-json\/wp\/v2\/product_cat?post=783940"},{"taxonomy":"product_tag","embeddable":true,"href":"https:\/\/roveyayinevi.com.tr\/index.php\/wp-json\/wp\/v2\/product_tag?post=783940"}],"curies":[{"name":"wp","href":"https:\/\/api.w.org\/{rel}","templated":true}]}}