{"id":783939,"date":"2026-02-26T23:47:56","date_gmt":"2026-02-26T20:47:56","guid":{"rendered":"https:\/\/roveyayinevi.com.tr\/index.php\/urun\/isra-ve-mirac-gercegi\/"},"modified":"2026-04-15T03:46:50","modified_gmt":"2026-04-15T00:46:50","slug":"isra-ve-mirac-gercegi","status":"publish","type":"product","link":"https:\/\/roveyayinevi.com.tr\/index.php\/urun\/isra-ve-mirac-gercegi\/","title":{"rendered":"\u0130sr\u00e2 ve Mi&#8217;r\u00e2c Ger\u00e7e\u011fi"},"content":{"rendered":"<p>\u0130sra ve mi&#8217;rac konular\u0131n\u0131 Kur&#8217;an-\u0131 Kerim&#8217;in mutlak ba\u011flay\u0131c\u0131l\u0131\u011f\u0131 ve b\u00fcy\u00fck oranda en erken d\u00f6neme ait rivayetlerin verileri \u00e7er\u00e7evesinde ele alan bu kitap, \u015fimdiye kadar bu konular hakk\u0131nda yaz\u0131lm\u0131\u015f olan klasik\/modern, telif veya terc\u00fcme eserlerin tamam\u0131nda bir\u00e7ok noktada farkl\u0131 s\u00f6ylem ve iddiayla okunucunun kar\u015f\u0131s\u0131na \u00e7\u0131kmaktad\u0131r.Eser, mir&#8217;ac olay\u0131n\u0131n isra hadisesinden sonra de\u011fil, daha \u00f6nceki d\u00f6neme ait bir anlat\u0131 oldu\u011funu ortaya koymaktad\u0131r.<\/p>\n","protected":false},"excerpt":{"rendered":"<p>\u0130sra ve mi&#8217;rac konular\u0131n\u0131 Kur&#8217;an-\u0131 Kerim&#8217;in mutlak ba\u011flay\u0131c\u0131l\u0131\u011f\u0131 ve b\u00fcy\u00fck oranda en erken d\u00f6neme ait rivayetlerin verileri \u00e7er\u00e7evesinde ele alan bu kitap, \u015fimdiye kadar bu konular<span class=\"excerpt-hellip\"> [\u2026]<\/span><\/p>\n","protected":false},"featured_media":0,"template":"","meta":{"_monsterinsights_skip_tracking":false,"_monsterinsights_sitenote_active":false,"_monsterinsights_sitenote_note":"","_monsterinsights_sitenote_category":0},"product_brand":[],"product_cat":[12718,12719,17284],"product_tag":[],"class_list":{"0":"post-783939","1":"product","2":"type-product","3":"status-publish","5":"product_cat-din","6":"product_cat-islam","7":"product_cat-kuran-ve-kuran-uzerine","8":"pa_cilt-ciltsiz","9":"pa_tur-kitap","10":"pa_yayinevi-ankara-okulu-yayinlari","11":"pa_yazar-israfil-balci","13":"first","14":"instock","15":"sale","16":"shipping-taxable","17":"purchasable","18":"product-type-simple"},"_links":{"self":[{"href":"https:\/\/roveyayinevi.com.tr\/index.php\/wp-json\/wp\/v2\/product\/783939","targetHints":{"allow":["GET"]}}],"collection":[{"href":"https:\/\/roveyayinevi.com.tr\/index.php\/wp-json\/wp\/v2\/product"}],"about":[{"href":"https:\/\/roveyayinevi.com.tr\/index.php\/wp-json\/wp\/v2\/types\/product"}],"wp:attachment":[{"href":"https:\/\/roveyayinevi.com.tr\/index.php\/wp-json\/wp\/v2\/media?parent=783939"}],"wp:term":[{"taxonomy":"product_brand","embeddable":true,"href":"https:\/\/roveyayinevi.com.tr\/index.php\/wp-json\/wp\/v2\/product_brand?post=783939"},{"taxonomy":"product_cat","embeddable":true,"href":"https:\/\/roveyayinevi.com.tr\/index.php\/wp-json\/wp\/v2\/product_cat?post=783939"},{"taxonomy":"product_tag","embeddable":true,"href":"https:\/\/roveyayinevi.com.tr\/index.php\/wp-json\/wp\/v2\/product_tag?post=783939"}],"curies":[{"name":"wp","href":"https:\/\/api.w.org\/{rel}","templated":true}]}}