{"id":783938,"date":"2026-02-26T23:47:53","date_gmt":"2026-02-26T20:47:53","guid":{"rendered":"https:\/\/roveyayinevi.com.tr\/index.php\/urun\/cahiliyeden-islamiyete-kadin\/"},"modified":"2026-04-15T03:46:50","modified_gmt":"2026-04-15T00:46:50","slug":"cahiliyeden-islamiyete-kadin","status":"publish","type":"product","link":"https:\/\/roveyayinevi.com.tr\/index.php\/urun\/cahiliyeden-islamiyete-kadin\/","title":{"rendered":"Cahiliyeden \u0130slamiyet&#8217;e Kad\u0131n"},"content":{"rendered":"<p>Tarihsel tecr\u00fcbede neler olup bitti\u011fi meselesi bir tarafa, klasik tefsir kaynaklar\u0131nda resmedilen kad\u0131n imgesine modern \u00e7a\u011f\u0131n zihniyet kal\u0131plar\u0131 i\u00e7erisinde makul ve makbul bir yer bulmak pek m\u00fcmk\u00fcn g\u00f6r\u00fcnmemektedir. Bu sebeple ya tefsir kaynaklar\u0131ndaki muhtevay\u0131 kendi tarihlerinde okuyup anlamaya \u00e7al\u0131\u015fmak ya da apolojiye s\u0131\u011f\u0131nmak gerekmektedir. Bir \u00fc\u00e7\u00fcnc\u00fc se\u00e7enek ise klasik tefsirlerdeki izahat\u0131 \u00fcreten zihniyeti benimsemektir. Ne var ki b\u00f6yle bir yakla\u015f\u0131m, gelene\u011fi bir bak\u0131ma tarih-\u00fcst\u00fcle\u015ftirmek, hatta feti\u015fle\u015ftirmektir. Bize g\u00f6re ilk se\u00e7enek daha isabetlidir.<\/p>\n","protected":false},"excerpt":{"rendered":"<p>Tarihsel tecr\u00fcbede neler olup bitti\u011fi meselesi bir tarafa, klasik tefsir kaynaklar\u0131nda resmedilen kad\u0131n imgesine modern \u00e7a\u011f\u0131n zihniyet kal\u0131plar\u0131 i\u00e7erisinde makul ve makbul bir yer bulmak pek<span class=\"excerpt-hellip\"> [\u2026]<\/span><\/p>\n","protected":false},"featured_media":0,"template":"","meta":{"_monsterinsights_skip_tracking":false,"_monsterinsights_sitenote_active":false,"_monsterinsights_sitenote_note":"","_monsterinsights_sitenote_category":0},"product_brand":[],"product_cat":[16789,12718,12719],"product_tag":[],"class_list":{"0":"post-783938","1":"product","2":"type-product","3":"status-publish","5":"product_cat-diger-islam","6":"product_cat-din","7":"product_cat-islam","8":"pa_cilt-ciltsiz","9":"pa_tur-kitap","10":"pa_yayinevi-ankara-okulu-yayinlari","11":"pa_yazar-mustafa-ozturk","13":"first","14":"instock","15":"sale","16":"shipping-taxable","17":"purchasable","18":"product-type-simple"},"_links":{"self":[{"href":"https:\/\/roveyayinevi.com.tr\/index.php\/wp-json\/wp\/v2\/product\/783938","targetHints":{"allow":["GET"]}}],"collection":[{"href":"https:\/\/roveyayinevi.com.tr\/index.php\/wp-json\/wp\/v2\/product"}],"about":[{"href":"https:\/\/roveyayinevi.com.tr\/index.php\/wp-json\/wp\/v2\/types\/product"}],"wp:attachment":[{"href":"https:\/\/roveyayinevi.com.tr\/index.php\/wp-json\/wp\/v2\/media?parent=783938"}],"wp:term":[{"taxonomy":"product_brand","embeddable":true,"href":"https:\/\/roveyayinevi.com.tr\/index.php\/wp-json\/wp\/v2\/product_brand?post=783938"},{"taxonomy":"product_cat","embeddable":true,"href":"https:\/\/roveyayinevi.com.tr\/index.php\/wp-json\/wp\/v2\/product_cat?post=783938"},{"taxonomy":"product_tag","embeddable":true,"href":"https:\/\/roveyayinevi.com.tr\/index.php\/wp-json\/wp\/v2\/product_tag?post=783938"}],"curies":[{"name":"wp","href":"https:\/\/api.w.org\/{rel}","templated":true}]}}