{"id":783937,"date":"2026-02-26T23:47:49","date_gmt":"2026-02-26T20:47:49","guid":{"rendered":"https:\/\/roveyayinevi.com.tr\/index.php\/urun\/dort-halifeyi-farkli-okumak-1-hz-ebu-bekir\/"},"modified":"2026-04-15T03:46:50","modified_gmt":"2026-04-15T00:46:50","slug":"dort-halifeyi-farkli-okumak-1-hz-ebu-bekir","status":"publish","type":"product","link":"https:\/\/roveyayinevi.com.tr\/index.php\/urun\/dort-halifeyi-farkli-okumak-1-hz-ebu-bekir\/","title":{"rendered":"D\u00f6rt Halifeyi Farkl\u0131 Okumak 1 &#8211; Hz. Ebu Bekir"},"content":{"rendered":"<p>Sahabeyi anlama konusunda en b\u00fcy\u00fck problem; sahabenin hepsinin adil oldu\u011fu, her \u015feyleriyle \u00f6rnek olduklar\u0131, onlara hatal\u0131 denilmeyece\u011fi, bu \u015fekildeki bir ifadenin z\u0131nd\u0131kl\u0131k oldu\u011fu, ayr\u0131ca onlar\u0131 tenkit etmenin Kur&#8217;an&#8217;\u0131 yalanlama ve reddetmek olaca\u011f\u0131, onlar\u0131n yanl\u0131\u015flar\u0131n\u0131n i\u00e7tihat hatas\u0131 olaca\u011f\u0131 i\u00e7in yine de sevap kazanacaklar\u0131n\u0131n iddia edilmesidir. Dolay\u0131s\u0131yla, di\u011fer insanlar su\u00e7 i\u015fleyerek g\u00fcnah kazan\u0131rken, sahabe g\u00fcnah i\u015flediklerinde bile sevap kazanm\u0131\u015f olmaktad\u0131rlar (!) Bu mant\u0131\u011f\u0131n gelip dayanaca\u011f\u0131 nokta maalesef buras\u0131d\u0131r.<\/p>\n","protected":false},"excerpt":{"rendered":"<p>Sahabeyi anlama konusunda en b\u00fcy\u00fck problem; sahabenin hepsinin adil oldu\u011fu, her \u015feyleriyle \u00f6rnek olduklar\u0131, onlara hatal\u0131 denilmeyece\u011fi, bu \u015fekildeki bir ifadenin z\u0131nd\u0131kl\u0131k oldu\u011fu, ayr\u0131ca onlar\u0131 tenkit<span class=\"excerpt-hellip\"> [\u2026]<\/span><\/p>\n","protected":false},"featured_media":0,"template":"","meta":{"_monsterinsights_skip_tracking":false,"_monsterinsights_sitenote_active":false,"_monsterinsights_sitenote_note":"","_monsterinsights_sitenote_category":0},"product_brand":[],"product_cat":[12718,12719],"product_tag":[],"class_list":{"0":"post-783937","1":"product","2":"type-product","3":"status-publish","5":"product_cat-din","6":"product_cat-islam","7":"pa_cilt-ciltsiz","8":"pa_tur-kitap","9":"pa_yayinevi-ankara-okulu-yayinlari","10":"pa_yazar-mehmet-azimli","12":"first","13":"instock","14":"sale","15":"shipping-taxable","16":"purchasable","17":"product-type-simple"},"_links":{"self":[{"href":"https:\/\/roveyayinevi.com.tr\/index.php\/wp-json\/wp\/v2\/product\/783937","targetHints":{"allow":["GET"]}}],"collection":[{"href":"https:\/\/roveyayinevi.com.tr\/index.php\/wp-json\/wp\/v2\/product"}],"about":[{"href":"https:\/\/roveyayinevi.com.tr\/index.php\/wp-json\/wp\/v2\/types\/product"}],"wp:attachment":[{"href":"https:\/\/roveyayinevi.com.tr\/index.php\/wp-json\/wp\/v2\/media?parent=783937"}],"wp:term":[{"taxonomy":"product_brand","embeddable":true,"href":"https:\/\/roveyayinevi.com.tr\/index.php\/wp-json\/wp\/v2\/product_brand?post=783937"},{"taxonomy":"product_cat","embeddable":true,"href":"https:\/\/roveyayinevi.com.tr\/index.php\/wp-json\/wp\/v2\/product_cat?post=783937"},{"taxonomy":"product_tag","embeddable":true,"href":"https:\/\/roveyayinevi.com.tr\/index.php\/wp-json\/wp\/v2\/product_tag?post=783937"}],"curies":[{"name":"wp","href":"https:\/\/api.w.org\/{rel}","templated":true}]}}