{"id":783936,"date":"2026-02-26T23:47:46","date_gmt":"2026-02-26T20:47:46","guid":{"rendered":"https:\/\/roveyayinevi.com.tr\/index.php\/urun\/kissalarin-dili\/"},"modified":"2026-04-15T03:46:50","modified_gmt":"2026-04-15T00:46:50","slug":"kissalarin-dili","status":"publish","type":"product","link":"https:\/\/roveyayinevi.com.tr\/index.php\/urun\/kissalarin-dili\/","title":{"rendered":"K\u0131ssalar\u0131n Dili"},"content":{"rendered":"<p>Bilindi\u011fi gibi yak\u0131n ge\u00e7mi\u015fte Kur&#8217;an k\u0131ssalar\u0131n\u0131n dili ve tarihsel de\u011feri gibi konularla ilgili bir\u00e7ok \u015fey yaz\u0131l\u0131p \u00e7izildi. Ne var ki konuyla ilgili literat\u00fcr bu sat\u0131rlar\u0131n yazar\u0131n\u0131 pek tatmin etmedi. \u00c7\u00fcnk\u00fc hemen tamam\u0131 geleneksel bak\u0131\u015f a\u00e7\u0131s\u0131n\u0131n \u00fcr\u00fcn\u00fc olan bu \u00e7al\u0131\u015fmalardaki temel d\u00fc\u015f\u00fcnceler, Allah&#8217;\u0131n k\u0131ssa aktar\u0131m\u0131nda \u00e7ok titiz bir tarih\u00e7i gibi davrand\u0131\u011f\u0131 ve arkaik zamanlara dair anlatt\u0131\u011f\u0131 her \u015feyin tarih\u00ee ger\u00e7eklikle ayn\u0131 mahiyette oldu\u011fu gibi bir \u00f6n kabule dayand\u0131r\u0131lm\u0131\u015ft\u0131. H\u00e2lbuki k\u0131ssalar her \u015feyden \u00f6nce insan i\u00e7indi ve ger\u00e7ekte insan\u0131 Allah&#8217;\u0131n ho\u015fnut oldu\u011fu bir insana d\u00f6n\u00fc\u015ft\u00fcrmek gibi \u00e7ok esasl\u0131 bir maksada matuf idi. Daha a\u00e7\u0131k\u00e7as\u0131, k\u0131ssalar iman ve g\u00fczel ahlakla donanm\u0131\u015f insanlar\u0131n te\u015fekk\u00fcl\u00fcne katk\u0131 sa\u011flayan bir ara\u00e7 mesabesinde olup \u00e7ok b\u00fcy\u00fck bir k\u0131sm\u0131 il\u00e2h\u00ee hitaba bizzat muhatap olan toplumun k\u00fclt\u00fcr d\u00fcnyas\u0131na aitti.<\/p>\n","protected":false},"excerpt":{"rendered":"<p>Bilindi\u011fi gibi yak\u0131n ge\u00e7mi\u015fte Kur&#8217;an k\u0131ssalar\u0131n\u0131n dili ve tarihsel de\u011feri gibi konularla ilgili bir\u00e7ok \u015fey yaz\u0131l\u0131p \u00e7izildi. Ne var ki konuyla ilgili literat\u00fcr bu sat\u0131rlar\u0131n yazar\u0131n\u0131<span class=\"excerpt-hellip\"> [\u2026]<\/span><\/p>\n","protected":false},"featured_media":0,"template":"","meta":{"_monsterinsights_skip_tracking":false,"_monsterinsights_sitenote_active":false,"_monsterinsights_sitenote_note":"","_monsterinsights_sitenote_category":0},"product_brand":[],"product_cat":[12718,12719],"product_tag":[],"class_list":{"0":"post-783936","1":"product","2":"type-product","3":"status-publish","5":"product_cat-din","6":"product_cat-islam","7":"pa_cilt-ciltsiz","8":"pa_tur-kitap","9":"pa_yayinevi-ankara-okulu-yayinlari","10":"pa_yazar-mustafa-ozturk","12":"first","13":"instock","14":"sale","15":"shipping-taxable","16":"purchasable","17":"product-type-simple"},"_links":{"self":[{"href":"https:\/\/roveyayinevi.com.tr\/index.php\/wp-json\/wp\/v2\/product\/783936","targetHints":{"allow":["GET"]}}],"collection":[{"href":"https:\/\/roveyayinevi.com.tr\/index.php\/wp-json\/wp\/v2\/product"}],"about":[{"href":"https:\/\/roveyayinevi.com.tr\/index.php\/wp-json\/wp\/v2\/types\/product"}],"wp:attachment":[{"href":"https:\/\/roveyayinevi.com.tr\/index.php\/wp-json\/wp\/v2\/media?parent=783936"}],"wp:term":[{"taxonomy":"product_brand","embeddable":true,"href":"https:\/\/roveyayinevi.com.tr\/index.php\/wp-json\/wp\/v2\/product_brand?post=783936"},{"taxonomy":"product_cat","embeddable":true,"href":"https:\/\/roveyayinevi.com.tr\/index.php\/wp-json\/wp\/v2\/product_cat?post=783936"},{"taxonomy":"product_tag","embeddable":true,"href":"https:\/\/roveyayinevi.com.tr\/index.php\/wp-json\/wp\/v2\/product_tag?post=783936"}],"curies":[{"name":"wp","href":"https:\/\/api.w.org\/{rel}","templated":true}]}}