{"id":783935,"date":"2026-02-26T23:47:44","date_gmt":"2026-02-26T20:47:44","guid":{"rendered":"https:\/\/roveyayinevi.com.tr\/index.php\/urun\/kurani-kendi-tarihinde-okumak-tafsirde-anakronizme-ret-yazilari\/"},"modified":"2026-04-15T03:46:49","modified_gmt":"2026-04-15T00:46:49","slug":"kurani-kendi-tarihinde-okumak-tafsirde-anakronizme-ret-yazilari","status":"publish","type":"product","link":"https:\/\/roveyayinevi.com.tr\/index.php\/urun\/kurani-kendi-tarihinde-okumak-tafsirde-anakronizme-ret-yazilari\/","title":{"rendered":"Kur&#8217;an&#8217;\u0131 Kendi Tarihinde Okumak; Tafsirde Anakronizme Ret Yaz\u0131lar\u0131"},"content":{"rendered":"<p>Kur&#8217;an&#8217;\u0131 tarihselci bir perspektiften okumak, onu \u00f6l\u00fc bir belge olarak tarihe g\u00f6mmek de\u011fil, vahiy edildi\u011fi tarihin kendine \u00f6zg\u00fcl\u00fc\u011f\u00fc i\u00e7inde okumak demektir. Bu anlam d\u00fczeyinde tarihselcili\u011fin kar\u015f\u0131t\u0131 evrenselcilik de\u011fil, tarih\u00fcst\u00fcc\u00fcl\u00fck veya daha do\u011fru bir nitelemeyle tarih d\u0131\u015f\u0131c\u0131l\u0131kt\u0131r. Bu da tam olarak, tarihsel olay veya olgular\u0131n ger\u00e7ekte meydana geldikleri tarihsel d\u00f6nem ve o d\u00f6neme \u00f6zg\u00fc ko\u015fullar\u0131n d\u0131\u015f\u0131nda, de\u011fi\u015fik zaman dilimlerinde ger\u00e7ekle\u015fmi\u015f olay ve olgularla birlikte d\u00fc\u015f\u00fcn\u00fclmesini, bir ba\u015fka deyi\u015fle, farkl\u0131 d\u00f6nemlerde meydana gelmi\u015f olaylar\u0131n ayn\u0131 aman diliminde vuku bulmu\u015f gibi ele al\u0131n\u0131p de\u011ferlendirilmesini ifade eden anakronizme (tarihi \u0131skalamak) denk d\u00fc\u015fer.<\/p>\n","protected":false},"excerpt":{"rendered":"<p>Kur&#8217;an&#8217;\u0131 tarihselci bir perspektiften okumak, onu \u00f6l\u00fc bir belge olarak tarihe g\u00f6mmek de\u011fil, vahiy edildi\u011fi tarihin kendine \u00f6zg\u00fcl\u00fc\u011f\u00fc i\u00e7inde okumak demektir. Bu anlam d\u00fczeyinde tarihselcili\u011fin kar\u015f\u0131t\u0131<span class=\"excerpt-hellip\"> [\u2026]<\/span><\/p>\n","protected":false},"featured_media":0,"template":"","meta":{"_monsterinsights_skip_tracking":false,"_monsterinsights_sitenote_active":false,"_monsterinsights_sitenote_note":"","_monsterinsights_sitenote_category":0},"product_brand":[],"product_cat":[12718,12719,17284],"product_tag":[],"class_list":{"0":"post-783935","1":"product","2":"type-product","3":"status-publish","5":"product_cat-din","6":"product_cat-islam","7":"product_cat-kuran-ve-kuran-uzerine","8":"pa_cilt-ciltsiz","9":"pa_tur-kitap","10":"pa_yayinevi-ankara-okulu-yayinlari","11":"pa_yazar-mustafa-ozturk","13":"first","14":"instock","15":"sale","16":"shipping-taxable","17":"purchasable","18":"product-type-simple"},"_links":{"self":[{"href":"https:\/\/roveyayinevi.com.tr\/index.php\/wp-json\/wp\/v2\/product\/783935","targetHints":{"allow":["GET"]}}],"collection":[{"href":"https:\/\/roveyayinevi.com.tr\/index.php\/wp-json\/wp\/v2\/product"}],"about":[{"href":"https:\/\/roveyayinevi.com.tr\/index.php\/wp-json\/wp\/v2\/types\/product"}],"wp:attachment":[{"href":"https:\/\/roveyayinevi.com.tr\/index.php\/wp-json\/wp\/v2\/media?parent=783935"}],"wp:term":[{"taxonomy":"product_brand","embeddable":true,"href":"https:\/\/roveyayinevi.com.tr\/index.php\/wp-json\/wp\/v2\/product_brand?post=783935"},{"taxonomy":"product_cat","embeddable":true,"href":"https:\/\/roveyayinevi.com.tr\/index.php\/wp-json\/wp\/v2\/product_cat?post=783935"},{"taxonomy":"product_tag","embeddable":true,"href":"https:\/\/roveyayinevi.com.tr\/index.php\/wp-json\/wp\/v2\/product_tag?post=783935"}],"curies":[{"name":"wp","href":"https:\/\/api.w.org\/{rel}","templated":true}]}}