{"id":783934,"date":"2026-02-26T23:47:41","date_gmt":"2026-02-26T20:47:41","guid":{"rendered":"https:\/\/roveyayinevi.com.tr\/index.php\/urun\/islama-davet-esaslari\/"},"modified":"2026-04-15T03:46:49","modified_gmt":"2026-04-15T00:46:49","slug":"islama-davet-esaslari","status":"publish","type":"product","link":"https:\/\/roveyayinevi.com.tr\/index.php\/urun\/islama-davet-esaslari\/","title":{"rendered":"\u0130slam&#8217;a Davet Esaslar\u0131"},"content":{"rendered":"<p>Allah Teala, insano\u011flunu \u00e7e\u015fitli g\u00fc\u00e7 ve yeteneklerle donat\u0131lm\u0131\u015f bir \u015fekilde yaratm\u0131\u015ft\u0131r. Bizler, g\u00fcn\u00fcm\u00fczde baz\u0131 sapk\u0131n ve g\u00fcnahkarlar\u0131n g\u00fcnah i\u015flemek ve sapk\u0131nl\u0131\u011fa d\u00fc\u015fmek konusunda gece g\u00fcnd\u00fcz \u00e7al\u0131\u015ft\u0131klar\u0131n\u0131; bu u\u011furda s\u0131n\u0131rs\u0131z gayretler sarf ettiklerini okuyoruz, g\u00f6r\u00fcyoruz. Bu kimseler, bat\u0131l oldu\u011fu apa\u00e7\u0131k bilinen bu yolda uzun mesafeler katediyor, ak\u0131llara durgunluk veren bir \u015fekilde sab\u0131r g\u00f6steriyor; bu yolda mallar harc\u0131yor ve tehlikeleri g\u00f6ze al\u0131yorlar. K\u00f6t\u00fcl\u00fck yapabilenler, iyilik yapmaya da kadirdirler. Bat\u0131l bir hedef u\u011fruna her t\u00fcrl\u00fc zorluklara katlananlar, davet yolunda da zorluklara katlanabilirler.<\/p>\n","protected":false},"excerpt":{"rendered":"<p>Allah Teala, insano\u011flunu \u00e7e\u015fitli g\u00fc\u00e7 ve yeteneklerle donat\u0131lm\u0131\u015f bir \u015fekilde yaratm\u0131\u015ft\u0131r. Bizler, g\u00fcn\u00fcm\u00fczde baz\u0131 sapk\u0131n ve g\u00fcnahkarlar\u0131n g\u00fcnah i\u015flemek ve sapk\u0131nl\u0131\u011fa d\u00fc\u015fmek konusunda gece g\u00fcnd\u00fcz \u00e7al\u0131\u015ft\u0131klar\u0131n\u0131;<span class=\"excerpt-hellip\"> [\u2026]<\/span><\/p>\n","protected":false},"featured_media":0,"template":"","meta":{"_monsterinsights_skip_tracking":false,"_monsterinsights_sitenote_active":false,"_monsterinsights_sitenote_note":"","_monsterinsights_sitenote_category":0},"product_brand":[],"product_cat":[16789,12718,12719],"product_tag":[],"class_list":{"0":"post-783934","1":"product","2":"type-product","3":"status-publish","5":"product_cat-diger-islam","6":"product_cat-din","7":"product_cat-islam","8":"pa_cilt-ciltsiz","9":"pa_tur-kitap","10":"pa_yayinevi-nida-yayinlari","11":"pa_yazar-hemmam-a-rahman-said","13":"first","14":"instock","15":"sale","16":"shipping-taxable","17":"purchasable","18":"product-type-simple"},"_links":{"self":[{"href":"https:\/\/roveyayinevi.com.tr\/index.php\/wp-json\/wp\/v2\/product\/783934","targetHints":{"allow":["GET"]}}],"collection":[{"href":"https:\/\/roveyayinevi.com.tr\/index.php\/wp-json\/wp\/v2\/product"}],"about":[{"href":"https:\/\/roveyayinevi.com.tr\/index.php\/wp-json\/wp\/v2\/types\/product"}],"wp:attachment":[{"href":"https:\/\/roveyayinevi.com.tr\/index.php\/wp-json\/wp\/v2\/media?parent=783934"}],"wp:term":[{"taxonomy":"product_brand","embeddable":true,"href":"https:\/\/roveyayinevi.com.tr\/index.php\/wp-json\/wp\/v2\/product_brand?post=783934"},{"taxonomy":"product_cat","embeddable":true,"href":"https:\/\/roveyayinevi.com.tr\/index.php\/wp-json\/wp\/v2\/product_cat?post=783934"},{"taxonomy":"product_tag","embeddable":true,"href":"https:\/\/roveyayinevi.com.tr\/index.php\/wp-json\/wp\/v2\/product_tag?post=783934"}],"curies":[{"name":"wp","href":"https:\/\/api.w.org\/{rel}","templated":true}]}}