{"id":783933,"date":"2026-02-26T23:47:38","date_gmt":"2026-02-26T20:47:38","guid":{"rendered":"https:\/\/roveyayinevi.com.tr\/index.php\/urun\/mesurat-peygamberimizin-s-a-v-dilinden-dusurmedigi-dua-ve-zikirler\/"},"modified":"2026-04-15T03:46:49","modified_gmt":"2026-04-15T00:46:49","slug":"mesurat-peygamberimizin-s-a-v-dilinden-dusurmedigi-dua-ve-zikirler","status":"publish","type":"product","link":"https:\/\/roveyayinevi.com.tr\/index.php\/urun\/mesurat-peygamberimizin-s-a-v-dilinden-dusurmedigi-dua-ve-zikirler\/","title":{"rendered":"Me&#8217;s\u00fbr\u00e2t; Peygamberimiz&#8217;in (s.a.v) dilinden d\u00fc\u015f\u00fcrmedi\u011fi Dua ve Zikirler"},"content":{"rendered":"<p>Peygamberimizin (s.a.v) dilinden d\u00fc\u015f\u00fcrmedi\u011fi Dua ve Zikirler<\/p>\n","protected":false},"excerpt":{"rendered":"<p>Peygamberimizin (s.a.v) dilinden d\u00fc\u015f\u00fcrmedi\u011fi Dua ve Zikirler<\/p>\n","protected":false},"featured_media":0,"template":"","meta":{"_monsterinsights_skip_tracking":false,"_monsterinsights_sitenote_active":false,"_monsterinsights_sitenote_note":"","_monsterinsights_sitenote_category":0},"product_brand":[],"product_cat":[12718,12719],"product_tag":[],"class_list":{"0":"post-783933","1":"product","2":"type-product","3":"status-publish","5":"product_cat-din","6":"product_cat-islam","7":"pa_cilt-ciltsiz","8":"pa_tur-kitap","9":"pa_yayinevi-nida-yayinlari","10":"pa_yazar-hasan-el-benna","12":"first","13":"instock","14":"sale","15":"shipping-taxable","16":"purchasable","17":"product-type-simple"},"_links":{"self":[{"href":"https:\/\/roveyayinevi.com.tr\/index.php\/wp-json\/wp\/v2\/product\/783933","targetHints":{"allow":["GET"]}}],"collection":[{"href":"https:\/\/roveyayinevi.com.tr\/index.php\/wp-json\/wp\/v2\/product"}],"about":[{"href":"https:\/\/roveyayinevi.com.tr\/index.php\/wp-json\/wp\/v2\/types\/product"}],"wp:attachment":[{"href":"https:\/\/roveyayinevi.com.tr\/index.php\/wp-json\/wp\/v2\/media?parent=783933"}],"wp:term":[{"taxonomy":"product_brand","embeddable":true,"href":"https:\/\/roveyayinevi.com.tr\/index.php\/wp-json\/wp\/v2\/product_brand?post=783933"},{"taxonomy":"product_cat","embeddable":true,"href":"https:\/\/roveyayinevi.com.tr\/index.php\/wp-json\/wp\/v2\/product_cat?post=783933"},{"taxonomy":"product_tag","embeddable":true,"href":"https:\/\/roveyayinevi.com.tr\/index.php\/wp-json\/wp\/v2\/product_tag?post=783933"}],"curies":[{"name":"wp","href":"https:\/\/api.w.org\/{rel}","templated":true}]}}