{"id":783932,"date":"2026-02-26T23:47:36","date_gmt":"2026-02-26T20:47:36","guid":{"rendered":"https:\/\/roveyayinevi.com.tr\/index.php\/urun\/el-ihtiyar-metni-el-muhtar-lil-fetva-imam-i-azamin-ictihad-ve-gorusleri\/"},"modified":"2026-04-15T03:46:49","modified_gmt":"2026-04-15T00:46:49","slug":"el-ihtiyar-metni-el-muhtar-lil-fetva-imam-i-azamin-ictihad-ve-gorusleri","status":"publish","type":"product","link":"https:\/\/roveyayinevi.com.tr\/index.php\/urun\/el-ihtiyar-metni-el-muhtar-lil-fetva-imam-i-azamin-ictihad-ve-gorusleri\/","title":{"rendered":"El-\u0130htiyar &#8211; Metni el-Muhtar li&#8217;l- Fetva; \u0130mam-\u0131 Azam&#8217;\u0131n \u0130ctihad ve G\u00f6r\u00fc\u015fleri"},"content":{"rendered":"<p>&#8220;Hanefi mezhebinin f\u0131khi konulardaki g\u00f6r\u00fc\u015flerini bir arada toplayan el-Mavs\u0131l\u00ee, \u0130mam-\u0131 Az\u00e2m Eb\u00fb Hanife ve di\u011fer b\u00fcy\u00fck Hanefi alimlerininde g\u00f6r\u00fc\u015flerini belirterek islam hukukuna dair b\u00fct\u00fcn meseleleri pratik bir bi\u00e7imde ele ald\u0131\u011f\u0131 bu me\u015fhur eserin haz\u0131rlan\u0131\u015f bak\u0131m\u0131ndan da terc\u00fcmesinin yan\u0131nda arap\u00e7a orijinal metnini de ihtiva etmesi Hanefi f\u0131kh\u0131n\u0131 \u00f6\u011frenmek isteyenlerin yan\u0131 s\u0131ra arap\u00e7a e\u011fitim g\u00f6renlere de faydal\u0131 olacakt\u0131r.&#8221;<\/p>\n","protected":false},"excerpt":{"rendered":"<p>&#8220;Hanefi mezhebinin f\u0131khi konulardaki g\u00f6r\u00fc\u015flerini bir arada toplayan el-Mavs\u0131l\u00ee, \u0130mam-\u0131 Az\u00e2m Eb\u00fb Hanife ve di\u011fer b\u00fcy\u00fck Hanefi alimlerininde g\u00f6r\u00fc\u015flerini belirterek islam hukukuna dair b\u00fct\u00fcn meseleleri pratik<span class=\"excerpt-hellip\"> [\u2026]<\/span><\/p>\n","protected":false},"featured_media":0,"template":"","meta":{"_monsterinsights_skip_tracking":false,"_monsterinsights_sitenote_active":false,"_monsterinsights_sitenote_note":"","_monsterinsights_sitenote_category":0},"product_brand":[],"product_cat":[16789,12718,12719],"product_tag":[],"class_list":{"0":"post-783932","1":"product","2":"type-product","3":"status-publish","5":"product_cat-diger-islam","6":"product_cat-din","7":"product_cat-islam","8":"pa_cilt-ciltsiz","9":"pa_tur-kitap","10":"pa_yayinevi-samil-yayinevi","11":"pa_yazar-imam-i-azam","13":"first","14":"instock","15":"sale","16":"shipping-taxable","17":"purchasable","18":"product-type-simple"},"_links":{"self":[{"href":"https:\/\/roveyayinevi.com.tr\/index.php\/wp-json\/wp\/v2\/product\/783932","targetHints":{"allow":["GET"]}}],"collection":[{"href":"https:\/\/roveyayinevi.com.tr\/index.php\/wp-json\/wp\/v2\/product"}],"about":[{"href":"https:\/\/roveyayinevi.com.tr\/index.php\/wp-json\/wp\/v2\/types\/product"}],"wp:attachment":[{"href":"https:\/\/roveyayinevi.com.tr\/index.php\/wp-json\/wp\/v2\/media?parent=783932"}],"wp:term":[{"taxonomy":"product_brand","embeddable":true,"href":"https:\/\/roveyayinevi.com.tr\/index.php\/wp-json\/wp\/v2\/product_brand?post=783932"},{"taxonomy":"product_cat","embeddable":true,"href":"https:\/\/roveyayinevi.com.tr\/index.php\/wp-json\/wp\/v2\/product_cat?post=783932"},{"taxonomy":"product_tag","embeddable":true,"href":"https:\/\/roveyayinevi.com.tr\/index.php\/wp-json\/wp\/v2\/product_tag?post=783932"}],"curies":[{"name":"wp","href":"https:\/\/api.w.org\/{rel}","templated":true}]}}