{"id":783929,"date":"2026-02-26T23:47:26","date_gmt":"2026-02-26T20:47:26","guid":{"rendered":"https:\/\/roveyayinevi.com.tr\/index.php\/urun\/kimya-yi-saadet-ciltli\/"},"modified":"2026-04-15T03:46:49","modified_gmt":"2026-04-15T00:46:49","slug":"kimya-yi-saadet-ciltli","status":"publish","type":"product","link":"https:\/\/roveyayinevi.com.tr\/index.php\/urun\/kimya-yi-saadet-ciltli\/","title":{"rendered":"Kimya-y\u0131 Saadet (Ciltli)"},"content":{"rendered":"<p>\u0130mam-\u0131 Gazali\u00b4nin &#8220;Kimya-\u0131 Sa\u00e2det &#8221; ad\u0131yla takdimini yapt\u0131\u011f\u0131m\u0131z bu kitap, temel konular bak\u0131m\u0131ndan; itikat, ibadet, muamelat, ahlak ve tasavvufla ilgili meseleleri ihtiva eder.<\/p>\n","protected":false},"excerpt":{"rendered":"<p>\u0130mam-\u0131 Gazali\u00b4nin &#8220;Kimya-\u0131 Sa\u00e2det &#8221; ad\u0131yla takdimini yapt\u0131\u011f\u0131m\u0131z bu kitap, temel konular bak\u0131m\u0131ndan; itikat, ibadet, muamelat, ahlak ve tasavvufla ilgili meseleleri ihtiva eder.<\/p>\n","protected":false},"featured_media":0,"template":"","meta":{"_monsterinsights_skip_tracking":false,"_monsterinsights_sitenote_active":false,"_monsterinsights_sitenote_note":"","_monsterinsights_sitenote_category":0},"product_brand":[],"product_cat":[12718,12719,12720],"product_tag":[],"class_list":{"0":"post-783929","1":"product","2":"type-product","3":"status-publish","5":"product_cat-din","6":"product_cat-islam","7":"product_cat-tasavvuf-mezhepler-tarikatlar","8":"pa_cilt-ciltsiz","9":"pa_tur-kitap","10":"pa_yayinevi-celik-yayinevi","11":"pa_yazar-imam-i-gazali","13":"first","14":"instock","15":"sale","16":"shipping-taxable","17":"purchasable","18":"product-type-simple"},"_links":{"self":[{"href":"https:\/\/roveyayinevi.com.tr\/index.php\/wp-json\/wp\/v2\/product\/783929","targetHints":{"allow":["GET"]}}],"collection":[{"href":"https:\/\/roveyayinevi.com.tr\/index.php\/wp-json\/wp\/v2\/product"}],"about":[{"href":"https:\/\/roveyayinevi.com.tr\/index.php\/wp-json\/wp\/v2\/types\/product"}],"wp:attachment":[{"href":"https:\/\/roveyayinevi.com.tr\/index.php\/wp-json\/wp\/v2\/media?parent=783929"}],"wp:term":[{"taxonomy":"product_brand","embeddable":true,"href":"https:\/\/roveyayinevi.com.tr\/index.php\/wp-json\/wp\/v2\/product_brand?post=783929"},{"taxonomy":"product_cat","embeddable":true,"href":"https:\/\/roveyayinevi.com.tr\/index.php\/wp-json\/wp\/v2\/product_cat?post=783929"},{"taxonomy":"product_tag","embeddable":true,"href":"https:\/\/roveyayinevi.com.tr\/index.php\/wp-json\/wp\/v2\/product_tag?post=783929"}],"curies":[{"name":"wp","href":"https:\/\/api.w.org\/{rel}","templated":true}]}}