{"id":783928,"date":"2026-02-26T23:47:23","date_gmt":"2026-02-26T20:47:23","guid":{"rendered":"https:\/\/roveyayinevi.com.tr\/index.php\/urun\/buyuk-islam-kadinlari-ve-hanim-sahabeler\/"},"modified":"2026-04-15T03:46:49","modified_gmt":"2026-04-15T00:46:49","slug":"buyuk-islam-kadinlari-ve-hanim-sahabeler","status":"publish","type":"product","link":"https:\/\/roveyayinevi.com.tr\/index.php\/urun\/buyuk-islam-kadinlari-ve-hanim-sahabeler\/","title":{"rendered":"B\u00fcy\u00fck \u0130slam Kad\u0131nlar\u0131 ve Han\u0131m Sahabeler"},"content":{"rendered":"<p>Bu eser her sahada kendisini yeti\u015ftiren, \u0130slam&#8217;\u0131n \u0130rfan p\u0131nar\u0131ndan ilim ve katreleri yudumlayan m\u00fcbarek kad\u0131nlar\u0131n hayatlar\u0131ndan p\u0131r\u0131lt\u0131lar sunmaktad\u0131r. \u0130slam&#8217;\u0131 \u00f6z nefsinde nokta nokta ya\u015fayan, bir y\u0131ld\u0131zdan bir y\u0131ld\u0131za mahyala\u015facak de\u011ferdeki m\u00fcbarek han\u0131mlar\u0131n a\u015fk ve iman t\u00fcten hayatlar\u0131n\u0131 nefes nefese okuyacaks\u0131n\u0131z. Allah Resul\u00fc&#8217;n\u00fcn m\u00fcbarek validesinden ba\u015flay\u0131p m\u00fcsl\u00fcmanlar\u0131n anneleri say\u0131lan dirayet ve zerafet timsali, zevceleri ve kadri y\u00fcce k\u0131zlar\u0131 ile nice kad\u0131n sahabelerin nurlu hayat\u0131n\u0131 a\u015fkla heyecanla bazen de g\u00f6zya\u015flar\u0131 ile okuyacak, elinizden b\u0131rakamayacaks\u0131n\u0131z&#8230;<\/p>\n","protected":false},"excerpt":{"rendered":"<p>Bu eser her sahada kendisini yeti\u015ftiren, \u0130slam&#8217;\u0131n \u0130rfan p\u0131nar\u0131ndan ilim ve katreleri yudumlayan m\u00fcbarek kad\u0131nlar\u0131n hayatlar\u0131ndan p\u0131r\u0131lt\u0131lar sunmaktad\u0131r. \u0130slam&#8217;\u0131 \u00f6z nefsinde nokta nokta ya\u015fayan, bir y\u0131ld\u0131zdan<span class=\"excerpt-hellip\"> [\u2026]<\/span><\/p>\n","protected":false},"featured_media":0,"template":"","meta":{"_monsterinsights_skip_tracking":false,"_monsterinsights_sitenote_active":false,"_monsterinsights_sitenote_note":"","_monsterinsights_sitenote_category":0},"product_brand":[],"product_cat":[12718,12719,18109],"product_tag":[],"class_list":{"0":"post-783928","1":"product","2":"type-product","3":"status-publish","5":"product_cat-din","6":"product_cat-islam","7":"product_cat-islam-tarihi","8":"pa_cilt-ciltsiz","9":"pa_tur-kitap","10":"pa_yayinevi-celik-yayinevi","11":"pa_yazar-mehmed-emre","13":"first","14":"instock","15":"sale","16":"shipping-taxable","17":"purchasable","18":"product-type-simple"},"_links":{"self":[{"href":"https:\/\/roveyayinevi.com.tr\/index.php\/wp-json\/wp\/v2\/product\/783928","targetHints":{"allow":["GET"]}}],"collection":[{"href":"https:\/\/roveyayinevi.com.tr\/index.php\/wp-json\/wp\/v2\/product"}],"about":[{"href":"https:\/\/roveyayinevi.com.tr\/index.php\/wp-json\/wp\/v2\/types\/product"}],"wp:attachment":[{"href":"https:\/\/roveyayinevi.com.tr\/index.php\/wp-json\/wp\/v2\/media?parent=783928"}],"wp:term":[{"taxonomy":"product_brand","embeddable":true,"href":"https:\/\/roveyayinevi.com.tr\/index.php\/wp-json\/wp\/v2\/product_brand?post=783928"},{"taxonomy":"product_cat","embeddable":true,"href":"https:\/\/roveyayinevi.com.tr\/index.php\/wp-json\/wp\/v2\/product_cat?post=783928"},{"taxonomy":"product_tag","embeddable":true,"href":"https:\/\/roveyayinevi.com.tr\/index.php\/wp-json\/wp\/v2\/product_tag?post=783928"}],"curies":[{"name":"wp","href":"https:\/\/api.w.org\/{rel}","templated":true}]}}