{"id":783926,"date":"2026-02-26T23:47:17","date_gmt":"2026-02-26T20:47:17","guid":{"rendered":"https:\/\/roveyayinevi.com.tr\/index.php\/urun\/hadis-edebiyatinin-olusumu\/"},"modified":"2026-04-15T03:46:49","modified_gmt":"2026-04-15T00:46:49","slug":"hadis-edebiyatinin-olusumu","status":"publish","type":"product","link":"https:\/\/roveyayinevi.com.tr\/index.php\/urun\/hadis-edebiyatinin-olusumu\/","title":{"rendered":"Had\u00ees Edebiyat\u0131n\u0131n Olu\u015fumu"},"content":{"rendered":"<p>Tasnif d\u00f6nemi \u00f6ncesinde hadislerin yaz\u0131lmas\u0131 ve tedvininde rol oynayan temel d\u00fc\u015f\u00fcnce, hadis bilen uleman\u0131n yok olmas\u0131 ve bu \u015fekilde, ilmin de kaybolmas\u0131ndan duyulan korku olmu\u015ftur.  Daha sonraki s\u00fcre\u00e7te hadislerin tedviniyle nispeten bu korkunun ortadan kalkmas\u0131yla, hadis sahas\u0131ndaki \u00e7al\u0131\u015fmalar, hadisin savunulmas\u0131 ve f\u0131kh\u0131n kayna\u011f\u0131 olarak konumunun g\u00fc\u00e7lendirilmesi gayretine d\u00f6n\u00fc\u015fm\u00fc\u015ft\u00fcr. B\u00f6ylece, ilmi ve fikri ortam\u0131n gerektirdi\u011fi yeni geli\u015fmelerle ve ihtiya\u00e7larla, musannef hadis edebiyat\u0131 olu\u015fmaya ba\u015flam\u0131\u015ft\u0131r. &#8230;<\/p>\n","protected":false},"excerpt":{"rendered":"<p>Tasnif d\u00f6nemi \u00f6ncesinde hadislerin yaz\u0131lmas\u0131 ve tedvininde rol oynayan temel d\u00fc\u015f\u00fcnce, hadis bilen uleman\u0131n yok olmas\u0131 ve bu \u015fekilde, ilmin de kaybolmas\u0131ndan duyulan korku olmu\u015ftur. Daha<span class=\"excerpt-hellip\"> [\u2026]<\/span><\/p>\n","protected":false},"featured_media":0,"template":"","meta":{"_monsterinsights_skip_tracking":false,"_monsterinsights_sitenote_active":false,"_monsterinsights_sitenote_note":"","_monsterinsights_sitenote_category":0},"product_brand":[],"product_cat":[12718,12719,45552],"product_tag":[],"class_list":{"0":"post-783926","1":"product","2":"type-product","3":"status-publish","5":"product_cat-din","6":"product_cat-islam","7":"product_cat-meal-tefsir-hadis","8":"pa_cilt-ciltsiz","9":"pa_tur-kitap","10":"pa_yayinevi-ankara-okulu-yayinlari","11":"pa_yazar-omer-ozpinar","13":"first","14":"instock","15":"sale","16":"shipping-taxable","17":"purchasable","18":"product-type-simple"},"_links":{"self":[{"href":"https:\/\/roveyayinevi.com.tr\/index.php\/wp-json\/wp\/v2\/product\/783926","targetHints":{"allow":["GET"]}}],"collection":[{"href":"https:\/\/roveyayinevi.com.tr\/index.php\/wp-json\/wp\/v2\/product"}],"about":[{"href":"https:\/\/roveyayinevi.com.tr\/index.php\/wp-json\/wp\/v2\/types\/product"}],"wp:attachment":[{"href":"https:\/\/roveyayinevi.com.tr\/index.php\/wp-json\/wp\/v2\/media?parent=783926"}],"wp:term":[{"taxonomy":"product_brand","embeddable":true,"href":"https:\/\/roveyayinevi.com.tr\/index.php\/wp-json\/wp\/v2\/product_brand?post=783926"},{"taxonomy":"product_cat","embeddable":true,"href":"https:\/\/roveyayinevi.com.tr\/index.php\/wp-json\/wp\/v2\/product_cat?post=783926"},{"taxonomy":"product_tag","embeddable":true,"href":"https:\/\/roveyayinevi.com.tr\/index.php\/wp-json\/wp\/v2\/product_tag?post=783926"}],"curies":[{"name":"wp","href":"https:\/\/api.w.org\/{rel}","templated":true}]}}