{"id":783925,"date":"2026-02-26T23:47:14","date_gmt":"2026-02-26T20:47:14","guid":{"rendered":"https:\/\/roveyayinevi.com.tr\/index.php\/urun\/islam-2\/"},"modified":"2026-04-15T03:46:49","modified_gmt":"2026-04-15T00:46:49","slug":"islam-2","status":"publish","type":"product","link":"https:\/\/roveyayinevi.com.tr\/index.php\/urun\/islam-2\/","title":{"rendered":"\u0130slam"},"content":{"rendered":"<p>\u0130slam, &#8220;Allah\u00b4\u0131n iradesine teslim olma&#8221;d\u0131r, yani Allah\u00b4\u0131n emrine ve Ahlaki Buyru\u011fu, d\u00fcnyan\u0131n fiziki dokusunda uygulamaya azmetmedir. Bu uygulama Allah\u00b4a hizmettir; O\u00b4na ibadettir. M\u00fcsl\u00fcman, bu hizmeti yerine getirebilece\u011fine, getirmek zorunda oldu\u011funa dair inanc\u0131n\u0131 aslayitirmemi\u015ftir. O kendi kendini yoklad\u0131\u011f\u0131 \u015fu s\u0131ralarda, daha \u00f6nce asla tasavvur etmedi\u011fi bir b\u00fct\u00fcnl\u00fck i\u00e7inde bu hizmetin anlam\u0131n\u0131 idrak etmeye \u00e7al\u0131\u015fmaktad\u0131r. M\u00fcsl\u00fcman\u00b4\u0131n \u015fu anda do\u011fmakta oaln tasavvurunun derecesi, geni\u015fli\u011fi, taml\u0131\u011f\u0131 ve faaliyeti, sadece kendi gelece\u011fini de\u011fil, \u00e7evresindeki d\u00fcnyan\u0131n da b\u00fcy\u00fck bir k\u0131sm\u0131n\u0131 etkisi alt\u0131nda alacakt\u0131r.<\/p>\n","protected":false},"excerpt":{"rendered":"<p>\u0130slam, &#8220;Allah\u00b4\u0131n iradesine teslim olma&#8221;d\u0131r, yani Allah\u00b4\u0131n emrine ve Ahlaki Buyru\u011fu, d\u00fcnyan\u0131n fiziki dokusunda uygulamaya azmetmedir. Bu uygulama Allah\u00b4a hizmettir; O\u00b4na ibadettir. M\u00fcsl\u00fcman, bu hizmeti yerine<span class=\"excerpt-hellip\"> [\u2026]<\/span><\/p>\n","protected":false},"featured_media":0,"template":"","meta":{"_monsterinsights_skip_tracking":false,"_monsterinsights_sitenote_active":false,"_monsterinsights_sitenote_note":"","_monsterinsights_sitenote_category":0},"product_brand":[],"product_cat":[12718,12719,13025],"product_tag":[],"class_list":{"0":"post-783925","1":"product","2":"type-product","3":"status-publish","5":"product_cat-din","6":"product_cat-islam","7":"product_cat-islam-ve-gunumuz-islam-dusuncesi","8":"pa_cilt-ciltsiz","9":"pa_tur-kitap","10":"pa_yayinevi-ankara-okulu-yayinlari","11":"pa_yazar-fazlur-rahman","13":"first","14":"instock","15":"sale","16":"shipping-taxable","17":"purchasable","18":"product-type-simple"},"_links":{"self":[{"href":"https:\/\/roveyayinevi.com.tr\/index.php\/wp-json\/wp\/v2\/product\/783925","targetHints":{"allow":["GET"]}}],"collection":[{"href":"https:\/\/roveyayinevi.com.tr\/index.php\/wp-json\/wp\/v2\/product"}],"about":[{"href":"https:\/\/roveyayinevi.com.tr\/index.php\/wp-json\/wp\/v2\/types\/product"}],"wp:attachment":[{"href":"https:\/\/roveyayinevi.com.tr\/index.php\/wp-json\/wp\/v2\/media?parent=783925"}],"wp:term":[{"taxonomy":"product_brand","embeddable":true,"href":"https:\/\/roveyayinevi.com.tr\/index.php\/wp-json\/wp\/v2\/product_brand?post=783925"},{"taxonomy":"product_cat","embeddable":true,"href":"https:\/\/roveyayinevi.com.tr\/index.php\/wp-json\/wp\/v2\/product_cat?post=783925"},{"taxonomy":"product_tag","embeddable":true,"href":"https:\/\/roveyayinevi.com.tr\/index.php\/wp-json\/wp\/v2\/product_tag?post=783925"}],"curies":[{"name":"wp","href":"https:\/\/api.w.org\/{rel}","templated":true}]}}