{"id":783924,"date":"2026-02-26T23:47:11","date_gmt":"2026-02-26T20:47:11","guid":{"rendered":"https:\/\/roveyayinevi.com.tr\/index.php\/urun\/ana-konulariyla-kuran\/"},"modified":"2026-04-15T03:46:49","modified_gmt":"2026-04-15T00:46:49","slug":"ana-konulariyla-kuran","status":"publish","type":"product","link":"https:\/\/roveyayinevi.com.tr\/index.php\/urun\/ana-konulariyla-kuran\/","title":{"rendered":"Ana Konular\u0131yla Kur&#8217;an"},"content":{"rendered":"<p>M\u00fcsl\u00fcmanlar ve m\u00fcsl\u00fcman olmayanlar, Kur\u00b4an hakk\u0131nda bir\u00e7ok eser yazm\u0131\u015flard\u0131r. M\u00fcsl\u00fcmanlar taraf\u0131ndan yaz\u0131lan say\u0131s\u0131z tefsir, genellikle Kur\u00b4an-\u0131 ayet ayet ele al\u0131p a\u00e7\u0131klam\u0131\u015ft\u0131r. Bu \u00e7al\u0131\u015fmalar\u0131n \u00e7o\u011funun maksatl\u0131 g\u00f6r\u00fc\u015fleri yans\u0131tt\u0131\u011f\u0131 bir yana, kulland\u0131klar\u0131 us\u00fcl gere\u011fi evren ve hayat hakk\u0131nda yeterince tutarl\u0131 fikirler verememi\u015flerdir. Halbuki Kur\u00b4an\u00b4da \u015f\u00fcphesiz ki bu konular hakk\u0131nda etrafl\u0131 bilgiler vard\u0131r. Son zamanlarda gerek m\u00fcsl\u00fcman, gerekse m\u00fcsl\u00fcman olmayanlar, Kur\u00b4an ayetlerini konular\u0131na g\u00f6re d\u00fczenleyen eserler yazm\u0131\u015flard\u0131r.<\/p>\n","protected":false},"excerpt":{"rendered":"<p>M\u00fcsl\u00fcmanlar ve m\u00fcsl\u00fcman olmayanlar, Kur\u00b4an hakk\u0131nda bir\u00e7ok eser yazm\u0131\u015flard\u0131r. M\u00fcsl\u00fcmanlar taraf\u0131ndan yaz\u0131lan say\u0131s\u0131z tefsir, genellikle Kur\u00b4an-\u0131 ayet ayet ele al\u0131p a\u00e7\u0131klam\u0131\u015ft\u0131r. Bu \u00e7al\u0131\u015fmalar\u0131n \u00e7o\u011funun maksatl\u0131 g\u00f6r\u00fc\u015fleri<span class=\"excerpt-hellip\"> [\u2026]<\/span><\/p>\n","protected":false},"featured_media":0,"template":"","meta":{"_monsterinsights_skip_tracking":false,"_monsterinsights_sitenote_active":false,"_monsterinsights_sitenote_note":"","_monsterinsights_sitenote_category":0},"product_brand":[],"product_cat":[12718,12719,17284],"product_tag":[],"class_list":{"0":"post-783924","1":"product","2":"type-product","3":"status-publish","5":"product_cat-din","6":"product_cat-islam","7":"product_cat-kuran-ve-kuran-uzerine","8":"pa_cilt-ciltsiz","9":"pa_tur-kitap","10":"pa_yayinevi-ankara-okulu-yayinlari","11":"pa_yazar-fazlur-rahman","13":"first","14":"instock","15":"sale","16":"shipping-taxable","17":"purchasable","18":"product-type-simple"},"_links":{"self":[{"href":"https:\/\/roveyayinevi.com.tr\/index.php\/wp-json\/wp\/v2\/product\/783924","targetHints":{"allow":["GET"]}}],"collection":[{"href":"https:\/\/roveyayinevi.com.tr\/index.php\/wp-json\/wp\/v2\/product"}],"about":[{"href":"https:\/\/roveyayinevi.com.tr\/index.php\/wp-json\/wp\/v2\/types\/product"}],"wp:attachment":[{"href":"https:\/\/roveyayinevi.com.tr\/index.php\/wp-json\/wp\/v2\/media?parent=783924"}],"wp:term":[{"taxonomy":"product_brand","embeddable":true,"href":"https:\/\/roveyayinevi.com.tr\/index.php\/wp-json\/wp\/v2\/product_brand?post=783924"},{"taxonomy":"product_cat","embeddable":true,"href":"https:\/\/roveyayinevi.com.tr\/index.php\/wp-json\/wp\/v2\/product_cat?post=783924"},{"taxonomy":"product_tag","embeddable":true,"href":"https:\/\/roveyayinevi.com.tr\/index.php\/wp-json\/wp\/v2\/product_tag?post=783924"}],"curies":[{"name":"wp","href":"https:\/\/api.w.org\/{rel}","templated":true}]}}