{"id":783923,"date":"2026-02-26T23:47:08","date_gmt":"2026-02-26T20:47:08","guid":{"rendered":"https:\/\/roveyayinevi.com.tr\/index.php\/urun\/islam-ve-cagdaslik-fikri-bir-gelenegin-degisimi\/"},"modified":"2026-04-15T03:46:49","modified_gmt":"2026-04-15T00:46:49","slug":"islam-ve-cagdaslik-fikri-bir-gelenegin-degisimi","status":"publish","type":"product","link":"https:\/\/roveyayinevi.com.tr\/index.php\/urun\/islam-ve-cagdaslik-fikri-bir-gelenegin-degisimi\/","title":{"rendered":"\u0130slam ve \u00c7a\u011fda\u015fl\u0131k Fikri Bir Gelene\u011fin De\u011fi\u015fimi"},"content":{"rendered":"<p>Kur\u00b4an\u00b4\u0131n kendisinin Allah merkezli oldu\u011fu a\u00e7\u0131k\u00e7a g\u00f6\u00acr\u00fclmektedir. Fakat bu derin Allah bilinci yer y\u00fcz\u00fcnde ahlaka dayal\u0131 sosyopolitik bir d\u00fczen kurmakla da \u00e7ok ya k\u0131ndan ve dinamik bir \u015fekilde ilgilidir. \u00c7\u00fcnk\u00fc Kur&#8221;an\u00b4a g\u00f6 re Allah\u00b4\u0131 unutanlar netice olarak kendilerini de unuturlar (59 Ha\u015fr, 19) ve b\u00f6ylece her biri kendine ait olan ve b\u00fct\u00fcnl\u00fck arz eden \u015fahsiyetleri par\u00e7alan\u0131r. Muhammed\u00b4i, tefekk\u00fcr etmek i\u00e7in d\u00fczenli inzivaya \u00e7ekildi\u011fi Hira ma\u011faras\u0131n\u00acdan bir daha oraya geri d\u00f6nmemek \u00fczere, toplum i\u00e7ine \u00e7\u0131 karan i\u015fte bu \u015fuurlu Allah inanc\u0131d\u0131r. Bu ma\u011faradaki ya\u015fan\u00act\u0131s\u0131ndan do\u011fan, sadece \u015firk inanc\u0131n\u0131 yok etmek de\u011fil ayn\u0131 zamanda sosyo-ekonomik adaleti ger\u00e7ekle\u015ftirmek karar\u0131 ve azimli bir gayret idi. Yer y\u00fcz\u00fcnde iyilik ve adaletin temini i\u00e7in bir toplum kurmay\u0131 hedef edinmi\u015fti. Yani, benim Allah inanc\u0131n\u0131n hakim oldu\u011fu &#8220;Ahlaka Dayal\u0131 Sosyo-Politik Bir D\u00fczen\u00b4\u00b4 diye adland\u0131rd\u0131\u011f\u0131m toplum.<\/p>\n","protected":false},"excerpt":{"rendered":"<p>Kur\u00b4an\u00b4\u0131n kendisinin Allah merkezli oldu\u011fu a\u00e7\u0131k\u00e7a g\u00f6\u00acr\u00fclmektedir. Fakat bu derin Allah bilinci yer y\u00fcz\u00fcnde ahlaka dayal\u0131 sosyopolitik bir d\u00fczen kurmakla da \u00e7ok ya k\u0131ndan ve dinamik<span class=\"excerpt-hellip\"> [\u2026]<\/span><\/p>\n","protected":false},"featured_media":0,"template":"","meta":{"_monsterinsights_skip_tracking":false,"_monsterinsights_sitenote_active":false,"_monsterinsights_sitenote_note":"","_monsterinsights_sitenote_category":0},"product_brand":[],"product_cat":[12718,12719,13025],"product_tag":[],"class_list":{"0":"post-783923","1":"product","2":"type-product","3":"status-publish","5":"product_cat-din","6":"product_cat-islam","7":"product_cat-islam-ve-gunumuz-islam-dusuncesi","8":"pa_cilt-ciltsiz","9":"pa_tur-kitap","10":"pa_yayinevi-ankara-okulu-yayinlari","11":"pa_yazar-fazlur-rahman","13":"first","14":"instock","15":"sale","16":"shipping-taxable","17":"purchasable","18":"product-type-simple"},"_links":{"self":[{"href":"https:\/\/roveyayinevi.com.tr\/index.php\/wp-json\/wp\/v2\/product\/783923","targetHints":{"allow":["GET"]}}],"collection":[{"href":"https:\/\/roveyayinevi.com.tr\/index.php\/wp-json\/wp\/v2\/product"}],"about":[{"href":"https:\/\/roveyayinevi.com.tr\/index.php\/wp-json\/wp\/v2\/types\/product"}],"wp:attachment":[{"href":"https:\/\/roveyayinevi.com.tr\/index.php\/wp-json\/wp\/v2\/media?parent=783923"}],"wp:term":[{"taxonomy":"product_brand","embeddable":true,"href":"https:\/\/roveyayinevi.com.tr\/index.php\/wp-json\/wp\/v2\/product_brand?post=783923"},{"taxonomy":"product_cat","embeddable":true,"href":"https:\/\/roveyayinevi.com.tr\/index.php\/wp-json\/wp\/v2\/product_cat?post=783923"},{"taxonomy":"product_tag","embeddable":true,"href":"https:\/\/roveyayinevi.com.tr\/index.php\/wp-json\/wp\/v2\/product_tag?post=783923"}],"curies":[{"name":"wp","href":"https:\/\/api.w.org\/{rel}","templated":true}]}}