{"id":783921,"date":"2026-02-26T23:47:02","date_gmt":"2026-02-26T20:47:02","guid":{"rendered":"https:\/\/roveyayinevi.com.tr\/index.php\/urun\/tarih-boyunca-islami-metodoloji\/"},"modified":"2026-04-15T03:46:49","modified_gmt":"2026-04-15T00:46:49","slug":"tarih-boyunca-islami-metodoloji","status":"publish","type":"product","link":"https:\/\/roveyayinevi.com.tr\/index.php\/urun\/tarih-boyunca-islami-metodoloji\/","title":{"rendered":"Tarih Boyunca \u0130slami Metodoloji"},"content":{"rendered":"<p>Bu kitap; her t\u00fcrl\u00fc \u0130slami d\u00fc\u015f\u00fcnce i\u00e7in \u00e7at\u0131 sa\u011flayan d\u00f6rt temel ilkenin, yani Kur&#8217;an, S\u00fcnnet, \u0130\u00e7tihat ve \u0130cma&#8217;n\u0131n uygulamas\u0131n\u0131, ge\u00e7irmi\u015f oldu\u011fu tarihi geli\u015fimini ve bu d\u00f6rt temel ilkenin bizzat islami geli\u015fme \u00fczerindeki etkisini g\u00f6stermeyi ama\u00e7laya bir plan do\u011frultusunda kaleme al\u0131nm\u0131\u015ft\u0131r. \u0130\u015fte kitab\u0131n ba\u015fl\u0131\u011f\u0131 burdan gelmektedir. Tarih Boyunca \u0130slami Metodoloji Sorunu.<\/p>\n","protected":false},"excerpt":{"rendered":"<p>Bu kitap; her t\u00fcrl\u00fc \u0130slami d\u00fc\u015f\u00fcnce i\u00e7in \u00e7at\u0131 sa\u011flayan d\u00f6rt temel ilkenin, yani Kur&#8217;an, S\u00fcnnet, \u0130\u00e7tihat ve \u0130cma&#8217;n\u0131n uygulamas\u0131n\u0131, ge\u00e7irmi\u015f oldu\u011fu tarihi geli\u015fimini ve bu d\u00f6rt<span class=\"excerpt-hellip\"> [\u2026]<\/span><\/p>\n","protected":false},"featured_media":0,"template":"","meta":{"_monsterinsights_skip_tracking":false,"_monsterinsights_sitenote_active":false,"_monsterinsights_sitenote_note":"","_monsterinsights_sitenote_category":0},"product_brand":[],"product_cat":[12718,12719,13025],"product_tag":[],"class_list":{"0":"post-783921","1":"product","2":"type-product","3":"status-publish","5":"product_cat-din","6":"product_cat-islam","7":"product_cat-islam-ve-gunumuz-islam-dusuncesi","8":"pa_cilt-ciltsiz","9":"pa_tur-kitap","10":"pa_yayinevi-ankara-okulu-yayinlari","11":"pa_yazar-fazlur-rahman","13":"first","14":"instock","15":"sale","16":"shipping-taxable","17":"purchasable","18":"product-type-simple"},"_links":{"self":[{"href":"https:\/\/roveyayinevi.com.tr\/index.php\/wp-json\/wp\/v2\/product\/783921","targetHints":{"allow":["GET"]}}],"collection":[{"href":"https:\/\/roveyayinevi.com.tr\/index.php\/wp-json\/wp\/v2\/product"}],"about":[{"href":"https:\/\/roveyayinevi.com.tr\/index.php\/wp-json\/wp\/v2\/types\/product"}],"wp:attachment":[{"href":"https:\/\/roveyayinevi.com.tr\/index.php\/wp-json\/wp\/v2\/media?parent=783921"}],"wp:term":[{"taxonomy":"product_brand","embeddable":true,"href":"https:\/\/roveyayinevi.com.tr\/index.php\/wp-json\/wp\/v2\/product_brand?post=783921"},{"taxonomy":"product_cat","embeddable":true,"href":"https:\/\/roveyayinevi.com.tr\/index.php\/wp-json\/wp\/v2\/product_cat?post=783921"},{"taxonomy":"product_tag","embeddable":true,"href":"https:\/\/roveyayinevi.com.tr\/index.php\/wp-json\/wp\/v2\/product_tag?post=783921"}],"curies":[{"name":"wp","href":"https:\/\/api.w.org\/{rel}","templated":true}]}}